{"id":270655,"date":"2022-10-20T09:51:40","date_gmt":"2022-10-20T09:51:40","guid":{"rendered":"https:\/\/coffeelounge.delonghi.com\/?post_type=product&#038;p=270655"},"modified":"2024-03-04T07:28:39","modified_gmt":"2024-03-04T07:28:39","slug":"rostraum-haile","status":"publish","type":"product","link":"https:\/\/coffeelounge.delonghi.com\/de-at\/product\/rostraum-haile\/","title":{"rendered":"Haile"},"content":{"rendered":"<p>\u00c4thiopische Kaffees sind Klassiker. Seit Kurzem ist es aber erst m\u00f6glich, den Kaffee nachvollziehbar (\u201ctraceable\u201c) von Washing Stations und Kooperativen zu beziehen. Dadurch haben unglaublich sch\u00f6ne Hochlandkaffees von kleinen Lots auch den Weg zu uns in den R\u00f6straum gefunden \u2013 seither darf ein gewaschener, neuer klassischer \u00c4thiopier Specialty Coffee in unserem Sortiment nicht fehlen. Metu Bishari ist eine ganz spezielle, seltene Variet\u00e4t und besticht neben den klassischen Aromen aus der Region mit floralen Noten wie Kaffeebl\u00fcten oder Jasmin.<\/p>\n","protected":false},"excerpt":{"rendered":"<p>\u00c4thiopische Kaffees sind Klassiker. Seit Kurzem ist es aber erst m\u00f6glich, den Kaffee nachvollziehbar (\u201ctraceable\u201c) von Washing Stations und Kooperativen zu beziehen. Dadurch haben unglaublich sch\u00f6ne Hochlandkaffees von kleinen Lots auch den Weg zu uns in den R\u00f6straum gefunden \u2013 seither darf ein gewaschener, neuer klassischer \u00c4thiopier Specialty Coffee in unserem Sortiment nicht fehlen. Metu [&hellip;]<\/p>\n","protected":false},"featured_media":270660,"comment_status":"closed","ping_status":"closed","template":"","meta":{"_acf_changed":false},"product_cat":[653,658],"product_tag":[],"class_list":{"0":"post-270655","1":"product","2":"type-product","3":"status-publish","4":"has-post-thumbnail","6":"product_cat-alle-kaffees-de-at","7":"product_cat-spezialitatenkaffee","9":"first","10":"instock","11":"taxable","12":"shipping-taxable","13":"purchasable","14":"product-type-variable"},"acf":[],"yoast_head":"<!-- This site is optimized with the Yoast SEO Premium plugin v24.5 (Yoast SEO v24.5) - https:\/\/yoast.com\/wordpress\/plugins\/seo\/ -->\n<title>Haile | Coffee Lounge De&#039;Longhi<\/title>\n<meta name=\"description\" content=\"Metu Bishari ist eine ganz spezielle, seltene Variet\u00e4t und besticht neben den klassischen Aromen aus der Region mit floralen Noten wie Kaffeebl\u00fcten oder Jasmin.\" \/>\n<meta name=\"robots\" content=\"index, follow, max-snippet:-1, max-image-preview:large, max-video-preview:-1\" \/>\n<meta name=\"twitter:card\" content=\"summary_large_image\" \/>\n<meta name=\"twitter:title\" content=\"Haile | Coffee Lounge De&#039;Longhi\" \/>\n<meta name=\"twitter:description\" content=\"Metu Bishari ist eine ganz spezielle, seltene Variet\u00e4t und besticht neben den klassischen Aromen aus der Region mit floralen Noten wie Kaffeebl\u00fcten oder Jasmin.\" \/>\n<meta name=\"twitter:image\" content=\"https:\/\/coffeelounge.delonghi.com\/wp-content\/uploads\/2022\/09\/RR_MOCKUP_Haile.png\" \/>\n<script type=\"application\/ld+json\" class=\"yoast-schema-graph\">{\"@context\":\"https:\/\/schema.org\",\"@graph\":[{\"@type\":\"WebPage\",\"@id\":\"https:\/\/coffeelounge.delonghi.com\/de-at\/product\/rostraum-haile\/\",\"url\":\"https:\/\/coffeelounge.delonghi.com\/de-at\/product\/rostraum-haile\/\",\"name\":\"Haile | Coffee Lounge De&#039;Longhi\",\"isPartOf\":{\"@id\":\"https:\/\/coffeelounge.delonghi.com\/de-at\/#website\"},\"primaryImageOfPage\":{\"@id\":\"https:\/\/coffeelounge.delonghi.com\/de-at\/product\/rostraum-haile\/#primaryimage\"},\"image\":{\"@id\":\"https:\/\/coffeelounge.delonghi.com\/de-at\/product\/rostraum-haile\/#primaryimage\"},\"thumbnailUrl\":\"https:\/\/coffeelounge.delonghi.com\/wp-content\/uploads\/2022\/09\/RR_MOCKUP_Haile.png\",\"datePublished\":\"2022-10-20T09:51:40+00:00\",\"dateModified\":\"2024-03-04T07:28:39+00:00\",\"description\":\"Metu Bishari ist eine ganz spezielle, seltene Variet\u00e4t und besticht neben den klassischen Aromen aus der Region mit floralen Noten wie Kaffeebl\u00fcten oder Jasmin.\",\"breadcrumb\":{\"@id\":\"https:\/\/coffeelounge.delonghi.com\/de-at\/product\/rostraum-haile\/#breadcrumb\"},\"inLanguage\":\"de-at\",\"potentialAction\":[{\"@type\":\"ReadAction\",\"target\":[\"https:\/\/coffeelounge.delonghi.com\/de-at\/product\/rostraum-haile\/\"]}]},{\"@type\":\"ImageObject\",\"inLanguage\":\"de-at\",\"@id\":\"https:\/\/coffeelounge.delonghi.com\/de-at\/product\/rostraum-haile\/#primaryimage\",\"url\":\"https:\/\/coffeelounge.delonghi.com\/wp-content\/uploads\/2022\/09\/RR_MOCKUP_Haile.png\",\"contentUrl\":\"https:\/\/coffeelounge.delonghi.com\/wp-content\/uploads\/2022\/09\/RR_MOCKUP_Haile.png\",\"width\":1544,\"height\":1856},{\"@type\":\"BreadcrumbList\",\"@id\":\"https:\/\/coffeelounge.delonghi.com\/de-at\/product\/rostraum-haile\/#breadcrumb\",\"itemListElement\":[{\"@type\":\"ListItem\",\"position\":1,\"name\":\"Home\",\"item\":\"https:\/\/coffeelounge.delonghi.com\/de-at\/\"},{\"@type\":\"ListItem\",\"position\":2,\"name\":\"Boutique\",\"item\":\"https:\/\/coffeelounge.delonghi.com\/fr\/?page_id=36\"},{\"@type\":\"ListItem\",\"position\":3,\"name\":\"Haile\"}]},{\"@type\":\"WebSite\",\"@id\":\"https:\/\/coffeelounge.delonghi.com\/de-at\/#website\",\"url\":\"https:\/\/coffeelounge.delonghi.com\/de-at\/\",\"name\":\"De&#039;Longhi\",\"description\":\"Coffee Lounge\",\"publisher\":{\"@id\":\"https:\/\/coffeelounge.delonghi.com\/de-at\/#organization\"},\"potentialAction\":[{\"@type\":\"SearchAction\",\"target\":{\"@type\":\"EntryPoint\",\"urlTemplate\":\"https:\/\/coffeelounge.delonghi.com\/de-at\/?s={search_term_string}\"},\"query-input\":{\"@type\":\"PropertyValueSpecification\",\"valueRequired\":true,\"valueName\":\"search_term_string\"}}],\"inLanguage\":\"de-at\"},{\"@type\":\"Organization\",\"@id\":\"https:\/\/coffeelounge.delonghi.com\/de-at\/#organization\",\"name\":\"De'Longhi Coffee Lounge\",\"url\":\"https:\/\/coffeelounge.delonghi.com\/de-at\/\",\"logo\":{\"@type\":\"ImageObject\",\"inLanguage\":\"de-at\",\"@id\":\"https:\/\/coffeelounge.delonghi.com\/de-at\/#\/schema\/logo\/image\/\",\"url\":\"https:\/\/coffeelounge.delonghi.com\/wp-content\/uploads\/2020\/05\/delonghi-coffee-lounge-logo-nederland.png\",\"contentUrl\":\"https:\/\/coffeelounge.delonghi.com\/wp-content\/uploads\/2020\/05\/delonghi-coffee-lounge-logo-nederland.png\",\"width\":2337,\"height\":724,\"caption\":\"De'Longhi Coffee Lounge\"},\"image\":{\"@id\":\"https:\/\/coffeelounge.delonghi.com\/de-at\/#\/schema\/logo\/image\/\"}}]}<\/script>\n<!-- \/ Yoast SEO Premium plugin. -->","yoast_head_json":{"title":"Haile | Coffee Lounge De&#039;Longhi","description":"Metu Bishari ist eine ganz spezielle, seltene Variet\u00e4t und besticht neben den klassischen Aromen aus der Region mit floralen Noten wie Kaffeebl\u00fcten oder Jasmin.","robots":{"index":"index","follow":"follow","max-snippet":"max-snippet:-1","max-image-preview":"max-image-preview:large","max-video-preview":"max-video-preview:-1"},"twitter_card":"summary_large_image","twitter_title":"Haile | Coffee Lounge De&#039;Longhi","twitter_description":"Metu Bishari ist eine ganz spezielle, seltene Variet\u00e4t und besticht neben den klassischen Aromen aus der Region mit floralen Noten wie Kaffeebl\u00fcten oder Jasmin.","twitter_image":"https:\/\/coffeelounge.delonghi.com\/wp-content\/uploads\/2022\/09\/RR_MOCKUP_Haile.png","schema":{"@context":"https:\/\/schema.org","@graph":[{"@type":"WebPage","@id":"https:\/\/coffeelounge.delonghi.com\/de-at\/product\/rostraum-haile\/","url":"https:\/\/coffeelounge.delonghi.com\/de-at\/product\/rostraum-haile\/","name":"Haile | Coffee Lounge De&#039;Longhi","isPartOf":{"@id":"https:\/\/coffeelounge.delonghi.com\/de-at\/#website"},"primaryImageOfPage":{"@id":"https:\/\/coffeelounge.delonghi.com\/de-at\/product\/rostraum-haile\/#primaryimage"},"image":{"@id":"https:\/\/coffeelounge.delonghi.com\/de-at\/product\/rostraum-haile\/#primaryimage"},"thumbnailUrl":"https:\/\/coffeelounge.delonghi.com\/wp-content\/uploads\/2022\/09\/RR_MOCKUP_Haile.png","datePublished":"2022-10-20T09:51:40+00:00","dateModified":"2024-03-04T07:28:39+00:00","description":"Metu Bishari ist eine ganz spezielle, seltene Variet\u00e4t und besticht neben den klassischen Aromen aus der Region mit floralen Noten wie Kaffeebl\u00fcten oder Jasmin.","breadcrumb":{"@id":"https:\/\/coffeelounge.delonghi.com\/de-at\/product\/rostraum-haile\/#breadcrumb"},"inLanguage":"de-at","potentialAction":[{"@type":"ReadAction","target":["https:\/\/coffeelounge.delonghi.com\/de-at\/product\/rostraum-haile\/"]}]},{"@type":"ImageObject","inLanguage":"de-at","@id":"https:\/\/coffeelounge.delonghi.com\/de-at\/product\/rostraum-haile\/#primaryimage","url":"https:\/\/coffeelounge.delonghi.com\/wp-content\/uploads\/2022\/09\/RR_MOCKUP_Haile.png","contentUrl":"https:\/\/coffeelounge.delonghi.com\/wp-content\/uploads\/2022\/09\/RR_MOCKUP_Haile.png","width":1544,"height":1856},{"@type":"BreadcrumbList","@id":"https:\/\/coffeelounge.delonghi.com\/de-at\/product\/rostraum-haile\/#breadcrumb","itemListElement":[{"@type":"ListItem","position":1,"name":"Home","item":"https:\/\/coffeelounge.delonghi.com\/de-at\/"},{"@type":"ListItem","position":2,"name":"Boutique","item":"https:\/\/coffeelounge.delonghi.com\/fr\/?page_id=36"},{"@type":"ListItem","position":3,"name":"Haile"}]},{"@type":"WebSite","@id":"https:\/\/coffeelounge.delonghi.com\/de-at\/#website","url":"https:\/\/coffeelounge.delonghi.com\/de-at\/","name":"De&#039;Longhi","description":"Coffee Lounge","publisher":{"@id":"https:\/\/coffeelounge.delonghi.com\/de-at\/#organization"},"potentialAction":[{"@type":"SearchAction","target":{"@type":"EntryPoint","urlTemplate":"https:\/\/coffeelounge.delonghi.com\/de-at\/?s={search_term_string}"},"query-input":{"@type":"PropertyValueSpecification","valueRequired":true,"valueName":"search_term_string"}}],"inLanguage":"de-at"},{"@type":"Organization","@id":"https:\/\/coffeelounge.delonghi.com\/de-at\/#organization","name":"De'Longhi Coffee Lounge","url":"https:\/\/coffeelounge.delonghi.com\/de-at\/","logo":{"@type":"ImageObject","inLanguage":"de-at","@id":"https:\/\/coffeelounge.delonghi.com\/de-at\/#\/schema\/logo\/image\/","url":"https:\/\/coffeelounge.delonghi.com\/wp-content\/uploads\/2020\/05\/delonghi-coffee-lounge-logo-nederland.png","contentUrl":"https:\/\/coffeelounge.delonghi.com\/wp-content\/uploads\/2020\/05\/delonghi-coffee-lounge-logo-nederland.png","width":2337,"height":724,"caption":"De'Longhi Coffee Lounge"},"image":{"@id":"https:\/\/coffeelounge.delonghi.com\/de-at\/#\/schema\/logo\/image\/"}}]}},"_links":{"self":[{"href":"https:\/\/coffeelounge.delonghi.com\/de-at\/wp-json\/wp\/v2\/product\/270655","targetHints":{"allow":["GET"]}}],"collection":[{"href":"https:\/\/coffeelounge.delonghi.com\/de-at\/wp-json\/wp\/v2\/product"}],"about":[{"href":"https:\/\/coffeelounge.delonghi.com\/de-at\/wp-json\/wp\/v2\/types\/product"}],"replies":[{"embeddable":true,"href":"https:\/\/coffeelounge.delonghi.com\/de-at\/wp-json\/wp\/v2\/comments?post=270655"}],"version-history":[{"count":2,"href":"https:\/\/coffeelounge.delonghi.com\/de-at\/wp-json\/wp\/v2\/product\/270655\/revisions"}],"predecessor-version":[{"id":421835,"href":"https:\/\/coffeelounge.delonghi.com\/de-at\/wp-json\/wp\/v2\/product\/270655\/revisions\/421835"}],"wp:featuredmedia":[{"embeddable":true,"href":"https:\/\/coffeelounge.delonghi.com\/de-at\/wp-json\/wp\/v2\/media\/270660"}],"wp:attachment":[{"href":"https:\/\/coffeelounge.delonghi.com\/de-at\/wp-json\/wp\/v2\/media?parent=270655"}],"wp:term":[{"taxonomy":"product_cat","embeddable":true,"href":"https:\/\/coffeelounge.delonghi.com\/de-at\/wp-json\/wp\/v2\/product_cat?post=270655"},{"taxonomy":"product_tag","embeddable":true,"href":"https:\/\/coffeelounge.delonghi.com\/de-at\/wp-json\/wp\/v2\/product_tag?post=270655"}],"curies":[{"name":"wp","href":"https:\/\/api.w.org\/{rel}","templated":true}]}}