{"id":270633,"date":"2022-10-20T09:50:37","date_gmt":"2022-10-20T09:50:37","guid":{"rendered":"https:\/\/coffeelounge.delonghi.com\/?post_type=product&#038;p=270633"},"modified":"2024-03-04T07:28:47","modified_gmt":"2024-03-04T07:28:47","slug":"rostraum-eduardo","status":"publish","type":"product","link":"https:\/\/coffeelounge.delonghi.com\/de-at\/product\/rostraum-eduardo\/","title":{"rendered":"Eduardo"},"content":{"rendered":"<p>Die Divisadero Farm von Mauricio Salaverria ist eine der \u00e4ltesten Farmen in El Salvador und ein Vorzeigebetrieb f\u00fcr \u00f6kologische Nachhaltigkeit. Der reichhaltige vulkanische Lehmboden und die Nutzung des nat\u00fcrlichen Schattens der Zypressen schaffen ein au\u00dfergew\u00f6hnliches \u00d6kosystem f\u00fcr die Entwicklung seiner Kaffeebohnen. Eduardo ist ein gemeinsamer Freund und organisiert den schonenden Transport zu uns.<\/p>\n","protected":false},"excerpt":{"rendered":"<p>Die Divisadero Farm von Mauricio Salaverria ist eine der \u00e4ltesten Farmen in El Salvador und ein Vorzeigebetrieb f\u00fcr \u00f6kologische Nachhaltigkeit. Der reichhaltige vulkanische Lehmboden und die Nutzung des nat\u00fcrlichen Schattens der Zypressen schaffen ein au\u00dfergew\u00f6hnliches \u00d6kosystem f\u00fcr die Entwicklung seiner Kaffeebohnen. Eduardo ist ein gemeinsamer Freund und organisiert den schonenden Transport zu uns.<\/p>\n","protected":false},"featured_media":270639,"comment_status":"closed","ping_status":"closed","template":"","meta":{"_acf_changed":false},"product_cat":[653,658],"product_tag":[],"class_list":{"0":"post-270633","1":"product","2":"type-product","3":"status-publish","4":"has-post-thumbnail","6":"product_cat-alle-kaffees-de-at","7":"product_cat-spezialitatenkaffee","9":"first","10":"instock","11":"taxable","12":"shipping-taxable","13":"purchasable","14":"product-type-variable"},"acf":[],"yoast_head":"<!-- This site is optimized with the Yoast SEO Premium plugin v24.5 (Yoast SEO v24.5) - https:\/\/yoast.com\/wordpress\/plugins\/seo\/ -->\n<title>Eduardo | Coffee Lounge De&#039;Longhi<\/title>\n<meta name=\"description\" content=\"Die Divisadero Farm von Mauricio Salaverria ist eine der \u00e4ltesten Farmen in El Salvador und ein Vorzeigebetrieb f\u00fcr \u00f6kologische Nachhaltigkeit. Der reichhaltige vulkanische Lehmboden und die Nutzung des nat\u00fcrlichen Schattens der Zypressen schaffen ein au\u00dfergew\u00f6hnliches \u00d6kosystem f\u00fcr die Entwicklung seiner Kaffeebohnen. Eduardo ist ein gemeinsamer Freund und organisiert den schonenden Transport zu uns.\" \/>\n<meta name=\"robots\" content=\"index, follow, max-snippet:-1, max-image-preview:large, max-video-preview:-1\" \/>\n<meta name=\"twitter:card\" content=\"summary_large_image\" \/>\n<meta name=\"twitter:title\" content=\"Eduardo | Coffee Lounge De&#039;Longhi\" \/>\n<meta name=\"twitter:description\" content=\"Die Divisadero Farm von Mauricio Salaverria ist eine der \u00e4ltesten Farmen in El Salvador und ein Vorzeigebetrieb f\u00fcr \u00f6kologische Nachhaltigkeit. Der reichhaltige vulkanische Lehmboden und die Nutzung des nat\u00fcrlichen Schattens der Zypressen schaffen ein au\u00dfergew\u00f6hnliches \u00d6kosystem f\u00fcr die Entwicklung seiner Kaffeebohnen. Eduardo ist ein gemeinsamer Freund und organisiert den schonenden Transport zu uns.\" \/>\n<meta name=\"twitter:image\" content=\"https:\/\/coffeelounge.delonghi.com\/wp-content\/uploads\/2022\/09\/RR_MOCKUP_Eduardo.png\" \/>\n<script type=\"application\/ld+json\" class=\"yoast-schema-graph\">{\"@context\":\"https:\/\/schema.org\",\"@graph\":[{\"@type\":\"WebPage\",\"@id\":\"https:\/\/coffeelounge.delonghi.com\/de-at\/product\/rostraum-eduardo\/\",\"url\":\"https:\/\/coffeelounge.delonghi.com\/de-at\/product\/rostraum-eduardo\/\",\"name\":\"Eduardo | Coffee Lounge De&#039;Longhi\",\"isPartOf\":{\"@id\":\"https:\/\/coffeelounge.delonghi.com\/de-at\/#website\"},\"primaryImageOfPage\":{\"@id\":\"https:\/\/coffeelounge.delonghi.com\/de-at\/product\/rostraum-eduardo\/#primaryimage\"},\"image\":{\"@id\":\"https:\/\/coffeelounge.delonghi.com\/de-at\/product\/rostraum-eduardo\/#primaryimage\"},\"thumbnailUrl\":\"https:\/\/coffeelounge.delonghi.com\/wp-content\/uploads\/2022\/09\/RR_MOCKUP_Eduardo.png\",\"datePublished\":\"2022-10-20T09:50:37+00:00\",\"dateModified\":\"2024-03-04T07:28:47+00:00\",\"description\":\"Die Divisadero Farm von Mauricio Salaverria ist eine der \u00e4ltesten Farmen in El Salvador und ein Vorzeigebetrieb f\u00fcr \u00f6kologische Nachhaltigkeit. Der reichhaltige vulkanische Lehmboden und die Nutzung des nat\u00fcrlichen Schattens der Zypressen schaffen ein au\u00dfergew\u00f6hnliches \u00d6kosystem f\u00fcr die Entwicklung seiner Kaffeebohnen. Eduardo ist ein gemeinsamer Freund und organisiert den schonenden Transport zu uns.\",\"breadcrumb\":{\"@id\":\"https:\/\/coffeelounge.delonghi.com\/de-at\/product\/rostraum-eduardo\/#breadcrumb\"},\"inLanguage\":\"de-at\",\"potentialAction\":[{\"@type\":\"ReadAction\",\"target\":[\"https:\/\/coffeelounge.delonghi.com\/de-at\/product\/rostraum-eduardo\/\"]}]},{\"@type\":\"ImageObject\",\"inLanguage\":\"de-at\",\"@id\":\"https:\/\/coffeelounge.delonghi.com\/de-at\/product\/rostraum-eduardo\/#primaryimage\",\"url\":\"https:\/\/coffeelounge.delonghi.com\/wp-content\/uploads\/2022\/09\/RR_MOCKUP_Eduardo.png\",\"contentUrl\":\"https:\/\/coffeelounge.delonghi.com\/wp-content\/uploads\/2022\/09\/RR_MOCKUP_Eduardo.png\",\"width\":1544,\"height\":1856},{\"@type\":\"BreadcrumbList\",\"@id\":\"https:\/\/coffeelounge.delonghi.com\/de-at\/product\/rostraum-eduardo\/#breadcrumb\",\"itemListElement\":[{\"@type\":\"ListItem\",\"position\":1,\"name\":\"Home\",\"item\":\"https:\/\/coffeelounge.delonghi.com\/de-at\/\"},{\"@type\":\"ListItem\",\"position\":2,\"name\":\"Boutique\",\"item\":\"https:\/\/coffeelounge.delonghi.com\/fr\/?page_id=36\"},{\"@type\":\"ListItem\",\"position\":3,\"name\":\"Eduardo\"}]},{\"@type\":\"WebSite\",\"@id\":\"https:\/\/coffeelounge.delonghi.com\/de-at\/#website\",\"url\":\"https:\/\/coffeelounge.delonghi.com\/de-at\/\",\"name\":\"De&#039;Longhi\",\"description\":\"Coffee Lounge\",\"publisher\":{\"@id\":\"https:\/\/coffeelounge.delonghi.com\/de-at\/#organization\"},\"potentialAction\":[{\"@type\":\"SearchAction\",\"target\":{\"@type\":\"EntryPoint\",\"urlTemplate\":\"https:\/\/coffeelounge.delonghi.com\/de-at\/?s={search_term_string}\"},\"query-input\":{\"@type\":\"PropertyValueSpecification\",\"valueRequired\":true,\"valueName\":\"search_term_string\"}}],\"inLanguage\":\"de-at\"},{\"@type\":\"Organization\",\"@id\":\"https:\/\/coffeelounge.delonghi.com\/de-at\/#organization\",\"name\":\"De'Longhi Coffee Lounge\",\"url\":\"https:\/\/coffeelounge.delonghi.com\/de-at\/\",\"logo\":{\"@type\":\"ImageObject\",\"inLanguage\":\"de-at\",\"@id\":\"https:\/\/coffeelounge.delonghi.com\/de-at\/#\/schema\/logo\/image\/\",\"url\":\"https:\/\/coffeelounge.delonghi.com\/wp-content\/uploads\/2020\/05\/delonghi-coffee-lounge-logo-nederland.png\",\"contentUrl\":\"https:\/\/coffeelounge.delonghi.com\/wp-content\/uploads\/2020\/05\/delonghi-coffee-lounge-logo-nederland.png\",\"width\":2337,\"height\":724,\"caption\":\"De'Longhi Coffee Lounge\"},\"image\":{\"@id\":\"https:\/\/coffeelounge.delonghi.com\/de-at\/#\/schema\/logo\/image\/\"}}]}<\/script>\n<!-- \/ Yoast SEO Premium plugin. -->","yoast_head_json":{"title":"Eduardo | Coffee Lounge De&#039;Longhi","description":"Die Divisadero Farm von Mauricio Salaverria ist eine der \u00e4ltesten Farmen in El Salvador und ein Vorzeigebetrieb f\u00fcr \u00f6kologische Nachhaltigkeit. Der reichhaltige vulkanische Lehmboden und die Nutzung des nat\u00fcrlichen Schattens der Zypressen schaffen ein au\u00dfergew\u00f6hnliches \u00d6kosystem f\u00fcr die Entwicklung seiner Kaffeebohnen. Eduardo ist ein gemeinsamer Freund und organisiert den schonenden Transport zu uns.","robots":{"index":"index","follow":"follow","max-snippet":"max-snippet:-1","max-image-preview":"max-image-preview:large","max-video-preview":"max-video-preview:-1"},"twitter_card":"summary_large_image","twitter_title":"Eduardo | Coffee Lounge De&#039;Longhi","twitter_description":"Die Divisadero Farm von Mauricio Salaverria ist eine der \u00e4ltesten Farmen in El Salvador und ein Vorzeigebetrieb f\u00fcr \u00f6kologische Nachhaltigkeit. Der reichhaltige vulkanische Lehmboden und die Nutzung des nat\u00fcrlichen Schattens der Zypressen schaffen ein au\u00dfergew\u00f6hnliches \u00d6kosystem f\u00fcr die Entwicklung seiner Kaffeebohnen. Eduardo ist ein gemeinsamer Freund und organisiert den schonenden Transport zu uns.","twitter_image":"https:\/\/coffeelounge.delonghi.com\/wp-content\/uploads\/2022\/09\/RR_MOCKUP_Eduardo.png","schema":{"@context":"https:\/\/schema.org","@graph":[{"@type":"WebPage","@id":"https:\/\/coffeelounge.delonghi.com\/de-at\/product\/rostraum-eduardo\/","url":"https:\/\/coffeelounge.delonghi.com\/de-at\/product\/rostraum-eduardo\/","name":"Eduardo | Coffee Lounge De&#039;Longhi","isPartOf":{"@id":"https:\/\/coffeelounge.delonghi.com\/de-at\/#website"},"primaryImageOfPage":{"@id":"https:\/\/coffeelounge.delonghi.com\/de-at\/product\/rostraum-eduardo\/#primaryimage"},"image":{"@id":"https:\/\/coffeelounge.delonghi.com\/de-at\/product\/rostraum-eduardo\/#primaryimage"},"thumbnailUrl":"https:\/\/coffeelounge.delonghi.com\/wp-content\/uploads\/2022\/09\/RR_MOCKUP_Eduardo.png","datePublished":"2022-10-20T09:50:37+00:00","dateModified":"2024-03-04T07:28:47+00:00","description":"Die Divisadero Farm von Mauricio Salaverria ist eine der \u00e4ltesten Farmen in El Salvador und ein Vorzeigebetrieb f\u00fcr \u00f6kologische Nachhaltigkeit. Der reichhaltige vulkanische Lehmboden und die Nutzung des nat\u00fcrlichen Schattens der Zypressen schaffen ein au\u00dfergew\u00f6hnliches \u00d6kosystem f\u00fcr die Entwicklung seiner Kaffeebohnen. Eduardo ist ein gemeinsamer Freund und organisiert den schonenden Transport zu uns.","breadcrumb":{"@id":"https:\/\/coffeelounge.delonghi.com\/de-at\/product\/rostraum-eduardo\/#breadcrumb"},"inLanguage":"de-at","potentialAction":[{"@type":"ReadAction","target":["https:\/\/coffeelounge.delonghi.com\/de-at\/product\/rostraum-eduardo\/"]}]},{"@type":"ImageObject","inLanguage":"de-at","@id":"https:\/\/coffeelounge.delonghi.com\/de-at\/product\/rostraum-eduardo\/#primaryimage","url":"https:\/\/coffeelounge.delonghi.com\/wp-content\/uploads\/2022\/09\/RR_MOCKUP_Eduardo.png","contentUrl":"https:\/\/coffeelounge.delonghi.com\/wp-content\/uploads\/2022\/09\/RR_MOCKUP_Eduardo.png","width":1544,"height":1856},{"@type":"BreadcrumbList","@id":"https:\/\/coffeelounge.delonghi.com\/de-at\/product\/rostraum-eduardo\/#breadcrumb","itemListElement":[{"@type":"ListItem","position":1,"name":"Home","item":"https:\/\/coffeelounge.delonghi.com\/de-at\/"},{"@type":"ListItem","position":2,"name":"Boutique","item":"https:\/\/coffeelounge.delonghi.com\/fr\/?page_id=36"},{"@type":"ListItem","position":3,"name":"Eduardo"}]},{"@type":"WebSite","@id":"https:\/\/coffeelounge.delonghi.com\/de-at\/#website","url":"https:\/\/coffeelounge.delonghi.com\/de-at\/","name":"De&#039;Longhi","description":"Coffee Lounge","publisher":{"@id":"https:\/\/coffeelounge.delonghi.com\/de-at\/#organization"},"potentialAction":[{"@type":"SearchAction","target":{"@type":"EntryPoint","urlTemplate":"https:\/\/coffeelounge.delonghi.com\/de-at\/?s={search_term_string}"},"query-input":{"@type":"PropertyValueSpecification","valueRequired":true,"valueName":"search_term_string"}}],"inLanguage":"de-at"},{"@type":"Organization","@id":"https:\/\/coffeelounge.delonghi.com\/de-at\/#organization","name":"De'Longhi Coffee Lounge","url":"https:\/\/coffeelounge.delonghi.com\/de-at\/","logo":{"@type":"ImageObject","inLanguage":"de-at","@id":"https:\/\/coffeelounge.delonghi.com\/de-at\/#\/schema\/logo\/image\/","url":"https:\/\/coffeelounge.delonghi.com\/wp-content\/uploads\/2020\/05\/delonghi-coffee-lounge-logo-nederland.png","contentUrl":"https:\/\/coffeelounge.delonghi.com\/wp-content\/uploads\/2020\/05\/delonghi-coffee-lounge-logo-nederland.png","width":2337,"height":724,"caption":"De'Longhi Coffee Lounge"},"image":{"@id":"https:\/\/coffeelounge.delonghi.com\/de-at\/#\/schema\/logo\/image\/"}}]}},"_links":{"self":[{"href":"https:\/\/coffeelounge.delonghi.com\/de-at\/wp-json\/wp\/v2\/product\/270633","targetHints":{"allow":["GET"]}}],"collection":[{"href":"https:\/\/coffeelounge.delonghi.com\/de-at\/wp-json\/wp\/v2\/product"}],"about":[{"href":"https:\/\/coffeelounge.delonghi.com\/de-at\/wp-json\/wp\/v2\/types\/product"}],"replies":[{"embeddable":true,"href":"https:\/\/coffeelounge.delonghi.com\/de-at\/wp-json\/wp\/v2\/comments?post=270633"}],"version-history":[{"count":2,"href":"https:\/\/coffeelounge.delonghi.com\/de-at\/wp-json\/wp\/v2\/product\/270633\/revisions"}],"predecessor-version":[{"id":421836,"href":"https:\/\/coffeelounge.delonghi.com\/de-at\/wp-json\/wp\/v2\/product\/270633\/revisions\/421836"}],"wp:featuredmedia":[{"embeddable":true,"href":"https:\/\/coffeelounge.delonghi.com\/de-at\/wp-json\/wp\/v2\/media\/270639"}],"wp:attachment":[{"href":"https:\/\/coffeelounge.delonghi.com\/de-at\/wp-json\/wp\/v2\/media?parent=270633"}],"wp:term":[{"taxonomy":"product_cat","embeddable":true,"href":"https:\/\/coffeelounge.delonghi.com\/de-at\/wp-json\/wp\/v2\/product_cat?post=270633"},{"taxonomy":"product_tag","embeddable":true,"href":"https:\/\/coffeelounge.delonghi.com\/de-at\/wp-json\/wp\/v2\/product_tag?post=270633"}],"curies":[{"name":"wp","href":"https:\/\/api.w.org\/{rel}","templated":true}]}}