{"id":270594,"date":"2022-10-20T09:49:56","date_gmt":"2022-10-20T09:49:56","guid":{"rendered":"https:\/\/coffeelounge.delonghi.com\/?post_type=product&#038;p=270594"},"modified":"2024-03-04T07:28:54","modified_gmt":"2024-03-04T07:28:54","slug":"rostraum-tunki","status":"publish","type":"product","link":"https:\/\/coffeelounge.delonghi.com\/de-at\/product\/rostraum-tunki\/","title":{"rendered":"Tunki &#8211; BIO"},"content":{"rendered":"<p>Der Award Winning Coffee Tunki ist nicht nur in Peru eine Ber\u00fchmtheit und war 2017 unser Einstieg in die Specialty Welt. Seither haben wir den Kaffee von der Kooperative Cecovasa fix in unserem Programm. Tunki ist \u00fcbrigens ein seltener Vogel, der in den W\u00e4ldern der Region lebt. In den Schatten dieser B\u00e4ume w\u00e4chst dieser ganz besondere Kaffee, der auch als das \u201eSchweizer Taschenmesser\u201c der Kaffees gilt. Leicht handzuhaben ist er in vielen verschiedenen Zubereitungsarten perfekt zu genie\u00dfen, wobei es immer neue Aromen zu entdecken gibt.<\/p>\n","protected":false},"excerpt":{"rendered":"<p>Der Award Winning Coffee Tunki ist nicht nur in Peru eine Ber\u00fchmtheit und war 2017 unser Einstieg in die Specialty Welt. Seither haben wir den Kaffee von der Kooperative Cecovasa fix in unserem Programm. Tunki ist \u00fcbrigens ein seltener Vogel, der in den W\u00e4ldern der Region lebt. In den Schatten dieser B\u00e4ume w\u00e4chst dieser ganz [&hellip;]<\/p>\n","protected":false},"featured_media":270618,"comment_status":"closed","ping_status":"closed","template":"","meta":{"_acf_changed":false},"product_cat":[653,658],"product_tag":[],"class_list":{"0":"post-270594","1":"product","2":"type-product","3":"status-publish","4":"has-post-thumbnail","6":"product_cat-alle-kaffees-de-at","7":"product_cat-spezialitatenkaffee","9":"first","10":"instock","11":"taxable","12":"shipping-taxable","13":"purchasable","14":"product-type-variable"},"acf":[],"yoast_head":"<!-- This site is optimized with the Yoast SEO Premium plugin v24.5 (Yoast SEO v24.5) - https:\/\/yoast.com\/wordpress\/plugins\/seo\/ -->\n<title>Tunki - BIO | Coffee Lounge De&#039;Longhi<\/title>\n<meta name=\"description\" content=\"Tunki ist \u00fcbrigens ein seltener Vogel, der in den W\u00e4ldern der Region lebt. In den Schatten dieser B\u00e4ume w\u00e4chst dieser ganz besondere Kaffee, der auch als das \u201eSchweizer Taschenmesser\u201c der Kaffees gilt.\" \/>\n<meta name=\"robots\" content=\"index, follow, max-snippet:-1, max-image-preview:large, max-video-preview:-1\" \/>\n<meta name=\"twitter:card\" content=\"summary_large_image\" \/>\n<meta name=\"twitter:title\" content=\"Tunki - BIO | Coffee Lounge De&#039;Longhi\" \/>\n<meta name=\"twitter:description\" content=\"Tunki ist \u00fcbrigens ein seltener Vogel, der in den W\u00e4ldern der Region lebt. In den Schatten dieser B\u00e4ume w\u00e4chst dieser ganz besondere Kaffee, der auch als das \u201eSchweizer Taschenmesser\u201c der Kaffees gilt.\" \/>\n<meta name=\"twitter:image\" content=\"https:\/\/coffeelounge.delonghi.com\/wp-content\/uploads\/2022\/09\/RR_MOCKUP_TunkiBio.png\" \/>\n<script type=\"application\/ld+json\" class=\"yoast-schema-graph\">{\"@context\":\"https:\/\/schema.org\",\"@graph\":[{\"@type\":\"WebPage\",\"@id\":\"https:\/\/coffeelounge.delonghi.com\/de-at\/product\/rostraum-tunki\/\",\"url\":\"https:\/\/coffeelounge.delonghi.com\/de-at\/product\/rostraum-tunki\/\",\"name\":\"Tunki - BIO | Coffee Lounge De&#039;Longhi\",\"isPartOf\":{\"@id\":\"https:\/\/coffeelounge.delonghi.com\/de-at\/#website\"},\"primaryImageOfPage\":{\"@id\":\"https:\/\/coffeelounge.delonghi.com\/de-at\/product\/rostraum-tunki\/#primaryimage\"},\"image\":{\"@id\":\"https:\/\/coffeelounge.delonghi.com\/de-at\/product\/rostraum-tunki\/#primaryimage\"},\"thumbnailUrl\":\"https:\/\/coffeelounge.delonghi.com\/wp-content\/uploads\/2022\/09\/RR_MOCKUP_TunkiBio.png\",\"datePublished\":\"2022-10-20T09:49:56+00:00\",\"dateModified\":\"2024-03-04T07:28:54+00:00\",\"description\":\"Tunki ist \u00fcbrigens ein seltener Vogel, der in den W\u00e4ldern der Region lebt. In den Schatten dieser B\u00e4ume w\u00e4chst dieser ganz besondere Kaffee, der auch als das \u201eSchweizer Taschenmesser\u201c der Kaffees gilt.\",\"breadcrumb\":{\"@id\":\"https:\/\/coffeelounge.delonghi.com\/de-at\/product\/rostraum-tunki\/#breadcrumb\"},\"inLanguage\":\"de-at\",\"potentialAction\":[{\"@type\":\"ReadAction\",\"target\":[\"https:\/\/coffeelounge.delonghi.com\/de-at\/product\/rostraum-tunki\/\"]}]},{\"@type\":\"ImageObject\",\"inLanguage\":\"de-at\",\"@id\":\"https:\/\/coffeelounge.delonghi.com\/de-at\/product\/rostraum-tunki\/#primaryimage\",\"url\":\"https:\/\/coffeelounge.delonghi.com\/wp-content\/uploads\/2022\/09\/RR_MOCKUP_TunkiBio.png\",\"contentUrl\":\"https:\/\/coffeelounge.delonghi.com\/wp-content\/uploads\/2022\/09\/RR_MOCKUP_TunkiBio.png\",\"width\":1544,\"height\":1856},{\"@type\":\"BreadcrumbList\",\"@id\":\"https:\/\/coffeelounge.delonghi.com\/de-at\/product\/rostraum-tunki\/#breadcrumb\",\"itemListElement\":[{\"@type\":\"ListItem\",\"position\":1,\"name\":\"Home\",\"item\":\"https:\/\/coffeelounge.delonghi.com\/de-at\/\"},{\"@type\":\"ListItem\",\"position\":2,\"name\":\"Boutique\",\"item\":\"https:\/\/coffeelounge.delonghi.com\/fr\/?page_id=36\"},{\"@type\":\"ListItem\",\"position\":3,\"name\":\"Tunki &#8211; BIO\"}]},{\"@type\":\"WebSite\",\"@id\":\"https:\/\/coffeelounge.delonghi.com\/de-at\/#website\",\"url\":\"https:\/\/coffeelounge.delonghi.com\/de-at\/\",\"name\":\"De&#039;Longhi\",\"description\":\"Coffee Lounge\",\"publisher\":{\"@id\":\"https:\/\/coffeelounge.delonghi.com\/de-at\/#organization\"},\"potentialAction\":[{\"@type\":\"SearchAction\",\"target\":{\"@type\":\"EntryPoint\",\"urlTemplate\":\"https:\/\/coffeelounge.delonghi.com\/de-at\/?s={search_term_string}\"},\"query-input\":{\"@type\":\"PropertyValueSpecification\",\"valueRequired\":true,\"valueName\":\"search_term_string\"}}],\"inLanguage\":\"de-at\"},{\"@type\":\"Organization\",\"@id\":\"https:\/\/coffeelounge.delonghi.com\/de-at\/#organization\",\"name\":\"De'Longhi Coffee Lounge\",\"url\":\"https:\/\/coffeelounge.delonghi.com\/de-at\/\",\"logo\":{\"@type\":\"ImageObject\",\"inLanguage\":\"de-at\",\"@id\":\"https:\/\/coffeelounge.delonghi.com\/de-at\/#\/schema\/logo\/image\/\",\"url\":\"https:\/\/coffeelounge.delonghi.com\/wp-content\/uploads\/2020\/05\/delonghi-coffee-lounge-logo-nederland.png\",\"contentUrl\":\"https:\/\/coffeelounge.delonghi.com\/wp-content\/uploads\/2020\/05\/delonghi-coffee-lounge-logo-nederland.png\",\"width\":2337,\"height\":724,\"caption\":\"De'Longhi Coffee Lounge\"},\"image\":{\"@id\":\"https:\/\/coffeelounge.delonghi.com\/de-at\/#\/schema\/logo\/image\/\"}}]}<\/script>\n<!-- \/ Yoast SEO Premium plugin. -->","yoast_head_json":{"title":"Tunki - BIO | Coffee Lounge De&#039;Longhi","description":"Tunki ist \u00fcbrigens ein seltener Vogel, der in den W\u00e4ldern der Region lebt. In den Schatten dieser B\u00e4ume w\u00e4chst dieser ganz besondere Kaffee, der auch als das \u201eSchweizer Taschenmesser\u201c der Kaffees gilt.","robots":{"index":"index","follow":"follow","max-snippet":"max-snippet:-1","max-image-preview":"max-image-preview:large","max-video-preview":"max-video-preview:-1"},"twitter_card":"summary_large_image","twitter_title":"Tunki - BIO | Coffee Lounge De&#039;Longhi","twitter_description":"Tunki ist \u00fcbrigens ein seltener Vogel, der in den W\u00e4ldern der Region lebt. In den Schatten dieser B\u00e4ume w\u00e4chst dieser ganz besondere Kaffee, der auch als das \u201eSchweizer Taschenmesser\u201c der Kaffees gilt.","twitter_image":"https:\/\/coffeelounge.delonghi.com\/wp-content\/uploads\/2022\/09\/RR_MOCKUP_TunkiBio.png","schema":{"@context":"https:\/\/schema.org","@graph":[{"@type":"WebPage","@id":"https:\/\/coffeelounge.delonghi.com\/de-at\/product\/rostraum-tunki\/","url":"https:\/\/coffeelounge.delonghi.com\/de-at\/product\/rostraum-tunki\/","name":"Tunki - BIO | Coffee Lounge De&#039;Longhi","isPartOf":{"@id":"https:\/\/coffeelounge.delonghi.com\/de-at\/#website"},"primaryImageOfPage":{"@id":"https:\/\/coffeelounge.delonghi.com\/de-at\/product\/rostraum-tunki\/#primaryimage"},"image":{"@id":"https:\/\/coffeelounge.delonghi.com\/de-at\/product\/rostraum-tunki\/#primaryimage"},"thumbnailUrl":"https:\/\/coffeelounge.delonghi.com\/wp-content\/uploads\/2022\/09\/RR_MOCKUP_TunkiBio.png","datePublished":"2022-10-20T09:49:56+00:00","dateModified":"2024-03-04T07:28:54+00:00","description":"Tunki ist \u00fcbrigens ein seltener Vogel, der in den W\u00e4ldern der Region lebt. In den Schatten dieser B\u00e4ume w\u00e4chst dieser ganz besondere Kaffee, der auch als das \u201eSchweizer Taschenmesser\u201c der Kaffees gilt.","breadcrumb":{"@id":"https:\/\/coffeelounge.delonghi.com\/de-at\/product\/rostraum-tunki\/#breadcrumb"},"inLanguage":"de-at","potentialAction":[{"@type":"ReadAction","target":["https:\/\/coffeelounge.delonghi.com\/de-at\/product\/rostraum-tunki\/"]}]},{"@type":"ImageObject","inLanguage":"de-at","@id":"https:\/\/coffeelounge.delonghi.com\/de-at\/product\/rostraum-tunki\/#primaryimage","url":"https:\/\/coffeelounge.delonghi.com\/wp-content\/uploads\/2022\/09\/RR_MOCKUP_TunkiBio.png","contentUrl":"https:\/\/coffeelounge.delonghi.com\/wp-content\/uploads\/2022\/09\/RR_MOCKUP_TunkiBio.png","width":1544,"height":1856},{"@type":"BreadcrumbList","@id":"https:\/\/coffeelounge.delonghi.com\/de-at\/product\/rostraum-tunki\/#breadcrumb","itemListElement":[{"@type":"ListItem","position":1,"name":"Home","item":"https:\/\/coffeelounge.delonghi.com\/de-at\/"},{"@type":"ListItem","position":2,"name":"Boutique","item":"https:\/\/coffeelounge.delonghi.com\/fr\/?page_id=36"},{"@type":"ListItem","position":3,"name":"Tunki &#8211; BIO"}]},{"@type":"WebSite","@id":"https:\/\/coffeelounge.delonghi.com\/de-at\/#website","url":"https:\/\/coffeelounge.delonghi.com\/de-at\/","name":"De&#039;Longhi","description":"Coffee Lounge","publisher":{"@id":"https:\/\/coffeelounge.delonghi.com\/de-at\/#organization"},"potentialAction":[{"@type":"SearchAction","target":{"@type":"EntryPoint","urlTemplate":"https:\/\/coffeelounge.delonghi.com\/de-at\/?s={search_term_string}"},"query-input":{"@type":"PropertyValueSpecification","valueRequired":true,"valueName":"search_term_string"}}],"inLanguage":"de-at"},{"@type":"Organization","@id":"https:\/\/coffeelounge.delonghi.com\/de-at\/#organization","name":"De'Longhi Coffee Lounge","url":"https:\/\/coffeelounge.delonghi.com\/de-at\/","logo":{"@type":"ImageObject","inLanguage":"de-at","@id":"https:\/\/coffeelounge.delonghi.com\/de-at\/#\/schema\/logo\/image\/","url":"https:\/\/coffeelounge.delonghi.com\/wp-content\/uploads\/2020\/05\/delonghi-coffee-lounge-logo-nederland.png","contentUrl":"https:\/\/coffeelounge.delonghi.com\/wp-content\/uploads\/2020\/05\/delonghi-coffee-lounge-logo-nederland.png","width":2337,"height":724,"caption":"De'Longhi Coffee Lounge"},"image":{"@id":"https:\/\/coffeelounge.delonghi.com\/de-at\/#\/schema\/logo\/image\/"}}]}},"_links":{"self":[{"href":"https:\/\/coffeelounge.delonghi.com\/de-at\/wp-json\/wp\/v2\/product\/270594","targetHints":{"allow":["GET"]}}],"collection":[{"href":"https:\/\/coffeelounge.delonghi.com\/de-at\/wp-json\/wp\/v2\/product"}],"about":[{"href":"https:\/\/coffeelounge.delonghi.com\/de-at\/wp-json\/wp\/v2\/types\/product"}],"replies":[{"embeddable":true,"href":"https:\/\/coffeelounge.delonghi.com\/de-at\/wp-json\/wp\/v2\/comments?post=270594"}],"version-history":[{"count":2,"href":"https:\/\/coffeelounge.delonghi.com\/de-at\/wp-json\/wp\/v2\/product\/270594\/revisions"}],"predecessor-version":[{"id":421837,"href":"https:\/\/coffeelounge.delonghi.com\/de-at\/wp-json\/wp\/v2\/product\/270594\/revisions\/421837"}],"wp:featuredmedia":[{"embeddable":true,"href":"https:\/\/coffeelounge.delonghi.com\/de-at\/wp-json\/wp\/v2\/media\/270618"}],"wp:attachment":[{"href":"https:\/\/coffeelounge.delonghi.com\/de-at\/wp-json\/wp\/v2\/media?parent=270594"}],"wp:term":[{"taxonomy":"product_cat","embeddable":true,"href":"https:\/\/coffeelounge.delonghi.com\/de-at\/wp-json\/wp\/v2\/product_cat?post=270594"},{"taxonomy":"product_tag","embeddable":true,"href":"https:\/\/coffeelounge.delonghi.com\/de-at\/wp-json\/wp\/v2\/product_tag?post=270594"}],"curies":[{"name":"wp","href":"https:\/\/api.w.org\/{rel}","templated":true}]}}