{"id":270548,"date":"2022-10-20T09:49:03","date_gmt":"2022-10-20T09:49:03","guid":{"rendered":"https:\/\/coffeelounge.delonghi.com\/?post_type=product&#038;p=270548"},"modified":"2024-03-04T07:29:02","modified_gmt":"2024-03-04T07:29:02","slug":"rostraum-ana-sol","status":"publish","type":"product","link":"https:\/\/coffeelounge.delonghi.com\/de-at\/product\/rostraum-ana-sol\/","title":{"rendered":"Ana Sol"},"content":{"rendered":"<p>Dieser Kaffee ist au\u00dfergew\u00f6hnlich. Zwei Specialty Coffees von zwei Farmen in El Salvador und Guatemala ergeben nach unserer Espresso R\u00f6stung einen besonders kr\u00e4fitgen Blend. Speziell in der Milch entwickelt er eine intensive S\u00fc\u00dfe mit Noten von Milchschokolade, Mandel, Malz und Honig und einen Hauch Vanille. Die Aromen gepaart mit einer ausgewogener S\u00e4ure sorgt f\u00fcr einen langen, s\u00fc\u00dfen Abgang. Ohne Milch findest du in Ana Sol einen kr\u00e4ftigen, lebhaften und sehr schokoladigen Begleiter.<\/p>\n","protected":false},"excerpt":{"rendered":"<p>Dieser Kaffee ist au\u00dfergew\u00f6hnlich. Zwei Specialty Coffees von zwei Farmen in El Salvador und Guatemala ergeben nach unserer Espresso R\u00f6stung einen besonders kr\u00e4fitgen Blend. Speziell in der Milch entwickelt er eine intensive S\u00fc\u00dfe mit Noten von Milchschokolade, Mandel, Malz und Honig und einen Hauch Vanille. Die Aromen gepaart mit einer ausgewogener S\u00e4ure sorgt f\u00fcr einen [&hellip;]<\/p>\n","protected":false},"featured_media":270554,"comment_status":"closed","ping_status":"closed","template":"","meta":{"_acf_changed":false},"product_cat":[653,658],"product_tag":[],"class_list":{"0":"post-270548","1":"product","2":"type-product","3":"status-publish","4":"has-post-thumbnail","6":"product_cat-alle-kaffees-de-at","7":"product_cat-spezialitatenkaffee","9":"first","10":"instock","11":"taxable","12":"shipping-taxable","13":"purchasable","14":"product-type-variable"},"acf":[],"yoast_head":"<!-- This site is optimized with the Yoast SEO Premium plugin v24.5 (Yoast SEO v24.5) - https:\/\/yoast.com\/wordpress\/plugins\/seo\/ -->\n<title>Ana Sol | Coffee Lounge De&#039;Longhi<\/title>\n<meta name=\"description\" content=\"Zwei Specialty Coffees von zwei Farmen in El Salvador und Guatemala ergeben nach unserer Espresso R\u00f6stung einen besonders kr\u00e4fitgen Blend. Speziell in der Milch entwickelt er eine intensive S\u00fc\u00dfe mit Noten von Milchschokolade, Mandel, Malz und Honig und einen Hauch Vanille.\" \/>\n<meta name=\"robots\" content=\"index, follow, max-snippet:-1, max-image-preview:large, max-video-preview:-1\" \/>\n<meta name=\"twitter:card\" content=\"summary_large_image\" \/>\n<meta name=\"twitter:title\" content=\"Ana Sol | Coffee Lounge De&#039;Longhi\" \/>\n<meta name=\"twitter:description\" content=\"Zwei Specialty Coffees von zwei Farmen in El Salvador und Guatemala ergeben nach unserer Espresso R\u00f6stung einen besonders kr\u00e4fitgen Blend. Speziell in der Milch entwickelt er eine intensive S\u00fc\u00dfe mit Noten von Milchschokolade, Mandel, Malz und Honig und einen Hauch Vanille.\" \/>\n<meta name=\"twitter:image\" content=\"https:\/\/coffeelounge.delonghi.com\/wp-content\/uploads\/2022\/09\/RR_MOCKUP_AnaSol.png\" \/>\n<script type=\"application\/ld+json\" class=\"yoast-schema-graph\">{\"@context\":\"https:\/\/schema.org\",\"@graph\":[{\"@type\":\"WebPage\",\"@id\":\"https:\/\/coffeelounge.delonghi.com\/de-at\/product\/rostraum-ana-sol\/\",\"url\":\"https:\/\/coffeelounge.delonghi.com\/de-at\/product\/rostraum-ana-sol\/\",\"name\":\"Ana Sol | Coffee Lounge De&#039;Longhi\",\"isPartOf\":{\"@id\":\"https:\/\/coffeelounge.delonghi.com\/de-at\/#website\"},\"primaryImageOfPage\":{\"@id\":\"https:\/\/coffeelounge.delonghi.com\/de-at\/product\/rostraum-ana-sol\/#primaryimage\"},\"image\":{\"@id\":\"https:\/\/coffeelounge.delonghi.com\/de-at\/product\/rostraum-ana-sol\/#primaryimage\"},\"thumbnailUrl\":\"https:\/\/coffeelounge.delonghi.com\/wp-content\/uploads\/2022\/09\/RR_MOCKUP_AnaSol.png\",\"datePublished\":\"2022-10-20T09:49:03+00:00\",\"dateModified\":\"2024-03-04T07:29:02+00:00\",\"description\":\"Zwei Specialty Coffees von zwei Farmen in El Salvador und Guatemala ergeben nach unserer Espresso R\u00f6stung einen besonders kr\u00e4fitgen Blend. Speziell in der Milch entwickelt er eine intensive S\u00fc\u00dfe mit Noten von Milchschokolade, Mandel, Malz und Honig und einen Hauch Vanille.\",\"breadcrumb\":{\"@id\":\"https:\/\/coffeelounge.delonghi.com\/de-at\/product\/rostraum-ana-sol\/#breadcrumb\"},\"inLanguage\":\"de-at\",\"potentialAction\":[{\"@type\":\"ReadAction\",\"target\":[\"https:\/\/coffeelounge.delonghi.com\/de-at\/product\/rostraum-ana-sol\/\"]}]},{\"@type\":\"ImageObject\",\"inLanguage\":\"de-at\",\"@id\":\"https:\/\/coffeelounge.delonghi.com\/de-at\/product\/rostraum-ana-sol\/#primaryimage\",\"url\":\"https:\/\/coffeelounge.delonghi.com\/wp-content\/uploads\/2022\/09\/RR_MOCKUP_AnaSol.png\",\"contentUrl\":\"https:\/\/coffeelounge.delonghi.com\/wp-content\/uploads\/2022\/09\/RR_MOCKUP_AnaSol.png\",\"width\":1544,\"height\":1856},{\"@type\":\"BreadcrumbList\",\"@id\":\"https:\/\/coffeelounge.delonghi.com\/de-at\/product\/rostraum-ana-sol\/#breadcrumb\",\"itemListElement\":[{\"@type\":\"ListItem\",\"position\":1,\"name\":\"Home\",\"item\":\"https:\/\/coffeelounge.delonghi.com\/de-at\/\"},{\"@type\":\"ListItem\",\"position\":2,\"name\":\"Boutique\",\"item\":\"https:\/\/coffeelounge.delonghi.com\/fr\/?page_id=36\"},{\"@type\":\"ListItem\",\"position\":3,\"name\":\"Ana Sol\"}]},{\"@type\":\"WebSite\",\"@id\":\"https:\/\/coffeelounge.delonghi.com\/de-at\/#website\",\"url\":\"https:\/\/coffeelounge.delonghi.com\/de-at\/\",\"name\":\"De&#039;Longhi\",\"description\":\"Coffee Lounge\",\"publisher\":{\"@id\":\"https:\/\/coffeelounge.delonghi.com\/de-at\/#organization\"},\"potentialAction\":[{\"@type\":\"SearchAction\",\"target\":{\"@type\":\"EntryPoint\",\"urlTemplate\":\"https:\/\/coffeelounge.delonghi.com\/de-at\/?s={search_term_string}\"},\"query-input\":{\"@type\":\"PropertyValueSpecification\",\"valueRequired\":true,\"valueName\":\"search_term_string\"}}],\"inLanguage\":\"de-at\"},{\"@type\":\"Organization\",\"@id\":\"https:\/\/coffeelounge.delonghi.com\/de-at\/#organization\",\"name\":\"De'Longhi Coffee Lounge\",\"url\":\"https:\/\/coffeelounge.delonghi.com\/de-at\/\",\"logo\":{\"@type\":\"ImageObject\",\"inLanguage\":\"de-at\",\"@id\":\"https:\/\/coffeelounge.delonghi.com\/de-at\/#\/schema\/logo\/image\/\",\"url\":\"https:\/\/coffeelounge.delonghi.com\/wp-content\/uploads\/2020\/05\/delonghi-coffee-lounge-logo-nederland.png\",\"contentUrl\":\"https:\/\/coffeelounge.delonghi.com\/wp-content\/uploads\/2020\/05\/delonghi-coffee-lounge-logo-nederland.png\",\"width\":2337,\"height\":724,\"caption\":\"De'Longhi Coffee Lounge\"},\"image\":{\"@id\":\"https:\/\/coffeelounge.delonghi.com\/de-at\/#\/schema\/logo\/image\/\"}}]}<\/script>\n<!-- \/ Yoast SEO Premium plugin. -->","yoast_head_json":{"title":"Ana Sol | Coffee Lounge De&#039;Longhi","description":"Zwei Specialty Coffees von zwei Farmen in El Salvador und Guatemala ergeben nach unserer Espresso R\u00f6stung einen besonders kr\u00e4fitgen Blend. Speziell in der Milch entwickelt er eine intensive S\u00fc\u00dfe mit Noten von Milchschokolade, Mandel, Malz und Honig und einen Hauch Vanille.","robots":{"index":"index","follow":"follow","max-snippet":"max-snippet:-1","max-image-preview":"max-image-preview:large","max-video-preview":"max-video-preview:-1"},"twitter_card":"summary_large_image","twitter_title":"Ana Sol | Coffee Lounge De&#039;Longhi","twitter_description":"Zwei Specialty Coffees von zwei Farmen in El Salvador und Guatemala ergeben nach unserer Espresso R\u00f6stung einen besonders kr\u00e4fitgen Blend. Speziell in der Milch entwickelt er eine intensive S\u00fc\u00dfe mit Noten von Milchschokolade, Mandel, Malz und Honig und einen Hauch Vanille.","twitter_image":"https:\/\/coffeelounge.delonghi.com\/wp-content\/uploads\/2022\/09\/RR_MOCKUP_AnaSol.png","schema":{"@context":"https:\/\/schema.org","@graph":[{"@type":"WebPage","@id":"https:\/\/coffeelounge.delonghi.com\/de-at\/product\/rostraum-ana-sol\/","url":"https:\/\/coffeelounge.delonghi.com\/de-at\/product\/rostraum-ana-sol\/","name":"Ana Sol | Coffee Lounge De&#039;Longhi","isPartOf":{"@id":"https:\/\/coffeelounge.delonghi.com\/de-at\/#website"},"primaryImageOfPage":{"@id":"https:\/\/coffeelounge.delonghi.com\/de-at\/product\/rostraum-ana-sol\/#primaryimage"},"image":{"@id":"https:\/\/coffeelounge.delonghi.com\/de-at\/product\/rostraum-ana-sol\/#primaryimage"},"thumbnailUrl":"https:\/\/coffeelounge.delonghi.com\/wp-content\/uploads\/2022\/09\/RR_MOCKUP_AnaSol.png","datePublished":"2022-10-20T09:49:03+00:00","dateModified":"2024-03-04T07:29:02+00:00","description":"Zwei Specialty Coffees von zwei Farmen in El Salvador und Guatemala ergeben nach unserer Espresso R\u00f6stung einen besonders kr\u00e4fitgen Blend. Speziell in der Milch entwickelt er eine intensive S\u00fc\u00dfe mit Noten von Milchschokolade, Mandel, Malz und Honig und einen Hauch Vanille.","breadcrumb":{"@id":"https:\/\/coffeelounge.delonghi.com\/de-at\/product\/rostraum-ana-sol\/#breadcrumb"},"inLanguage":"de-at","potentialAction":[{"@type":"ReadAction","target":["https:\/\/coffeelounge.delonghi.com\/de-at\/product\/rostraum-ana-sol\/"]}]},{"@type":"ImageObject","inLanguage":"de-at","@id":"https:\/\/coffeelounge.delonghi.com\/de-at\/product\/rostraum-ana-sol\/#primaryimage","url":"https:\/\/coffeelounge.delonghi.com\/wp-content\/uploads\/2022\/09\/RR_MOCKUP_AnaSol.png","contentUrl":"https:\/\/coffeelounge.delonghi.com\/wp-content\/uploads\/2022\/09\/RR_MOCKUP_AnaSol.png","width":1544,"height":1856},{"@type":"BreadcrumbList","@id":"https:\/\/coffeelounge.delonghi.com\/de-at\/product\/rostraum-ana-sol\/#breadcrumb","itemListElement":[{"@type":"ListItem","position":1,"name":"Home","item":"https:\/\/coffeelounge.delonghi.com\/de-at\/"},{"@type":"ListItem","position":2,"name":"Boutique","item":"https:\/\/coffeelounge.delonghi.com\/fr\/?page_id=36"},{"@type":"ListItem","position":3,"name":"Ana Sol"}]},{"@type":"WebSite","@id":"https:\/\/coffeelounge.delonghi.com\/de-at\/#website","url":"https:\/\/coffeelounge.delonghi.com\/de-at\/","name":"De&#039;Longhi","description":"Coffee Lounge","publisher":{"@id":"https:\/\/coffeelounge.delonghi.com\/de-at\/#organization"},"potentialAction":[{"@type":"SearchAction","target":{"@type":"EntryPoint","urlTemplate":"https:\/\/coffeelounge.delonghi.com\/de-at\/?s={search_term_string}"},"query-input":{"@type":"PropertyValueSpecification","valueRequired":true,"valueName":"search_term_string"}}],"inLanguage":"de-at"},{"@type":"Organization","@id":"https:\/\/coffeelounge.delonghi.com\/de-at\/#organization","name":"De'Longhi Coffee Lounge","url":"https:\/\/coffeelounge.delonghi.com\/de-at\/","logo":{"@type":"ImageObject","inLanguage":"de-at","@id":"https:\/\/coffeelounge.delonghi.com\/de-at\/#\/schema\/logo\/image\/","url":"https:\/\/coffeelounge.delonghi.com\/wp-content\/uploads\/2020\/05\/delonghi-coffee-lounge-logo-nederland.png","contentUrl":"https:\/\/coffeelounge.delonghi.com\/wp-content\/uploads\/2020\/05\/delonghi-coffee-lounge-logo-nederland.png","width":2337,"height":724,"caption":"De'Longhi Coffee Lounge"},"image":{"@id":"https:\/\/coffeelounge.delonghi.com\/de-at\/#\/schema\/logo\/image\/"}}]}},"_links":{"self":[{"href":"https:\/\/coffeelounge.delonghi.com\/de-at\/wp-json\/wp\/v2\/product\/270548","targetHints":{"allow":["GET"]}}],"collection":[{"href":"https:\/\/coffeelounge.delonghi.com\/de-at\/wp-json\/wp\/v2\/product"}],"about":[{"href":"https:\/\/coffeelounge.delonghi.com\/de-at\/wp-json\/wp\/v2\/types\/product"}],"replies":[{"embeddable":true,"href":"https:\/\/coffeelounge.delonghi.com\/de-at\/wp-json\/wp\/v2\/comments?post=270548"}],"version-history":[{"count":5,"href":"https:\/\/coffeelounge.delonghi.com\/de-at\/wp-json\/wp\/v2\/product\/270548\/revisions"}],"predecessor-version":[{"id":421838,"href":"https:\/\/coffeelounge.delonghi.com\/de-at\/wp-json\/wp\/v2\/product\/270548\/revisions\/421838"}],"wp:featuredmedia":[{"embeddable":true,"href":"https:\/\/coffeelounge.delonghi.com\/de-at\/wp-json\/wp\/v2\/media\/270554"}],"wp:attachment":[{"href":"https:\/\/coffeelounge.delonghi.com\/de-at\/wp-json\/wp\/v2\/media?parent=270548"}],"wp:term":[{"taxonomy":"product_cat","embeddable":true,"href":"https:\/\/coffeelounge.delonghi.com\/de-at\/wp-json\/wp\/v2\/product_cat?post=270548"},{"taxonomy":"product_tag","embeddable":true,"href":"https:\/\/coffeelounge.delonghi.com\/de-at\/wp-json\/wp\/v2\/product_tag?post=270548"}],"curies":[{"name":"wp","href":"https:\/\/api.w.org\/{rel}","templated":true}]}}