{"id":270476,"date":"2022-10-20T09:47:32","date_gmt":"2022-10-20T09:47:32","guid":{"rendered":"https:\/\/coffeelounge.delonghi.com\/?post_type=product&#038;p=270476"},"modified":"2024-03-04T07:30:04","modified_gmt":"2024-03-04T07:30:04","slug":"rostraum-rojo","status":"publish","type":"product","link":"https:\/\/coffeelounge.delonghi.com\/de-at\/product\/rostraum-rojo\/","title":{"rendered":"Rojo"},"content":{"rendered":"<p>In B\u00fcros steht der Kaffee zumeist im Mittelpunkt:<br \/>\nEr macht nicht nur wach, sondern er ist \u00fcberall dabei, um die Menschen mit seinem Aroma und Geschmack zu verw\u00f6hnen. Ein guter Kaffee hebt die Laune und somit die Arbeitsqualit\u00e4t. F\u00fcr Mitarbeiter, Kunden \u2013 und auch den Chef: nur der beste Kaffee! Ein Brasil Natural darf in unserem Sortiment nicht fehlen. Sorgsam ger\u00f6stet ergibt es einen s\u00e4urearmen, sehr schokoladigen, nicht zu kr\u00e4ftigen Kaffee. Ohne Ecken und Kanten ist er dein t\u00e4glicher Begleiter und bestens geeignet f\u00fcr Siebtr\u00e4ger, Moka Pots und Vollautomaten. Dabei bleibt er stets bek\u00f6mmlich und rund.<\/p>\n","protected":false},"excerpt":{"rendered":"<p>In B\u00fcros steht der Kaffee zumeist im Mittelpunkt: Er macht nicht nur wach, sondern er ist \u00fcberall dabei, um die Menschen mit seinem Aroma und Geschmack zu verw\u00f6hnen. Ein guter Kaffee hebt die Laune und somit die Arbeitsqualit\u00e4t. F\u00fcr Mitarbeiter, Kunden \u2013 und auch den Chef: nur der beste Kaffee! Ein Brasil Natural darf in [&hellip;]<\/p>\n","protected":false},"featured_media":270482,"comment_status":"closed","ping_status":"closed","template":"","meta":{"_acf_changed":false},"product_cat":[653,657],"product_tag":[],"class_list":{"0":"post-270476","1":"product","2":"type-product","3":"status-publish","4":"has-post-thumbnail","6":"product_cat-alle-kaffees-de-at","7":"product_cat-single-origin-de-at","9":"first","10":"instock","11":"taxable","12":"shipping-taxable","13":"purchasable","14":"product-type-variable"},"acf":[],"yoast_head":"<!-- This site is optimized with the Yoast SEO Premium plugin v24.5 (Yoast SEO v24.5) - https:\/\/yoast.com\/wordpress\/plugins\/seo\/ -->\n<title>Rojo | Coffee Lounge De&#039;Longhi<\/title>\n<meta name=\"description\" content=\"Sorgsam ger\u00f6stet ergibt es einen s\u00e4urearmen, sehr schokoladigen, nicht zu kr\u00e4ftigen Kaffee.Ohne Ecken und Kanten ist er dein t\u00e4glicher Begleiter und bestens geeignet f\u00fcr Siebtr\u00e4ger, Moka Pots und Vollautomaten.\" \/>\n<meta name=\"robots\" content=\"index, follow, max-snippet:-1, max-image-preview:large, max-video-preview:-1\" \/>\n<meta name=\"twitter:card\" content=\"summary_large_image\" \/>\n<meta name=\"twitter:title\" content=\"Rojo | Coffee Lounge De&#039;Longhi\" \/>\n<meta name=\"twitter:description\" content=\"Sorgsam ger\u00f6stet ergibt es einen s\u00e4urearmen, sehr schokoladigen, nicht zu kr\u00e4ftigen Kaffee.Ohne Ecken und Kanten ist er dein t\u00e4glicher Begleiter und bestens geeignet f\u00fcr Siebtr\u00e4ger, Moka Pots und Vollautomaten.\" \/>\n<meta name=\"twitter:image\" content=\"https:\/\/coffeelounge.delonghi.com\/wp-content\/uploads\/2022\/09\/RR_MOCKUP_Rojo.png\" \/>\n<script type=\"application\/ld+json\" class=\"yoast-schema-graph\">{\"@context\":\"https:\/\/schema.org\",\"@graph\":[{\"@type\":\"WebPage\",\"@id\":\"https:\/\/coffeelounge.delonghi.com\/de-at\/product\/rostraum-rojo\/\",\"url\":\"https:\/\/coffeelounge.delonghi.com\/de-at\/product\/rostraum-rojo\/\",\"name\":\"Rojo | Coffee Lounge De&#039;Longhi\",\"isPartOf\":{\"@id\":\"https:\/\/coffeelounge.delonghi.com\/de-at\/#website\"},\"primaryImageOfPage\":{\"@id\":\"https:\/\/coffeelounge.delonghi.com\/de-at\/product\/rostraum-rojo\/#primaryimage\"},\"image\":{\"@id\":\"https:\/\/coffeelounge.delonghi.com\/de-at\/product\/rostraum-rojo\/#primaryimage\"},\"thumbnailUrl\":\"https:\/\/coffeelounge.delonghi.com\/wp-content\/uploads\/2022\/09\/RR_MOCKUP_Rojo.png\",\"datePublished\":\"2022-10-20T09:47:32+00:00\",\"dateModified\":\"2024-03-04T07:30:04+00:00\",\"description\":\"Sorgsam ger\u00f6stet ergibt es einen s\u00e4urearmen, sehr schokoladigen, nicht zu kr\u00e4ftigen Kaffee.Ohne Ecken und Kanten ist er dein t\u00e4glicher Begleiter und bestens geeignet f\u00fcr Siebtr\u00e4ger, Moka Pots und Vollautomaten.\",\"breadcrumb\":{\"@id\":\"https:\/\/coffeelounge.delonghi.com\/de-at\/product\/rostraum-rojo\/#breadcrumb\"},\"inLanguage\":\"de-at\",\"potentialAction\":[{\"@type\":\"ReadAction\",\"target\":[\"https:\/\/coffeelounge.delonghi.com\/de-at\/product\/rostraum-rojo\/\"]}]},{\"@type\":\"ImageObject\",\"inLanguage\":\"de-at\",\"@id\":\"https:\/\/coffeelounge.delonghi.com\/de-at\/product\/rostraum-rojo\/#primaryimage\",\"url\":\"https:\/\/coffeelounge.delonghi.com\/wp-content\/uploads\/2022\/09\/RR_MOCKUP_Rojo.png\",\"contentUrl\":\"https:\/\/coffeelounge.delonghi.com\/wp-content\/uploads\/2022\/09\/RR_MOCKUP_Rojo.png\",\"width\":1544,\"height\":1856},{\"@type\":\"BreadcrumbList\",\"@id\":\"https:\/\/coffeelounge.delonghi.com\/de-at\/product\/rostraum-rojo\/#breadcrumb\",\"itemListElement\":[{\"@type\":\"ListItem\",\"position\":1,\"name\":\"Home\",\"item\":\"https:\/\/coffeelounge.delonghi.com\/de-at\/\"},{\"@type\":\"ListItem\",\"position\":2,\"name\":\"Boutique\",\"item\":\"https:\/\/coffeelounge.delonghi.com\/fr\/?page_id=36\"},{\"@type\":\"ListItem\",\"position\":3,\"name\":\"Rojo\"}]},{\"@type\":\"WebSite\",\"@id\":\"https:\/\/coffeelounge.delonghi.com\/de-at\/#website\",\"url\":\"https:\/\/coffeelounge.delonghi.com\/de-at\/\",\"name\":\"De&#039;Longhi\",\"description\":\"Coffee Lounge\",\"publisher\":{\"@id\":\"https:\/\/coffeelounge.delonghi.com\/de-at\/#organization\"},\"potentialAction\":[{\"@type\":\"SearchAction\",\"target\":{\"@type\":\"EntryPoint\",\"urlTemplate\":\"https:\/\/coffeelounge.delonghi.com\/de-at\/?s={search_term_string}\"},\"query-input\":{\"@type\":\"PropertyValueSpecification\",\"valueRequired\":true,\"valueName\":\"search_term_string\"}}],\"inLanguage\":\"de-at\"},{\"@type\":\"Organization\",\"@id\":\"https:\/\/coffeelounge.delonghi.com\/de-at\/#organization\",\"name\":\"De'Longhi Coffee Lounge\",\"url\":\"https:\/\/coffeelounge.delonghi.com\/de-at\/\",\"logo\":{\"@type\":\"ImageObject\",\"inLanguage\":\"de-at\",\"@id\":\"https:\/\/coffeelounge.delonghi.com\/de-at\/#\/schema\/logo\/image\/\",\"url\":\"https:\/\/coffeelounge.delonghi.com\/wp-content\/uploads\/2020\/05\/delonghi-coffee-lounge-logo-nederland.png\",\"contentUrl\":\"https:\/\/coffeelounge.delonghi.com\/wp-content\/uploads\/2020\/05\/delonghi-coffee-lounge-logo-nederland.png\",\"width\":2337,\"height\":724,\"caption\":\"De'Longhi Coffee Lounge\"},\"image\":{\"@id\":\"https:\/\/coffeelounge.delonghi.com\/de-at\/#\/schema\/logo\/image\/\"}}]}<\/script>\n<!-- \/ Yoast SEO Premium plugin. -->","yoast_head_json":{"title":"Rojo | Coffee Lounge De&#039;Longhi","description":"Sorgsam ger\u00f6stet ergibt es einen s\u00e4urearmen, sehr schokoladigen, nicht zu kr\u00e4ftigen Kaffee.Ohne Ecken und Kanten ist er dein t\u00e4glicher Begleiter und bestens geeignet f\u00fcr Siebtr\u00e4ger, Moka Pots und Vollautomaten.","robots":{"index":"index","follow":"follow","max-snippet":"max-snippet:-1","max-image-preview":"max-image-preview:large","max-video-preview":"max-video-preview:-1"},"twitter_card":"summary_large_image","twitter_title":"Rojo | Coffee Lounge De&#039;Longhi","twitter_description":"Sorgsam ger\u00f6stet ergibt es einen s\u00e4urearmen, sehr schokoladigen, nicht zu kr\u00e4ftigen Kaffee.Ohne Ecken und Kanten ist er dein t\u00e4glicher Begleiter und bestens geeignet f\u00fcr Siebtr\u00e4ger, Moka Pots und Vollautomaten.","twitter_image":"https:\/\/coffeelounge.delonghi.com\/wp-content\/uploads\/2022\/09\/RR_MOCKUP_Rojo.png","schema":{"@context":"https:\/\/schema.org","@graph":[{"@type":"WebPage","@id":"https:\/\/coffeelounge.delonghi.com\/de-at\/product\/rostraum-rojo\/","url":"https:\/\/coffeelounge.delonghi.com\/de-at\/product\/rostraum-rojo\/","name":"Rojo | Coffee Lounge De&#039;Longhi","isPartOf":{"@id":"https:\/\/coffeelounge.delonghi.com\/de-at\/#website"},"primaryImageOfPage":{"@id":"https:\/\/coffeelounge.delonghi.com\/de-at\/product\/rostraum-rojo\/#primaryimage"},"image":{"@id":"https:\/\/coffeelounge.delonghi.com\/de-at\/product\/rostraum-rojo\/#primaryimage"},"thumbnailUrl":"https:\/\/coffeelounge.delonghi.com\/wp-content\/uploads\/2022\/09\/RR_MOCKUP_Rojo.png","datePublished":"2022-10-20T09:47:32+00:00","dateModified":"2024-03-04T07:30:04+00:00","description":"Sorgsam ger\u00f6stet ergibt es einen s\u00e4urearmen, sehr schokoladigen, nicht zu kr\u00e4ftigen Kaffee.Ohne Ecken und Kanten ist er dein t\u00e4glicher Begleiter und bestens geeignet f\u00fcr Siebtr\u00e4ger, Moka Pots und Vollautomaten.","breadcrumb":{"@id":"https:\/\/coffeelounge.delonghi.com\/de-at\/product\/rostraum-rojo\/#breadcrumb"},"inLanguage":"de-at","potentialAction":[{"@type":"ReadAction","target":["https:\/\/coffeelounge.delonghi.com\/de-at\/product\/rostraum-rojo\/"]}]},{"@type":"ImageObject","inLanguage":"de-at","@id":"https:\/\/coffeelounge.delonghi.com\/de-at\/product\/rostraum-rojo\/#primaryimage","url":"https:\/\/coffeelounge.delonghi.com\/wp-content\/uploads\/2022\/09\/RR_MOCKUP_Rojo.png","contentUrl":"https:\/\/coffeelounge.delonghi.com\/wp-content\/uploads\/2022\/09\/RR_MOCKUP_Rojo.png","width":1544,"height":1856},{"@type":"BreadcrumbList","@id":"https:\/\/coffeelounge.delonghi.com\/de-at\/product\/rostraum-rojo\/#breadcrumb","itemListElement":[{"@type":"ListItem","position":1,"name":"Home","item":"https:\/\/coffeelounge.delonghi.com\/de-at\/"},{"@type":"ListItem","position":2,"name":"Boutique","item":"https:\/\/coffeelounge.delonghi.com\/fr\/?page_id=36"},{"@type":"ListItem","position":3,"name":"Rojo"}]},{"@type":"WebSite","@id":"https:\/\/coffeelounge.delonghi.com\/de-at\/#website","url":"https:\/\/coffeelounge.delonghi.com\/de-at\/","name":"De&#039;Longhi","description":"Coffee Lounge","publisher":{"@id":"https:\/\/coffeelounge.delonghi.com\/de-at\/#organization"},"potentialAction":[{"@type":"SearchAction","target":{"@type":"EntryPoint","urlTemplate":"https:\/\/coffeelounge.delonghi.com\/de-at\/?s={search_term_string}"},"query-input":{"@type":"PropertyValueSpecification","valueRequired":true,"valueName":"search_term_string"}}],"inLanguage":"de-at"},{"@type":"Organization","@id":"https:\/\/coffeelounge.delonghi.com\/de-at\/#organization","name":"De'Longhi Coffee Lounge","url":"https:\/\/coffeelounge.delonghi.com\/de-at\/","logo":{"@type":"ImageObject","inLanguage":"de-at","@id":"https:\/\/coffeelounge.delonghi.com\/de-at\/#\/schema\/logo\/image\/","url":"https:\/\/coffeelounge.delonghi.com\/wp-content\/uploads\/2020\/05\/delonghi-coffee-lounge-logo-nederland.png","contentUrl":"https:\/\/coffeelounge.delonghi.com\/wp-content\/uploads\/2020\/05\/delonghi-coffee-lounge-logo-nederland.png","width":2337,"height":724,"caption":"De'Longhi Coffee Lounge"},"image":{"@id":"https:\/\/coffeelounge.delonghi.com\/de-at\/#\/schema\/logo\/image\/"}}]}},"_links":{"self":[{"href":"https:\/\/coffeelounge.delonghi.com\/de-at\/wp-json\/wp\/v2\/product\/270476","targetHints":{"allow":["GET"]}}],"collection":[{"href":"https:\/\/coffeelounge.delonghi.com\/de-at\/wp-json\/wp\/v2\/product"}],"about":[{"href":"https:\/\/coffeelounge.delonghi.com\/de-at\/wp-json\/wp\/v2\/types\/product"}],"replies":[{"embeddable":true,"href":"https:\/\/coffeelounge.delonghi.com\/de-at\/wp-json\/wp\/v2\/comments?post=270476"}],"version-history":[{"count":4,"href":"https:\/\/coffeelounge.delonghi.com\/de-at\/wp-json\/wp\/v2\/product\/270476\/revisions"}],"predecessor-version":[{"id":421840,"href":"https:\/\/coffeelounge.delonghi.com\/de-at\/wp-json\/wp\/v2\/product\/270476\/revisions\/421840"}],"wp:featuredmedia":[{"embeddable":true,"href":"https:\/\/coffeelounge.delonghi.com\/de-at\/wp-json\/wp\/v2\/media\/270482"}],"wp:attachment":[{"href":"https:\/\/coffeelounge.delonghi.com\/de-at\/wp-json\/wp\/v2\/media?parent=270476"}],"wp:term":[{"taxonomy":"product_cat","embeddable":true,"href":"https:\/\/coffeelounge.delonghi.com\/de-at\/wp-json\/wp\/v2\/product_cat?post=270476"},{"taxonomy":"product_tag","embeddable":true,"href":"https:\/\/coffeelounge.delonghi.com\/de-at\/wp-json\/wp\/v2\/product_tag?post=270476"}],"curies":[{"name":"wp","href":"https:\/\/api.w.org\/{rel}","templated":true}]}}