{"id":270450,"date":"2022-10-20T09:46:29","date_gmt":"2022-10-20T09:46:29","guid":{"rendered":"https:\/\/coffeelounge.delonghi.com\/?post_type=product&#038;p=270450"},"modified":"2024-03-04T07:30:22","modified_gmt":"2024-03-04T07:30:22","slug":"roestraum-nero","status":"publish","type":"product","link":"https:\/\/coffeelounge.delonghi.com\/de-at\/product\/roestraum-nero\/","title":{"rendered":"Nero"},"content":{"rendered":"<p>Unsere moderne Interpretation eines italienischen Kaffees und unser Top Seller im Sortiment. Durch eine mittlere bis d\u00fcnklere R\u00f6stung von speziell und hochwertig aufbereiteten Rohkaffees vereint er traditionelle, schokoladige und kr\u00e4ftige Noten mit der S\u00fc\u00dfe von modernen Kaffees. In der Tasse zeichnet er sich durch eine sch\u00f6ne und dichte Crema aus. Perfekt f\u00fcr alle italienischen Zubereitungsarten!<\/p>\n","protected":false},"excerpt":{"rendered":"<p>Unsere moderne Interpretation eines italienischen Kaffees und unser Top Seller im Sortiment. Durch eine mittlere bis d\u00fcnklere R\u00f6stung von speziell und hochwertig aufbereiteten Rohkaffees vereint er traditionelle, schokoladige und kr\u00e4ftige Noten mit der S\u00fc\u00dfe von modernen Kaffees. In der Tasse zeichnet er sich durch eine sch\u00f6ne und dichte Crema aus. Perfekt f\u00fcr alle italienischen Zubereitungsarten!<\/p>\n","protected":false},"featured_media":270460,"comment_status":"closed","ping_status":"closed","template":"","meta":{"_acf_changed":false},"product_cat":[653,655],"product_tag":[],"class_list":{"0":"post-270450","1":"product","2":"type-product","3":"status-publish","4":"has-post-thumbnail","6":"product_cat-alle-kaffees-de-at","7":"product_cat-blend-de-at","9":"first","10":"instock","11":"taxable","12":"shipping-taxable","13":"purchasable","14":"product-type-variable"},"acf":[],"yoast_head":"<!-- This site is optimized with the Yoast SEO Premium plugin v24.5 (Yoast SEO v24.5) - https:\/\/yoast.com\/wordpress\/plugins\/seo\/ -->\n<title>Nero | Coffee Lounge De&#039;Longhi<\/title>\n<meta name=\"description\" content=\"Unsere moderne Interpretation eines italienischen Kaffees und unser Top Seller im Sortiment. Durch eine mittlere bis d\u00fcnklere R\u00f6stung von speziell und hochwertig aufbereiteten Rohkaffees vereint er traditionelle, schokoladige und kr\u00e4ftige Noten mit der S\u00fc\u00dfe von modernen Kaffees.\" \/>\n<meta name=\"robots\" content=\"index, follow, max-snippet:-1, max-image-preview:large, max-video-preview:-1\" \/>\n<meta name=\"twitter:card\" content=\"summary_large_image\" \/>\n<meta name=\"twitter:title\" content=\"Nero | Coffee Lounge De&#039;Longhi\" \/>\n<meta name=\"twitter:description\" content=\"Unsere moderne Interpretation eines italienischen Kaffees und unser Top Seller im Sortiment. Durch eine mittlere bis d\u00fcnklere R\u00f6stung von speziell und hochwertig aufbereiteten Rohkaffees vereint er traditionelle, schokoladige und kr\u00e4ftige Noten mit der S\u00fc\u00dfe von modernen Kaffees.\" \/>\n<meta name=\"twitter:image\" content=\"https:\/\/coffeelounge.delonghi.com\/wp-content\/uploads\/2022\/09\/RR_MOCKUP_Nero-1.png\" \/>\n<script type=\"application\/ld+json\" class=\"yoast-schema-graph\">{\"@context\":\"https:\/\/schema.org\",\"@graph\":[{\"@type\":\"WebPage\",\"@id\":\"https:\/\/coffeelounge.delonghi.com\/de-at\/product\/roestraum-nero\/\",\"url\":\"https:\/\/coffeelounge.delonghi.com\/de-at\/product\/roestraum-nero\/\",\"name\":\"Nero | Coffee Lounge De&#039;Longhi\",\"isPartOf\":{\"@id\":\"https:\/\/coffeelounge.delonghi.com\/de-at\/#website\"},\"primaryImageOfPage\":{\"@id\":\"https:\/\/coffeelounge.delonghi.com\/de-at\/product\/roestraum-nero\/#primaryimage\"},\"image\":{\"@id\":\"https:\/\/coffeelounge.delonghi.com\/de-at\/product\/roestraum-nero\/#primaryimage\"},\"thumbnailUrl\":\"https:\/\/coffeelounge.delonghi.com\/wp-content\/uploads\/2022\/09\/RR_MOCKUP_Nero-1.png\",\"datePublished\":\"2022-10-20T09:46:29+00:00\",\"dateModified\":\"2024-03-04T07:30:22+00:00\",\"description\":\"Unsere moderne Interpretation eines italienischen Kaffees und unser Top Seller im Sortiment. Durch eine mittlere bis d\u00fcnklere R\u00f6stung von speziell und hochwertig aufbereiteten Rohkaffees vereint er traditionelle, schokoladige und kr\u00e4ftige Noten mit der S\u00fc\u00dfe von modernen Kaffees.\",\"breadcrumb\":{\"@id\":\"https:\/\/coffeelounge.delonghi.com\/de-at\/product\/roestraum-nero\/#breadcrumb\"},\"inLanguage\":\"de-at\",\"potentialAction\":[{\"@type\":\"ReadAction\",\"target\":[\"https:\/\/coffeelounge.delonghi.com\/de-at\/product\/roestraum-nero\/\"]}]},{\"@type\":\"ImageObject\",\"inLanguage\":\"de-at\",\"@id\":\"https:\/\/coffeelounge.delonghi.com\/de-at\/product\/roestraum-nero\/#primaryimage\",\"url\":\"https:\/\/coffeelounge.delonghi.com\/wp-content\/uploads\/2022\/09\/RR_MOCKUP_Nero-1.png\",\"contentUrl\":\"https:\/\/coffeelounge.delonghi.com\/wp-content\/uploads\/2022\/09\/RR_MOCKUP_Nero-1.png\",\"width\":1544,\"height\":1856},{\"@type\":\"BreadcrumbList\",\"@id\":\"https:\/\/coffeelounge.delonghi.com\/de-at\/product\/roestraum-nero\/#breadcrumb\",\"itemListElement\":[{\"@type\":\"ListItem\",\"position\":1,\"name\":\"Home\",\"item\":\"https:\/\/coffeelounge.delonghi.com\/de-at\/\"},{\"@type\":\"ListItem\",\"position\":2,\"name\":\"Boutique\",\"item\":\"https:\/\/coffeelounge.delonghi.com\/fr\/?page_id=36\"},{\"@type\":\"ListItem\",\"position\":3,\"name\":\"Nero\"}]},{\"@type\":\"WebSite\",\"@id\":\"https:\/\/coffeelounge.delonghi.com\/de-at\/#website\",\"url\":\"https:\/\/coffeelounge.delonghi.com\/de-at\/\",\"name\":\"De&#039;Longhi\",\"description\":\"Coffee Lounge\",\"publisher\":{\"@id\":\"https:\/\/coffeelounge.delonghi.com\/de-at\/#organization\"},\"potentialAction\":[{\"@type\":\"SearchAction\",\"target\":{\"@type\":\"EntryPoint\",\"urlTemplate\":\"https:\/\/coffeelounge.delonghi.com\/de-at\/?s={search_term_string}\"},\"query-input\":{\"@type\":\"PropertyValueSpecification\",\"valueRequired\":true,\"valueName\":\"search_term_string\"}}],\"inLanguage\":\"de-at\"},{\"@type\":\"Organization\",\"@id\":\"https:\/\/coffeelounge.delonghi.com\/de-at\/#organization\",\"name\":\"De'Longhi Coffee Lounge\",\"url\":\"https:\/\/coffeelounge.delonghi.com\/de-at\/\",\"logo\":{\"@type\":\"ImageObject\",\"inLanguage\":\"de-at\",\"@id\":\"https:\/\/coffeelounge.delonghi.com\/de-at\/#\/schema\/logo\/image\/\",\"url\":\"https:\/\/coffeelounge.delonghi.com\/wp-content\/uploads\/2020\/05\/delonghi-coffee-lounge-logo-nederland.png\",\"contentUrl\":\"https:\/\/coffeelounge.delonghi.com\/wp-content\/uploads\/2020\/05\/delonghi-coffee-lounge-logo-nederland.png\",\"width\":2337,\"height\":724,\"caption\":\"De'Longhi Coffee Lounge\"},\"image\":{\"@id\":\"https:\/\/coffeelounge.delonghi.com\/de-at\/#\/schema\/logo\/image\/\"}}]}<\/script>\n<!-- \/ Yoast SEO Premium plugin. -->","yoast_head_json":{"title":"Nero | Coffee Lounge De&#039;Longhi","description":"Unsere moderne Interpretation eines italienischen Kaffees und unser Top Seller im Sortiment. Durch eine mittlere bis d\u00fcnklere R\u00f6stung von speziell und hochwertig aufbereiteten Rohkaffees vereint er traditionelle, schokoladige und kr\u00e4ftige Noten mit der S\u00fc\u00dfe von modernen Kaffees.","robots":{"index":"index","follow":"follow","max-snippet":"max-snippet:-1","max-image-preview":"max-image-preview:large","max-video-preview":"max-video-preview:-1"},"twitter_card":"summary_large_image","twitter_title":"Nero | Coffee Lounge De&#039;Longhi","twitter_description":"Unsere moderne Interpretation eines italienischen Kaffees und unser Top Seller im Sortiment. Durch eine mittlere bis d\u00fcnklere R\u00f6stung von speziell und hochwertig aufbereiteten Rohkaffees vereint er traditionelle, schokoladige und kr\u00e4ftige Noten mit der S\u00fc\u00dfe von modernen Kaffees.","twitter_image":"https:\/\/coffeelounge.delonghi.com\/wp-content\/uploads\/2022\/09\/RR_MOCKUP_Nero-1.png","schema":{"@context":"https:\/\/schema.org","@graph":[{"@type":"WebPage","@id":"https:\/\/coffeelounge.delonghi.com\/de-at\/product\/roestraum-nero\/","url":"https:\/\/coffeelounge.delonghi.com\/de-at\/product\/roestraum-nero\/","name":"Nero | Coffee Lounge De&#039;Longhi","isPartOf":{"@id":"https:\/\/coffeelounge.delonghi.com\/de-at\/#website"},"primaryImageOfPage":{"@id":"https:\/\/coffeelounge.delonghi.com\/de-at\/product\/roestraum-nero\/#primaryimage"},"image":{"@id":"https:\/\/coffeelounge.delonghi.com\/de-at\/product\/roestraum-nero\/#primaryimage"},"thumbnailUrl":"https:\/\/coffeelounge.delonghi.com\/wp-content\/uploads\/2022\/09\/RR_MOCKUP_Nero-1.png","datePublished":"2022-10-20T09:46:29+00:00","dateModified":"2024-03-04T07:30:22+00:00","description":"Unsere moderne Interpretation eines italienischen Kaffees und unser Top Seller im Sortiment. Durch eine mittlere bis d\u00fcnklere R\u00f6stung von speziell und hochwertig aufbereiteten Rohkaffees vereint er traditionelle, schokoladige und kr\u00e4ftige Noten mit der S\u00fc\u00dfe von modernen Kaffees.","breadcrumb":{"@id":"https:\/\/coffeelounge.delonghi.com\/de-at\/product\/roestraum-nero\/#breadcrumb"},"inLanguage":"de-at","potentialAction":[{"@type":"ReadAction","target":["https:\/\/coffeelounge.delonghi.com\/de-at\/product\/roestraum-nero\/"]}]},{"@type":"ImageObject","inLanguage":"de-at","@id":"https:\/\/coffeelounge.delonghi.com\/de-at\/product\/roestraum-nero\/#primaryimage","url":"https:\/\/coffeelounge.delonghi.com\/wp-content\/uploads\/2022\/09\/RR_MOCKUP_Nero-1.png","contentUrl":"https:\/\/coffeelounge.delonghi.com\/wp-content\/uploads\/2022\/09\/RR_MOCKUP_Nero-1.png","width":1544,"height":1856},{"@type":"BreadcrumbList","@id":"https:\/\/coffeelounge.delonghi.com\/de-at\/product\/roestraum-nero\/#breadcrumb","itemListElement":[{"@type":"ListItem","position":1,"name":"Home","item":"https:\/\/coffeelounge.delonghi.com\/de-at\/"},{"@type":"ListItem","position":2,"name":"Boutique","item":"https:\/\/coffeelounge.delonghi.com\/fr\/?page_id=36"},{"@type":"ListItem","position":3,"name":"Nero"}]},{"@type":"WebSite","@id":"https:\/\/coffeelounge.delonghi.com\/de-at\/#website","url":"https:\/\/coffeelounge.delonghi.com\/de-at\/","name":"De&#039;Longhi","description":"Coffee Lounge","publisher":{"@id":"https:\/\/coffeelounge.delonghi.com\/de-at\/#organization"},"potentialAction":[{"@type":"SearchAction","target":{"@type":"EntryPoint","urlTemplate":"https:\/\/coffeelounge.delonghi.com\/de-at\/?s={search_term_string}"},"query-input":{"@type":"PropertyValueSpecification","valueRequired":true,"valueName":"search_term_string"}}],"inLanguage":"de-at"},{"@type":"Organization","@id":"https:\/\/coffeelounge.delonghi.com\/de-at\/#organization","name":"De'Longhi Coffee Lounge","url":"https:\/\/coffeelounge.delonghi.com\/de-at\/","logo":{"@type":"ImageObject","inLanguage":"de-at","@id":"https:\/\/coffeelounge.delonghi.com\/de-at\/#\/schema\/logo\/image\/","url":"https:\/\/coffeelounge.delonghi.com\/wp-content\/uploads\/2020\/05\/delonghi-coffee-lounge-logo-nederland.png","contentUrl":"https:\/\/coffeelounge.delonghi.com\/wp-content\/uploads\/2020\/05\/delonghi-coffee-lounge-logo-nederland.png","width":2337,"height":724,"caption":"De'Longhi Coffee Lounge"},"image":{"@id":"https:\/\/coffeelounge.delonghi.com\/de-at\/#\/schema\/logo\/image\/"}}]}},"_links":{"self":[{"href":"https:\/\/coffeelounge.delonghi.com\/de-at\/wp-json\/wp\/v2\/product\/270450","targetHints":{"allow":["GET"]}}],"collection":[{"href":"https:\/\/coffeelounge.delonghi.com\/de-at\/wp-json\/wp\/v2\/product"}],"about":[{"href":"https:\/\/coffeelounge.delonghi.com\/de-at\/wp-json\/wp\/v2\/types\/product"}],"replies":[{"embeddable":true,"href":"https:\/\/coffeelounge.delonghi.com\/de-at\/wp-json\/wp\/v2\/comments?post=270450"}],"version-history":[{"count":2,"href":"https:\/\/coffeelounge.delonghi.com\/de-at\/wp-json\/wp\/v2\/product\/270450\/revisions"}],"predecessor-version":[{"id":421841,"href":"https:\/\/coffeelounge.delonghi.com\/de-at\/wp-json\/wp\/v2\/product\/270450\/revisions\/421841"}],"wp:featuredmedia":[{"embeddable":true,"href":"https:\/\/coffeelounge.delonghi.com\/de-at\/wp-json\/wp\/v2\/media\/270460"}],"wp:attachment":[{"href":"https:\/\/coffeelounge.delonghi.com\/de-at\/wp-json\/wp\/v2\/media?parent=270450"}],"wp:term":[{"taxonomy":"product_cat","embeddable":true,"href":"https:\/\/coffeelounge.delonghi.com\/de-at\/wp-json\/wp\/v2\/product_cat?post=270450"},{"taxonomy":"product_tag","embeddable":true,"href":"https:\/\/coffeelounge.delonghi.com\/de-at\/wp-json\/wp\/v2\/product_tag?post=270450"}],"curies":[{"name":"wp","href":"https:\/\/api.w.org\/{rel}","templated":true}]}}