{"id":265737,"date":"2022-10-20T09:45:51","date_gmt":"2022-10-20T09:45:51","guid":{"rendered":"https:\/\/coffeelounge.delonghi.com\/?post_type=product&#038;p=265737"},"modified":"2024-03-04T07:30:30","modified_gmt":"2024-03-04T07:30:30","slug":"jamila-columbian-silver","status":"publish","type":"product","link":"https:\/\/coffeelounge.delonghi.com\/de-at\/product\/jamila-columbian-silver\/","title":{"rendered":"Columbian Silver"},"content":{"rendered":"<p>Der Columbian Silver ist ein weicher, milder Kaffee, er besteht zu 100% aus Kolumbianischen Arabica Bohnen. Die Bohnen wurden mit der schonenden Kohlendioxid Variante entkoffeiniert und mit unserem Hei\u00dfluftverfahren ger\u00f6stet. In Europa schreibt das Gesetz vor, dass ger\u00f6steter Kaffee der als entkoffeiniert verkauft wird, nur noch 0,1% der urspr\u00fcnglichen Menge an Koffein enthalten darf. Spuren davon sind also noch erhalten, aber es ist praktisch fast nichts. Dieser geringe Restwert von 0,1% kann durch verschiedene Verfahren erreicht werden. Es gibt einerseits die Verfahren unter Einsatz eines L\u00f6sungsmittels. Dabei werden die unger\u00f6steten Bohnen in ersten Schritt eine halbe Stunde lang mit hei\u00dfem Wasserdampf behandelt und dann f\u00fcr ca. 10 Stunden einem Beh\u00e4lter mit einem L\u00f6sungsmittel, meist Ethylacetat, zugegeben.<br \/>\nDieses L\u00f6sungsmittel l\u00f6st das Koffein, und einen Teil der Aromastoffe, aus den Kaffeebohnen heraus. Im Anschluss m\u00fcssen diese dann gr\u00fcndlich gewaschen werden, damit keine R\u00fcckst\u00e4nde des L\u00f6sungsmittels zur\u00fcckbleiben. Dann werden die Bohnen getrocknet und das Verfahren ist beendet.<\/p>\n","protected":false},"excerpt":{"rendered":"<p>Der Columbian Silver ist ein weicher, milder Kaffee, er besteht zu 100% aus Kolumbianischen Arabica Bohnen. Die Bohnen wurden mit der schonenden Kohlendioxid Variante entkoffeiniert und mit unserem Hei\u00dfluftverfahren ger\u00f6stet. In Europa schreibt das Gesetz vor, dass ger\u00f6steter Kaffee der als entkoffeiniert verkauft wird, nur noch 0,1% der urspr\u00fcnglichen Menge an Koffein enthalten darf. Spuren [&hellip;]<\/p>\n","protected":false},"featured_media":265739,"comment_status":"closed","ping_status":"closed","template":"","meta":{"_acf_changed":false},"product_cat":[653,656],"product_tag":[],"class_list":{"0":"post-265737","1":"product","2":"type-product","3":"status-publish","4":"has-post-thumbnail","6":"product_cat-alle-kaffees-de-at","7":"product_cat-entkoffeiniert-de-at","9":"first","10":"instock","11":"taxable","12":"shipping-taxable","13":"purchasable","14":"product-type-variable"},"acf":[],"yoast_head":"<!-- This site is optimized with the Yoast SEO Premium plugin v24.5 (Yoast SEO v24.5) - https:\/\/yoast.com\/wordpress\/plugins\/seo\/ -->\n<title>Columbian Silver | Coffee Lounge De&#039;Longhi<\/title>\n<meta name=\"description\" content=\"Der Columbian Silver ist ein weicher, milder Kaffee, er besteht zu 100% aus Kolumbianischen Arabica Bohnen. Die Bohnen wurden mit der schonenden Kohlendioxid Variante entkoffeiniert und mit unserem Hei\u00dfluftverfahren ger\u00f6stet.\" \/>\n<meta name=\"robots\" content=\"index, follow, max-snippet:-1, max-image-preview:large, max-video-preview:-1\" \/>\n<meta name=\"twitter:card\" content=\"summary_large_image\" \/>\n<meta name=\"twitter:title\" content=\"Columbian Silver | Coffee Lounge De&#039;Longhi\" \/>\n<meta name=\"twitter:description\" content=\"Der Columbian Silver ist ein weicher, milder Kaffee, er besteht zu 100% aus Kolumbianischen Arabica Bohnen. Die Bohnen wurden mit der schonenden Kohlendioxid Variante entkoffeiniert und mit unserem Hei\u00dfluftverfahren ger\u00f6stet.\" \/>\n<meta name=\"twitter:image\" content=\"https:\/\/coffeelounge.delonghi.com\/wp-content\/uploads\/2022\/09\/columbian-silver.png\" \/>\n<script type=\"application\/ld+json\" class=\"yoast-schema-graph\">{\"@context\":\"https:\/\/schema.org\",\"@graph\":[{\"@type\":\"WebPage\",\"@id\":\"https:\/\/coffeelounge.delonghi.com\/de-at\/product\/jamila-columbian-silver\/\",\"url\":\"https:\/\/coffeelounge.delonghi.com\/de-at\/product\/jamila-columbian-silver\/\",\"name\":\"Columbian Silver | Coffee Lounge De&#039;Longhi\",\"isPartOf\":{\"@id\":\"https:\/\/coffeelounge.delonghi.com\/de-at\/#website\"},\"primaryImageOfPage\":{\"@id\":\"https:\/\/coffeelounge.delonghi.com\/de-at\/product\/jamila-columbian-silver\/#primaryimage\"},\"image\":{\"@id\":\"https:\/\/coffeelounge.delonghi.com\/de-at\/product\/jamila-columbian-silver\/#primaryimage\"},\"thumbnailUrl\":\"https:\/\/coffeelounge.delonghi.com\/wp-content\/uploads\/2022\/09\/columbian-silver.png\",\"datePublished\":\"2022-10-20T09:45:51+00:00\",\"dateModified\":\"2024-03-04T07:30:30+00:00\",\"description\":\"Der Columbian Silver ist ein weicher, milder Kaffee, er besteht zu 100% aus Kolumbianischen Arabica Bohnen. Die Bohnen wurden mit der schonenden Kohlendioxid Variante entkoffeiniert und mit unserem Hei\u00dfluftverfahren ger\u00f6stet.\",\"breadcrumb\":{\"@id\":\"https:\/\/coffeelounge.delonghi.com\/de-at\/product\/jamila-columbian-silver\/#breadcrumb\"},\"inLanguage\":\"de-at\",\"potentialAction\":[{\"@type\":\"ReadAction\",\"target\":[\"https:\/\/coffeelounge.delonghi.com\/de-at\/product\/jamila-columbian-silver\/\"]}]},{\"@type\":\"ImageObject\",\"inLanguage\":\"de-at\",\"@id\":\"https:\/\/coffeelounge.delonghi.com\/de-at\/product\/jamila-columbian-silver\/#primaryimage\",\"url\":\"https:\/\/coffeelounge.delonghi.com\/wp-content\/uploads\/2022\/09\/columbian-silver.png\",\"contentUrl\":\"https:\/\/coffeelounge.delonghi.com\/wp-content\/uploads\/2022\/09\/columbian-silver.png\",\"width\":600,\"height\":600},{\"@type\":\"BreadcrumbList\",\"@id\":\"https:\/\/coffeelounge.delonghi.com\/de-at\/product\/jamila-columbian-silver\/#breadcrumb\",\"itemListElement\":[{\"@type\":\"ListItem\",\"position\":1,\"name\":\"Home\",\"item\":\"https:\/\/coffeelounge.delonghi.com\/de-at\/\"},{\"@type\":\"ListItem\",\"position\":2,\"name\":\"Boutique\",\"item\":\"https:\/\/coffeelounge.delonghi.com\/fr\/?page_id=36\"},{\"@type\":\"ListItem\",\"position\":3,\"name\":\"Columbian Silver\"}]},{\"@type\":\"WebSite\",\"@id\":\"https:\/\/coffeelounge.delonghi.com\/de-at\/#website\",\"url\":\"https:\/\/coffeelounge.delonghi.com\/de-at\/\",\"name\":\"De&#039;Longhi\",\"description\":\"Coffee Lounge\",\"publisher\":{\"@id\":\"https:\/\/coffeelounge.delonghi.com\/de-at\/#organization\"},\"potentialAction\":[{\"@type\":\"SearchAction\",\"target\":{\"@type\":\"EntryPoint\",\"urlTemplate\":\"https:\/\/coffeelounge.delonghi.com\/de-at\/?s={search_term_string}\"},\"query-input\":{\"@type\":\"PropertyValueSpecification\",\"valueRequired\":true,\"valueName\":\"search_term_string\"}}],\"inLanguage\":\"de-at\"},{\"@type\":\"Organization\",\"@id\":\"https:\/\/coffeelounge.delonghi.com\/de-at\/#organization\",\"name\":\"De'Longhi Coffee Lounge\",\"url\":\"https:\/\/coffeelounge.delonghi.com\/de-at\/\",\"logo\":{\"@type\":\"ImageObject\",\"inLanguage\":\"de-at\",\"@id\":\"https:\/\/coffeelounge.delonghi.com\/de-at\/#\/schema\/logo\/image\/\",\"url\":\"https:\/\/coffeelounge.delonghi.com\/wp-content\/uploads\/2020\/05\/delonghi-coffee-lounge-logo-nederland.png\",\"contentUrl\":\"https:\/\/coffeelounge.delonghi.com\/wp-content\/uploads\/2020\/05\/delonghi-coffee-lounge-logo-nederland.png\",\"width\":2337,\"height\":724,\"caption\":\"De'Longhi Coffee Lounge\"},\"image\":{\"@id\":\"https:\/\/coffeelounge.delonghi.com\/de-at\/#\/schema\/logo\/image\/\"}}]}<\/script>\n<!-- \/ Yoast SEO Premium plugin. -->","yoast_head_json":{"title":"Columbian Silver | Coffee Lounge De&#039;Longhi","description":"Der Columbian Silver ist ein weicher, milder Kaffee, er besteht zu 100% aus Kolumbianischen Arabica Bohnen. Die Bohnen wurden mit der schonenden Kohlendioxid Variante entkoffeiniert und mit unserem Hei\u00dfluftverfahren ger\u00f6stet.","robots":{"index":"index","follow":"follow","max-snippet":"max-snippet:-1","max-image-preview":"max-image-preview:large","max-video-preview":"max-video-preview:-1"},"twitter_card":"summary_large_image","twitter_title":"Columbian Silver | Coffee Lounge De&#039;Longhi","twitter_description":"Der Columbian Silver ist ein weicher, milder Kaffee, er besteht zu 100% aus Kolumbianischen Arabica Bohnen. Die Bohnen wurden mit der schonenden Kohlendioxid Variante entkoffeiniert und mit unserem Hei\u00dfluftverfahren ger\u00f6stet.","twitter_image":"https:\/\/coffeelounge.delonghi.com\/wp-content\/uploads\/2022\/09\/columbian-silver.png","schema":{"@context":"https:\/\/schema.org","@graph":[{"@type":"WebPage","@id":"https:\/\/coffeelounge.delonghi.com\/de-at\/product\/jamila-columbian-silver\/","url":"https:\/\/coffeelounge.delonghi.com\/de-at\/product\/jamila-columbian-silver\/","name":"Columbian Silver | Coffee Lounge De&#039;Longhi","isPartOf":{"@id":"https:\/\/coffeelounge.delonghi.com\/de-at\/#website"},"primaryImageOfPage":{"@id":"https:\/\/coffeelounge.delonghi.com\/de-at\/product\/jamila-columbian-silver\/#primaryimage"},"image":{"@id":"https:\/\/coffeelounge.delonghi.com\/de-at\/product\/jamila-columbian-silver\/#primaryimage"},"thumbnailUrl":"https:\/\/coffeelounge.delonghi.com\/wp-content\/uploads\/2022\/09\/columbian-silver.png","datePublished":"2022-10-20T09:45:51+00:00","dateModified":"2024-03-04T07:30:30+00:00","description":"Der Columbian Silver ist ein weicher, milder Kaffee, er besteht zu 100% aus Kolumbianischen Arabica Bohnen. Die Bohnen wurden mit der schonenden Kohlendioxid Variante entkoffeiniert und mit unserem Hei\u00dfluftverfahren ger\u00f6stet.","breadcrumb":{"@id":"https:\/\/coffeelounge.delonghi.com\/de-at\/product\/jamila-columbian-silver\/#breadcrumb"},"inLanguage":"de-at","potentialAction":[{"@type":"ReadAction","target":["https:\/\/coffeelounge.delonghi.com\/de-at\/product\/jamila-columbian-silver\/"]}]},{"@type":"ImageObject","inLanguage":"de-at","@id":"https:\/\/coffeelounge.delonghi.com\/de-at\/product\/jamila-columbian-silver\/#primaryimage","url":"https:\/\/coffeelounge.delonghi.com\/wp-content\/uploads\/2022\/09\/columbian-silver.png","contentUrl":"https:\/\/coffeelounge.delonghi.com\/wp-content\/uploads\/2022\/09\/columbian-silver.png","width":600,"height":600},{"@type":"BreadcrumbList","@id":"https:\/\/coffeelounge.delonghi.com\/de-at\/product\/jamila-columbian-silver\/#breadcrumb","itemListElement":[{"@type":"ListItem","position":1,"name":"Home","item":"https:\/\/coffeelounge.delonghi.com\/de-at\/"},{"@type":"ListItem","position":2,"name":"Boutique","item":"https:\/\/coffeelounge.delonghi.com\/fr\/?page_id=36"},{"@type":"ListItem","position":3,"name":"Columbian Silver"}]},{"@type":"WebSite","@id":"https:\/\/coffeelounge.delonghi.com\/de-at\/#website","url":"https:\/\/coffeelounge.delonghi.com\/de-at\/","name":"De&#039;Longhi","description":"Coffee Lounge","publisher":{"@id":"https:\/\/coffeelounge.delonghi.com\/de-at\/#organization"},"potentialAction":[{"@type":"SearchAction","target":{"@type":"EntryPoint","urlTemplate":"https:\/\/coffeelounge.delonghi.com\/de-at\/?s={search_term_string}"},"query-input":{"@type":"PropertyValueSpecification","valueRequired":true,"valueName":"search_term_string"}}],"inLanguage":"de-at"},{"@type":"Organization","@id":"https:\/\/coffeelounge.delonghi.com\/de-at\/#organization","name":"De'Longhi Coffee Lounge","url":"https:\/\/coffeelounge.delonghi.com\/de-at\/","logo":{"@type":"ImageObject","inLanguage":"de-at","@id":"https:\/\/coffeelounge.delonghi.com\/de-at\/#\/schema\/logo\/image\/","url":"https:\/\/coffeelounge.delonghi.com\/wp-content\/uploads\/2020\/05\/delonghi-coffee-lounge-logo-nederland.png","contentUrl":"https:\/\/coffeelounge.delonghi.com\/wp-content\/uploads\/2020\/05\/delonghi-coffee-lounge-logo-nederland.png","width":2337,"height":724,"caption":"De'Longhi Coffee Lounge"},"image":{"@id":"https:\/\/coffeelounge.delonghi.com\/de-at\/#\/schema\/logo\/image\/"}}]}},"_links":{"self":[{"href":"https:\/\/coffeelounge.delonghi.com\/de-at\/wp-json\/wp\/v2\/product\/265737","targetHints":{"allow":["GET"]}}],"collection":[{"href":"https:\/\/coffeelounge.delonghi.com\/de-at\/wp-json\/wp\/v2\/product"}],"about":[{"href":"https:\/\/coffeelounge.delonghi.com\/de-at\/wp-json\/wp\/v2\/types\/product"}],"replies":[{"embeddable":true,"href":"https:\/\/coffeelounge.delonghi.com\/de-at\/wp-json\/wp\/v2\/comments?post=265737"}],"version-history":[{"count":2,"href":"https:\/\/coffeelounge.delonghi.com\/de-at\/wp-json\/wp\/v2\/product\/265737\/revisions"}],"predecessor-version":[{"id":421842,"href":"https:\/\/coffeelounge.delonghi.com\/de-at\/wp-json\/wp\/v2\/product\/265737\/revisions\/421842"}],"wp:featuredmedia":[{"embeddable":true,"href":"https:\/\/coffeelounge.delonghi.com\/de-at\/wp-json\/wp\/v2\/media\/265739"}],"wp:attachment":[{"href":"https:\/\/coffeelounge.delonghi.com\/de-at\/wp-json\/wp\/v2\/media?parent=265737"}],"wp:term":[{"taxonomy":"product_cat","embeddable":true,"href":"https:\/\/coffeelounge.delonghi.com\/de-at\/wp-json\/wp\/v2\/product_cat?post=265737"},{"taxonomy":"product_tag","embeddable":true,"href":"https:\/\/coffeelounge.delonghi.com\/de-at\/wp-json\/wp\/v2\/product_tag?post=265737"}],"curies":[{"name":"wp","href":"https:\/\/api.w.org\/{rel}","templated":true}]}}