{"id":265719,"date":"2022-10-20T09:45:11","date_gmt":"2022-10-20T09:45:11","guid":{"rendered":"https:\/\/coffeelounge.delonghi.com\/?post_type=product&#038;p=265719"},"modified":"2024-03-04T07:30:43","modified_gmt":"2024-03-04T07:30:43","slug":"jamila-java-island","status":"publish","type":"product","link":"https:\/\/coffeelounge.delonghi.com\/de-at\/product\/jamila-java-island\/","title":{"rendered":"Java Island"},"content":{"rendered":"<p>Der Kaffee ist w\u00fcrzig, harmonisch und leicht s\u00fc\u00dflich und zeichnet sich besonders durch seinen weichen Abgang aus. Er eignet sich f\u00fcr s\u00e4mtliche Zubereitungsarten. Der Java Island ist ein \u201eSingle Origin\u201c. Das hei\u00dft, der Kaffee ist sortenrein und stammt von einer Ernte einer Region. In dem Fall befinden sich die Plantagen auf der Insel Java in Indonesien. Ein Merkmal von Single Origins ist der Qualit\u00e4tsstandart. Die Bohnen sind sehr hochwertig und bestechen durch einen hervorragenden Geschmack. Der Kaffee hat wenig S\u00e4ure, und erh\u00e4lt von uns einen R\u00f6stgrad am \u00dcbergang zwischen mittel bis hin zu leicht dunkel. Die Bohnen haben im rohen Zustand eine dunkelgr\u00fcne Farbe und einen sehr intensiven Geruch. Sie sind auch gr\u00f6\u00dfer als andere Arabica, beispielsweise aus dem Kongo. Der viele Regen im tropischen Indonesien, gepaart mit den dortigen n\u00e4hrstoffreichen B\u00f6den gibt dem Java einen erstklassigen, w\u00fcrzigen und vielf\u00e4ltigen Geschmack.<\/p>\n","protected":false},"excerpt":{"rendered":"<p>Der Kaffee ist w\u00fcrzig, harmonisch und leicht s\u00fc\u00dflich und zeichnet sich besonders durch seinen weichen Abgang aus. Er eignet sich f\u00fcr s\u00e4mtliche Zubereitungsarten. Der Java Island ist ein \u201eSingle Origin\u201c. Das hei\u00dft, der Kaffee ist sortenrein und stammt von einer Ernte einer Region. In dem Fall befinden sich die Plantagen auf der Insel Java in [&hellip;]<\/p>\n","protected":false},"featured_media":265722,"comment_status":"closed","ping_status":"closed","template":"","meta":{"_acf_changed":false},"product_cat":[653,657],"product_tag":[],"class_list":{"0":"post-265719","1":"product","2":"type-product","3":"status-publish","4":"has-post-thumbnail","6":"product_cat-alle-kaffees-de-at","7":"product_cat-single-origin-de-at","9":"first","10":"instock","11":"taxable","12":"shipping-taxable","13":"purchasable","14":"product-type-variable"},"acf":[],"yoast_head":"<!-- This site is optimized with the Yoast SEO Premium plugin v24.5 (Yoast SEO v24.5) - https:\/\/yoast.com\/wordpress\/plugins\/seo\/ -->\n<title>Java Island | Coffee Lounge De&#039;Longhi<\/title>\n<meta name=\"description\" content=\"Der Kaffee ist w\u00fcrzig, harmonisch und leicht s\u00fc\u00dflich und zeichnet sich besonders durch seinen weichen Abgang aus. Er eignet sich f\u00fcr s\u00e4mtliche Zubereitungsarten. Die Bohnen sind sehr hochwertig und bestechen durch einen hervorragenden Geschmack. Der Kaffee hat wenig S\u00e4ure, und erh\u00e4lt von uns einen R\u00f6stgrad am \u00dcbergang zwischen mittel bis hin zu leicht dunkel.\" \/>\n<meta name=\"robots\" content=\"index, follow, max-snippet:-1, max-image-preview:large, max-video-preview:-1\" \/>\n<meta name=\"twitter:card\" content=\"summary_large_image\" \/>\n<meta name=\"twitter:title\" content=\"Java Island | Coffee Lounge De&#039;Longhi\" \/>\n<meta name=\"twitter:description\" content=\"Der Kaffee ist w\u00fcrzig, harmonisch und leicht s\u00fc\u00dflich und zeichnet sich besonders durch seinen weichen Abgang aus. Er eignet sich f\u00fcr s\u00e4mtliche Zubereitungsarten. Die Bohnen sind sehr hochwertig und bestechen durch einen hervorragenden Geschmack. Der Kaffee hat wenig S\u00e4ure, und erh\u00e4lt von uns einen R\u00f6stgrad am \u00dcbergang zwischen mittel bis hin zu leicht dunkel.\" \/>\n<meta name=\"twitter:image\" content=\"https:\/\/coffeelounge.delonghi.com\/wp-content\/uploads\/2022\/09\/java-island.png\" \/>\n<script type=\"application\/ld+json\" class=\"yoast-schema-graph\">{\"@context\":\"https:\/\/schema.org\",\"@graph\":[{\"@type\":\"WebPage\",\"@id\":\"https:\/\/coffeelounge.delonghi.com\/de-at\/product\/jamila-java-island\/\",\"url\":\"https:\/\/coffeelounge.delonghi.com\/de-at\/product\/jamila-java-island\/\",\"name\":\"Java Island | Coffee Lounge De&#039;Longhi\",\"isPartOf\":{\"@id\":\"https:\/\/coffeelounge.delonghi.com\/de-at\/#website\"},\"primaryImageOfPage\":{\"@id\":\"https:\/\/coffeelounge.delonghi.com\/de-at\/product\/jamila-java-island\/#primaryimage\"},\"image\":{\"@id\":\"https:\/\/coffeelounge.delonghi.com\/de-at\/product\/jamila-java-island\/#primaryimage\"},\"thumbnailUrl\":\"https:\/\/coffeelounge.delonghi.com\/wp-content\/uploads\/2022\/09\/java-island.png\",\"datePublished\":\"2022-10-20T09:45:11+00:00\",\"dateModified\":\"2024-03-04T07:30:43+00:00\",\"description\":\"Der Kaffee ist w\u00fcrzig, harmonisch und leicht s\u00fc\u00dflich und zeichnet sich besonders durch seinen weichen Abgang aus. Er eignet sich f\u00fcr s\u00e4mtliche Zubereitungsarten. Die Bohnen sind sehr hochwertig und bestechen durch einen hervorragenden Geschmack. Der Kaffee hat wenig S\u00e4ure, und erh\u00e4lt von uns einen R\u00f6stgrad am \u00dcbergang zwischen mittel bis hin zu leicht dunkel.\",\"breadcrumb\":{\"@id\":\"https:\/\/coffeelounge.delonghi.com\/de-at\/product\/jamila-java-island\/#breadcrumb\"},\"inLanguage\":\"de-at\",\"potentialAction\":[{\"@type\":\"ReadAction\",\"target\":[\"https:\/\/coffeelounge.delonghi.com\/de-at\/product\/jamila-java-island\/\"]}]},{\"@type\":\"ImageObject\",\"inLanguage\":\"de-at\",\"@id\":\"https:\/\/coffeelounge.delonghi.com\/de-at\/product\/jamila-java-island\/#primaryimage\",\"url\":\"https:\/\/coffeelounge.delonghi.com\/wp-content\/uploads\/2022\/09\/java-island.png\",\"contentUrl\":\"https:\/\/coffeelounge.delonghi.com\/wp-content\/uploads\/2022\/09\/java-island.png\",\"width\":600,\"height\":600},{\"@type\":\"BreadcrumbList\",\"@id\":\"https:\/\/coffeelounge.delonghi.com\/de-at\/product\/jamila-java-island\/#breadcrumb\",\"itemListElement\":[{\"@type\":\"ListItem\",\"position\":1,\"name\":\"Home\",\"item\":\"https:\/\/coffeelounge.delonghi.com\/de-at\/\"},{\"@type\":\"ListItem\",\"position\":2,\"name\":\"Boutique\",\"item\":\"https:\/\/coffeelounge.delonghi.com\/fr\/?page_id=36\"},{\"@type\":\"ListItem\",\"position\":3,\"name\":\"Java Island\"}]},{\"@type\":\"WebSite\",\"@id\":\"https:\/\/coffeelounge.delonghi.com\/de-at\/#website\",\"url\":\"https:\/\/coffeelounge.delonghi.com\/de-at\/\",\"name\":\"De&#039;Longhi\",\"description\":\"Coffee Lounge\",\"publisher\":{\"@id\":\"https:\/\/coffeelounge.delonghi.com\/de-at\/#organization\"},\"potentialAction\":[{\"@type\":\"SearchAction\",\"target\":{\"@type\":\"EntryPoint\",\"urlTemplate\":\"https:\/\/coffeelounge.delonghi.com\/de-at\/?s={search_term_string}\"},\"query-input\":{\"@type\":\"PropertyValueSpecification\",\"valueRequired\":true,\"valueName\":\"search_term_string\"}}],\"inLanguage\":\"de-at\"},{\"@type\":\"Organization\",\"@id\":\"https:\/\/coffeelounge.delonghi.com\/de-at\/#organization\",\"name\":\"De'Longhi Coffee Lounge\",\"url\":\"https:\/\/coffeelounge.delonghi.com\/de-at\/\",\"logo\":{\"@type\":\"ImageObject\",\"inLanguage\":\"de-at\",\"@id\":\"https:\/\/coffeelounge.delonghi.com\/de-at\/#\/schema\/logo\/image\/\",\"url\":\"https:\/\/coffeelounge.delonghi.com\/wp-content\/uploads\/2020\/05\/delonghi-coffee-lounge-logo-nederland.png\",\"contentUrl\":\"https:\/\/coffeelounge.delonghi.com\/wp-content\/uploads\/2020\/05\/delonghi-coffee-lounge-logo-nederland.png\",\"width\":2337,\"height\":724,\"caption\":\"De'Longhi Coffee Lounge\"},\"image\":{\"@id\":\"https:\/\/coffeelounge.delonghi.com\/de-at\/#\/schema\/logo\/image\/\"}}]}<\/script>\n<!-- \/ Yoast SEO Premium plugin. -->","yoast_head_json":{"title":"Java Island | Coffee Lounge De&#039;Longhi","description":"Der Kaffee ist w\u00fcrzig, harmonisch und leicht s\u00fc\u00dflich und zeichnet sich besonders durch seinen weichen Abgang aus. Er eignet sich f\u00fcr s\u00e4mtliche Zubereitungsarten. Die Bohnen sind sehr hochwertig und bestechen durch einen hervorragenden Geschmack. Der Kaffee hat wenig S\u00e4ure, und erh\u00e4lt von uns einen R\u00f6stgrad am \u00dcbergang zwischen mittel bis hin zu leicht dunkel.","robots":{"index":"index","follow":"follow","max-snippet":"max-snippet:-1","max-image-preview":"max-image-preview:large","max-video-preview":"max-video-preview:-1"},"twitter_card":"summary_large_image","twitter_title":"Java Island | Coffee Lounge De&#039;Longhi","twitter_description":"Der Kaffee ist w\u00fcrzig, harmonisch und leicht s\u00fc\u00dflich und zeichnet sich besonders durch seinen weichen Abgang aus. Er eignet sich f\u00fcr s\u00e4mtliche Zubereitungsarten. Die Bohnen sind sehr hochwertig und bestechen durch einen hervorragenden Geschmack. Der Kaffee hat wenig S\u00e4ure, und erh\u00e4lt von uns einen R\u00f6stgrad am \u00dcbergang zwischen mittel bis hin zu leicht dunkel.","twitter_image":"https:\/\/coffeelounge.delonghi.com\/wp-content\/uploads\/2022\/09\/java-island.png","schema":{"@context":"https:\/\/schema.org","@graph":[{"@type":"WebPage","@id":"https:\/\/coffeelounge.delonghi.com\/de-at\/product\/jamila-java-island\/","url":"https:\/\/coffeelounge.delonghi.com\/de-at\/product\/jamila-java-island\/","name":"Java Island | Coffee Lounge De&#039;Longhi","isPartOf":{"@id":"https:\/\/coffeelounge.delonghi.com\/de-at\/#website"},"primaryImageOfPage":{"@id":"https:\/\/coffeelounge.delonghi.com\/de-at\/product\/jamila-java-island\/#primaryimage"},"image":{"@id":"https:\/\/coffeelounge.delonghi.com\/de-at\/product\/jamila-java-island\/#primaryimage"},"thumbnailUrl":"https:\/\/coffeelounge.delonghi.com\/wp-content\/uploads\/2022\/09\/java-island.png","datePublished":"2022-10-20T09:45:11+00:00","dateModified":"2024-03-04T07:30:43+00:00","description":"Der Kaffee ist w\u00fcrzig, harmonisch und leicht s\u00fc\u00dflich und zeichnet sich besonders durch seinen weichen Abgang aus. Er eignet sich f\u00fcr s\u00e4mtliche Zubereitungsarten. Die Bohnen sind sehr hochwertig und bestechen durch einen hervorragenden Geschmack. Der Kaffee hat wenig S\u00e4ure, und erh\u00e4lt von uns einen R\u00f6stgrad am \u00dcbergang zwischen mittel bis hin zu leicht dunkel.","breadcrumb":{"@id":"https:\/\/coffeelounge.delonghi.com\/de-at\/product\/jamila-java-island\/#breadcrumb"},"inLanguage":"de-at","potentialAction":[{"@type":"ReadAction","target":["https:\/\/coffeelounge.delonghi.com\/de-at\/product\/jamila-java-island\/"]}]},{"@type":"ImageObject","inLanguage":"de-at","@id":"https:\/\/coffeelounge.delonghi.com\/de-at\/product\/jamila-java-island\/#primaryimage","url":"https:\/\/coffeelounge.delonghi.com\/wp-content\/uploads\/2022\/09\/java-island.png","contentUrl":"https:\/\/coffeelounge.delonghi.com\/wp-content\/uploads\/2022\/09\/java-island.png","width":600,"height":600},{"@type":"BreadcrumbList","@id":"https:\/\/coffeelounge.delonghi.com\/de-at\/product\/jamila-java-island\/#breadcrumb","itemListElement":[{"@type":"ListItem","position":1,"name":"Home","item":"https:\/\/coffeelounge.delonghi.com\/de-at\/"},{"@type":"ListItem","position":2,"name":"Boutique","item":"https:\/\/coffeelounge.delonghi.com\/fr\/?page_id=36"},{"@type":"ListItem","position":3,"name":"Java Island"}]},{"@type":"WebSite","@id":"https:\/\/coffeelounge.delonghi.com\/de-at\/#website","url":"https:\/\/coffeelounge.delonghi.com\/de-at\/","name":"De&#039;Longhi","description":"Coffee Lounge","publisher":{"@id":"https:\/\/coffeelounge.delonghi.com\/de-at\/#organization"},"potentialAction":[{"@type":"SearchAction","target":{"@type":"EntryPoint","urlTemplate":"https:\/\/coffeelounge.delonghi.com\/de-at\/?s={search_term_string}"},"query-input":{"@type":"PropertyValueSpecification","valueRequired":true,"valueName":"search_term_string"}}],"inLanguage":"de-at"},{"@type":"Organization","@id":"https:\/\/coffeelounge.delonghi.com\/de-at\/#organization","name":"De'Longhi Coffee Lounge","url":"https:\/\/coffeelounge.delonghi.com\/de-at\/","logo":{"@type":"ImageObject","inLanguage":"de-at","@id":"https:\/\/coffeelounge.delonghi.com\/de-at\/#\/schema\/logo\/image\/","url":"https:\/\/coffeelounge.delonghi.com\/wp-content\/uploads\/2020\/05\/delonghi-coffee-lounge-logo-nederland.png","contentUrl":"https:\/\/coffeelounge.delonghi.com\/wp-content\/uploads\/2020\/05\/delonghi-coffee-lounge-logo-nederland.png","width":2337,"height":724,"caption":"De'Longhi Coffee Lounge"},"image":{"@id":"https:\/\/coffeelounge.delonghi.com\/de-at\/#\/schema\/logo\/image\/"}}]}},"_links":{"self":[{"href":"https:\/\/coffeelounge.delonghi.com\/de-at\/wp-json\/wp\/v2\/product\/265719","targetHints":{"allow":["GET"]}}],"collection":[{"href":"https:\/\/coffeelounge.delonghi.com\/de-at\/wp-json\/wp\/v2\/product"}],"about":[{"href":"https:\/\/coffeelounge.delonghi.com\/de-at\/wp-json\/wp\/v2\/types\/product"}],"replies":[{"embeddable":true,"href":"https:\/\/coffeelounge.delonghi.com\/de-at\/wp-json\/wp\/v2\/comments?post=265719"}],"version-history":[{"count":2,"href":"https:\/\/coffeelounge.delonghi.com\/de-at\/wp-json\/wp\/v2\/product\/265719\/revisions"}],"predecessor-version":[{"id":421843,"href":"https:\/\/coffeelounge.delonghi.com\/de-at\/wp-json\/wp\/v2\/product\/265719\/revisions\/421843"}],"wp:featuredmedia":[{"embeddable":true,"href":"https:\/\/coffeelounge.delonghi.com\/de-at\/wp-json\/wp\/v2\/media\/265722"}],"wp:attachment":[{"href":"https:\/\/coffeelounge.delonghi.com\/de-at\/wp-json\/wp\/v2\/media?parent=265719"}],"wp:term":[{"taxonomy":"product_cat","embeddable":true,"href":"https:\/\/coffeelounge.delonghi.com\/de-at\/wp-json\/wp\/v2\/product_cat?post=265719"},{"taxonomy":"product_tag","embeddable":true,"href":"https:\/\/coffeelounge.delonghi.com\/de-at\/wp-json\/wp\/v2\/product_tag?post=265719"}],"curies":[{"name":"wp","href":"https:\/\/api.w.org\/{rel}","templated":true}]}}