{"id":265700,"date":"2022-10-20T09:44:26","date_gmt":"2022-10-20T09:44:26","guid":{"rendered":"https:\/\/coffeelounge.delonghi.com\/?post_type=product&#038;p=265700"},"modified":"2024-03-04T07:30:51","modified_gmt":"2024-03-04T07:30:51","slug":"jamila-italian-style","status":"publish","type":"product","link":"https:\/\/coffeelounge.delonghi.com\/de-at\/product\/jamila-italian-style\/","title":{"rendered":"Italian Style"},"content":{"rendered":"<p>Unsere Empfehlung f\u00fcr alle Freunde eines kr\u00e4ftigen und vollen Aromas. Er hat einen sehr sch\u00f6nen Espresso-Geschmack, mit einer leichten Zartbitternote und einer ausgezeichneten Crema. Er besteht aktuell aus 5 Sorten, mit einem vergleichsweise hohen Robusta Anteil von ca. 25%. Der Italian Style ist somit unsere Sorte mit dem h\u00f6chsten Koffeingehalt. Der Geschmack ist sehr intensiv und er hat eine Vielfalt an Aromen. Um dieses voll zur Geltung zu bringen ist es optimal eine Siebtr\u00e4germaschine oder einen Vollautomaten zu verwenden, der mit einem vergleichsweise hohen Druck arbeitet. Diese Empfehlung beruht auf sehr viel Beobachtung, und ist nat\u00fcrlich nicht als ein \u201eGesetz\u201c zu verstehen, sondern eher als ein kleiner Vorschlag f\u00fcr erfahrene Kaffeegenie\u00dfer, die stets neues probieren. Eine Theorie, die unser Meisterr\u00f6ster Joe \u00fcber Jahre ausgefeilt hat. Grunds\u00e4tzlich kann man nat\u00fcrlich jeden Kaffee auf jede Art und Weise zubereiten, von der Siebtr\u00e4ger bis hin zu Filter oder French Press. Wir haben jedoch \u00fcber die Jahre gemerkt, dass gewisse Arten von Mischungen mit gewissen Arten der Zubereitung sehr gut harmonieren.<\/p>\n","protected":false},"excerpt":{"rendered":"<p>Unsere Empfehlung f\u00fcr alle Freunde eines kr\u00e4ftigen und vollen Aromas. Er hat einen sehr sch\u00f6nen Espresso-Geschmack, mit einer leichten Zartbitternote und einer ausgezeichneten Crema. Er besteht aktuell aus 5 Sorten, mit einem vergleichsweise hohen Robusta Anteil von ca. 25%. Der Italian Style ist somit unsere Sorte mit dem h\u00f6chsten Koffeingehalt. Der Geschmack ist sehr intensiv [&hellip;]<\/p>\n","protected":false},"featured_media":265701,"comment_status":"closed","ping_status":"closed","template":"","meta":{"_acf_changed":false},"product_cat":[653,655],"product_tag":[],"class_list":{"0":"post-265700","1":"product","2":"type-product","3":"status-publish","4":"has-post-thumbnail","6":"product_cat-alle-kaffees-de-at","7":"product_cat-blend-de-at","9":"first","10":"instock","11":"taxable","12":"shipping-taxable","13":"purchasable","14":"product-type-variable"},"acf":[],"yoast_head":"<!-- This site is optimized with the Yoast SEO Premium plugin v24.5 (Yoast SEO v24.5) - https:\/\/yoast.com\/wordpress\/plugins\/seo\/ -->\n<title>Italian Style | Coffee Lounge De&#039;Longhi<\/title>\n<meta name=\"description\" content=\"Er hat einen sehr sch\u00f6nen Espresso-Geschmack, mit einer leichten Zartbitternote und einer ausgezeichneten Crema.Er besteht aktuell aus 5 Sorten, mit einem vergleichsweise hohen Robusta Anteil von ca. 25%.\" \/>\n<meta name=\"robots\" content=\"index, follow, max-snippet:-1, max-image-preview:large, max-video-preview:-1\" \/>\n<meta name=\"twitter:card\" content=\"summary_large_image\" \/>\n<meta name=\"twitter:title\" content=\"Italian Style | Coffee Lounge De&#039;Longhi\" \/>\n<meta name=\"twitter:description\" content=\"Er hat einen sehr sch\u00f6nen Espresso-Geschmack, mit einer leichten Zartbitternote und einer ausgezeichneten Crema.Er besteht aktuell aus 5 Sorten, mit einem vergleichsweise hohen Robusta Anteil von ca. 25%.\" \/>\n<meta name=\"twitter:image\" content=\"https:\/\/coffeelounge.delonghi.com\/wp-content\/uploads\/2022\/09\/italian-style.png\" \/>\n<script type=\"application\/ld+json\" class=\"yoast-schema-graph\">{\"@context\":\"https:\/\/schema.org\",\"@graph\":[{\"@type\":\"WebPage\",\"@id\":\"https:\/\/coffeelounge.delonghi.com\/de-at\/product\/jamila-italian-style\/\",\"url\":\"https:\/\/coffeelounge.delonghi.com\/de-at\/product\/jamila-italian-style\/\",\"name\":\"Italian Style | Coffee Lounge De&#039;Longhi\",\"isPartOf\":{\"@id\":\"https:\/\/coffeelounge.delonghi.com\/de-at\/#website\"},\"primaryImageOfPage\":{\"@id\":\"https:\/\/coffeelounge.delonghi.com\/de-at\/product\/jamila-italian-style\/#primaryimage\"},\"image\":{\"@id\":\"https:\/\/coffeelounge.delonghi.com\/de-at\/product\/jamila-italian-style\/#primaryimage\"},\"thumbnailUrl\":\"https:\/\/coffeelounge.delonghi.com\/wp-content\/uploads\/2022\/09\/italian-style.png\",\"datePublished\":\"2022-10-20T09:44:26+00:00\",\"dateModified\":\"2024-03-04T07:30:51+00:00\",\"description\":\"Er hat einen sehr sch\u00f6nen Espresso-Geschmack, mit einer leichten Zartbitternote und einer ausgezeichneten Crema.Er besteht aktuell aus 5 Sorten, mit einem vergleichsweise hohen Robusta Anteil von ca. 25%.\",\"breadcrumb\":{\"@id\":\"https:\/\/coffeelounge.delonghi.com\/de-at\/product\/jamila-italian-style\/#breadcrumb\"},\"inLanguage\":\"de-at\",\"potentialAction\":[{\"@type\":\"ReadAction\",\"target\":[\"https:\/\/coffeelounge.delonghi.com\/de-at\/product\/jamila-italian-style\/\"]}]},{\"@type\":\"ImageObject\",\"inLanguage\":\"de-at\",\"@id\":\"https:\/\/coffeelounge.delonghi.com\/de-at\/product\/jamila-italian-style\/#primaryimage\",\"url\":\"https:\/\/coffeelounge.delonghi.com\/wp-content\/uploads\/2022\/09\/italian-style.png\",\"contentUrl\":\"https:\/\/coffeelounge.delonghi.com\/wp-content\/uploads\/2022\/09\/italian-style.png\",\"width\":600,\"height\":600},{\"@type\":\"BreadcrumbList\",\"@id\":\"https:\/\/coffeelounge.delonghi.com\/de-at\/product\/jamila-italian-style\/#breadcrumb\",\"itemListElement\":[{\"@type\":\"ListItem\",\"position\":1,\"name\":\"Home\",\"item\":\"https:\/\/coffeelounge.delonghi.com\/de-at\/\"},{\"@type\":\"ListItem\",\"position\":2,\"name\":\"Boutique\",\"item\":\"https:\/\/coffeelounge.delonghi.com\/fr\/?page_id=36\"},{\"@type\":\"ListItem\",\"position\":3,\"name\":\"Italian Style\"}]},{\"@type\":\"WebSite\",\"@id\":\"https:\/\/coffeelounge.delonghi.com\/de-at\/#website\",\"url\":\"https:\/\/coffeelounge.delonghi.com\/de-at\/\",\"name\":\"De&#039;Longhi\",\"description\":\"Coffee Lounge\",\"publisher\":{\"@id\":\"https:\/\/coffeelounge.delonghi.com\/de-at\/#organization\"},\"potentialAction\":[{\"@type\":\"SearchAction\",\"target\":{\"@type\":\"EntryPoint\",\"urlTemplate\":\"https:\/\/coffeelounge.delonghi.com\/de-at\/?s={search_term_string}\"},\"query-input\":{\"@type\":\"PropertyValueSpecification\",\"valueRequired\":true,\"valueName\":\"search_term_string\"}}],\"inLanguage\":\"de-at\"},{\"@type\":\"Organization\",\"@id\":\"https:\/\/coffeelounge.delonghi.com\/de-at\/#organization\",\"name\":\"De'Longhi Coffee Lounge\",\"url\":\"https:\/\/coffeelounge.delonghi.com\/de-at\/\",\"logo\":{\"@type\":\"ImageObject\",\"inLanguage\":\"de-at\",\"@id\":\"https:\/\/coffeelounge.delonghi.com\/de-at\/#\/schema\/logo\/image\/\",\"url\":\"https:\/\/coffeelounge.delonghi.com\/wp-content\/uploads\/2020\/05\/delonghi-coffee-lounge-logo-nederland.png\",\"contentUrl\":\"https:\/\/coffeelounge.delonghi.com\/wp-content\/uploads\/2020\/05\/delonghi-coffee-lounge-logo-nederland.png\",\"width\":2337,\"height\":724,\"caption\":\"De'Longhi Coffee Lounge\"},\"image\":{\"@id\":\"https:\/\/coffeelounge.delonghi.com\/de-at\/#\/schema\/logo\/image\/\"}}]}<\/script>\n<!-- \/ Yoast SEO Premium plugin. -->","yoast_head_json":{"title":"Italian Style | Coffee Lounge De&#039;Longhi","description":"Er hat einen sehr sch\u00f6nen Espresso-Geschmack, mit einer leichten Zartbitternote und einer ausgezeichneten Crema.Er besteht aktuell aus 5 Sorten, mit einem vergleichsweise hohen Robusta Anteil von ca. 25%.","robots":{"index":"index","follow":"follow","max-snippet":"max-snippet:-1","max-image-preview":"max-image-preview:large","max-video-preview":"max-video-preview:-1"},"twitter_card":"summary_large_image","twitter_title":"Italian Style | Coffee Lounge De&#039;Longhi","twitter_description":"Er hat einen sehr sch\u00f6nen Espresso-Geschmack, mit einer leichten Zartbitternote und einer ausgezeichneten Crema.Er besteht aktuell aus 5 Sorten, mit einem vergleichsweise hohen Robusta Anteil von ca. 25%.","twitter_image":"https:\/\/coffeelounge.delonghi.com\/wp-content\/uploads\/2022\/09\/italian-style.png","schema":{"@context":"https:\/\/schema.org","@graph":[{"@type":"WebPage","@id":"https:\/\/coffeelounge.delonghi.com\/de-at\/product\/jamila-italian-style\/","url":"https:\/\/coffeelounge.delonghi.com\/de-at\/product\/jamila-italian-style\/","name":"Italian Style | Coffee Lounge De&#039;Longhi","isPartOf":{"@id":"https:\/\/coffeelounge.delonghi.com\/de-at\/#website"},"primaryImageOfPage":{"@id":"https:\/\/coffeelounge.delonghi.com\/de-at\/product\/jamila-italian-style\/#primaryimage"},"image":{"@id":"https:\/\/coffeelounge.delonghi.com\/de-at\/product\/jamila-italian-style\/#primaryimage"},"thumbnailUrl":"https:\/\/coffeelounge.delonghi.com\/wp-content\/uploads\/2022\/09\/italian-style.png","datePublished":"2022-10-20T09:44:26+00:00","dateModified":"2024-03-04T07:30:51+00:00","description":"Er hat einen sehr sch\u00f6nen Espresso-Geschmack, mit einer leichten Zartbitternote und einer ausgezeichneten Crema.Er besteht aktuell aus 5 Sorten, mit einem vergleichsweise hohen Robusta Anteil von ca. 25%.","breadcrumb":{"@id":"https:\/\/coffeelounge.delonghi.com\/de-at\/product\/jamila-italian-style\/#breadcrumb"},"inLanguage":"de-at","potentialAction":[{"@type":"ReadAction","target":["https:\/\/coffeelounge.delonghi.com\/de-at\/product\/jamila-italian-style\/"]}]},{"@type":"ImageObject","inLanguage":"de-at","@id":"https:\/\/coffeelounge.delonghi.com\/de-at\/product\/jamila-italian-style\/#primaryimage","url":"https:\/\/coffeelounge.delonghi.com\/wp-content\/uploads\/2022\/09\/italian-style.png","contentUrl":"https:\/\/coffeelounge.delonghi.com\/wp-content\/uploads\/2022\/09\/italian-style.png","width":600,"height":600},{"@type":"BreadcrumbList","@id":"https:\/\/coffeelounge.delonghi.com\/de-at\/product\/jamila-italian-style\/#breadcrumb","itemListElement":[{"@type":"ListItem","position":1,"name":"Home","item":"https:\/\/coffeelounge.delonghi.com\/de-at\/"},{"@type":"ListItem","position":2,"name":"Boutique","item":"https:\/\/coffeelounge.delonghi.com\/fr\/?page_id=36"},{"@type":"ListItem","position":3,"name":"Italian Style"}]},{"@type":"WebSite","@id":"https:\/\/coffeelounge.delonghi.com\/de-at\/#website","url":"https:\/\/coffeelounge.delonghi.com\/de-at\/","name":"De&#039;Longhi","description":"Coffee Lounge","publisher":{"@id":"https:\/\/coffeelounge.delonghi.com\/de-at\/#organization"},"potentialAction":[{"@type":"SearchAction","target":{"@type":"EntryPoint","urlTemplate":"https:\/\/coffeelounge.delonghi.com\/de-at\/?s={search_term_string}"},"query-input":{"@type":"PropertyValueSpecification","valueRequired":true,"valueName":"search_term_string"}}],"inLanguage":"de-at"},{"@type":"Organization","@id":"https:\/\/coffeelounge.delonghi.com\/de-at\/#organization","name":"De'Longhi Coffee Lounge","url":"https:\/\/coffeelounge.delonghi.com\/de-at\/","logo":{"@type":"ImageObject","inLanguage":"de-at","@id":"https:\/\/coffeelounge.delonghi.com\/de-at\/#\/schema\/logo\/image\/","url":"https:\/\/coffeelounge.delonghi.com\/wp-content\/uploads\/2020\/05\/delonghi-coffee-lounge-logo-nederland.png","contentUrl":"https:\/\/coffeelounge.delonghi.com\/wp-content\/uploads\/2020\/05\/delonghi-coffee-lounge-logo-nederland.png","width":2337,"height":724,"caption":"De'Longhi Coffee Lounge"},"image":{"@id":"https:\/\/coffeelounge.delonghi.com\/de-at\/#\/schema\/logo\/image\/"}}]}},"_links":{"self":[{"href":"https:\/\/coffeelounge.delonghi.com\/de-at\/wp-json\/wp\/v2\/product\/265700","targetHints":{"allow":["GET"]}}],"collection":[{"href":"https:\/\/coffeelounge.delonghi.com\/de-at\/wp-json\/wp\/v2\/product"}],"about":[{"href":"https:\/\/coffeelounge.delonghi.com\/de-at\/wp-json\/wp\/v2\/types\/product"}],"replies":[{"embeddable":true,"href":"https:\/\/coffeelounge.delonghi.com\/de-at\/wp-json\/wp\/v2\/comments?post=265700"}],"version-history":[{"count":2,"href":"https:\/\/coffeelounge.delonghi.com\/de-at\/wp-json\/wp\/v2\/product\/265700\/revisions"}],"predecessor-version":[{"id":421844,"href":"https:\/\/coffeelounge.delonghi.com\/de-at\/wp-json\/wp\/v2\/product\/265700\/revisions\/421844"}],"wp:featuredmedia":[{"embeddable":true,"href":"https:\/\/coffeelounge.delonghi.com\/de-at\/wp-json\/wp\/v2\/media\/265701"}],"wp:attachment":[{"href":"https:\/\/coffeelounge.delonghi.com\/de-at\/wp-json\/wp\/v2\/media?parent=265700"}],"wp:term":[{"taxonomy":"product_cat","embeddable":true,"href":"https:\/\/coffeelounge.delonghi.com\/de-at\/wp-json\/wp\/v2\/product_cat?post=265700"},{"taxonomy":"product_tag","embeddable":true,"href":"https:\/\/coffeelounge.delonghi.com\/de-at\/wp-json\/wp\/v2\/product_tag?post=265700"}],"curies":[{"name":"wp","href":"https:\/\/api.w.org\/{rel}","templated":true}]}}