{"id":265597,"date":"2022-09-29T12:34:09","date_gmt":"2022-09-29T12:34:09","guid":{"rendered":"https:\/\/coffeelounge.delonghi.com\/?post_type=product&#038;p=265597"},"modified":"2024-03-04T07:31:31","modified_gmt":"2024-03-04T07:31:31","slug":"jamila-smoky-mountain","status":"publish","type":"product","link":"https:\/\/coffeelounge.delonghi.com\/de-at\/product\/jamila-smoky-mountain\/","title":{"rendered":"Smoky Mountain"},"content":{"rendered":"<p>Der Smoky Mountain eignet sich mit seinem leicht s\u00fc\u00dflichen Geschmack und seiner intensiven Crema ideal f\u00fcr den Hausgebrauch. Ob Caf\u00e9 Latte, Cappuccino oder Espresso &#8211; ein volles und weiches Geschmackserlebnis. Aktuell ist der Smoky eine Mischung aus f\u00fcnf verschiedenen Sorten. Das ist allerdings nur eine Momentaufnahme, diese Anzahl \u00e4ndert sich laufend. Das liegt an der Tatsache, dass der Geschmack der einzelnen Sorten mit jeder Ernte variiert. Die Ernte erfolgt nur einmal pro Jahr, somit schmeckt der Kaffee vom gleichen Bauern von einem Jahr auf das n\u00e4chste, in den meisten F\u00e4llen, komplett anders. Aus diesem Grund beziehen wir unsere Bohnen quasi nie zwei Jahre hintereinander von den gleichen Bauern. Damit ist es unm\u00f6glich vorauszusagen, wie viele verschiedene Sorten n\u00e4chstes Jahr ben\u00f6tigt werden, um den Geschmack des Smoky Mountain zu kreieren.<\/p>\n","protected":false},"excerpt":{"rendered":"<p>Der Smoky Mountain eignet sich mit seinem leicht s\u00fc\u00dflichen Geschmack und seiner intensiven Crema ideal f\u00fcr den Hausgebrauch. Ob Caf\u00e9 Latte, Cappuccino oder Espresso &#8211; ein volles und weiches Geschmackserlebnis. Aktuell ist der Smoky eine Mischung aus f\u00fcnf verschiedenen Sorten. Das ist allerdings nur eine Momentaufnahme, diese Anzahl \u00e4ndert sich laufend. Das liegt an der [&hellip;]<\/p>\n","protected":false},"featured_media":265611,"comment_status":"closed","ping_status":"closed","template":"","meta":{"_acf_changed":false},"product_cat":[653,655],"product_tag":[],"class_list":{"0":"post-265597","1":"product","2":"type-product","3":"status-publish","4":"has-post-thumbnail","6":"product_cat-alle-kaffees-de-at","7":"product_cat-blend-de-at","9":"first","10":"instock","11":"taxable","12":"shipping-taxable","13":"purchasable","14":"product-type-variable"},"acf":[],"yoast_head":"<!-- This site is optimized with the Yoast SEO Premium plugin v24.5 (Yoast SEO v24.5) - https:\/\/yoast.com\/wordpress\/plugins\/seo\/ -->\n<title>Smoky Mountain | Coffee Lounge De&#039;Longhi<\/title>\n<meta name=\"description\" content=\"Der Smoky Mountain eignet sich mit seinem leicht s\u00fc\u00dflichen Geschmack und seiner intensiven Crema ideal f\u00fcr den Hausgebrauch. Ob Caf\u00e9 Latte, Cappuccino oder Espresso - ein volles und weiches Geschmackserlebnis.\" \/>\n<meta name=\"robots\" content=\"index, follow, max-snippet:-1, max-image-preview:large, max-video-preview:-1\" \/>\n<meta name=\"twitter:card\" content=\"summary_large_image\" \/>\n<meta name=\"twitter:title\" content=\"Smoky Mountain | Coffee Lounge De&#039;Longhi\" \/>\n<meta name=\"twitter:description\" content=\"Der Smoky Mountain eignet sich mit seinem leicht s\u00fc\u00dflichen Geschmack und seiner intensiven Crema ideal f\u00fcr den Hausgebrauch. Ob Caf\u00e9 Latte, Cappuccino oder Espresso - ein volles und weiches Geschmackserlebnis.\" \/>\n<meta name=\"twitter:image\" content=\"https:\/\/coffeelounge.delonghi.com\/wp-content\/uploads\/2022\/09\/smoky-mountain.png\" \/>\n<script type=\"application\/ld+json\" class=\"yoast-schema-graph\">{\"@context\":\"https:\/\/schema.org\",\"@graph\":[{\"@type\":\"WebPage\",\"@id\":\"https:\/\/coffeelounge.delonghi.com\/de-at\/product\/jamila-smoky-mountain\/\",\"url\":\"https:\/\/coffeelounge.delonghi.com\/de-at\/product\/jamila-smoky-mountain\/\",\"name\":\"Smoky Mountain | Coffee Lounge De&#039;Longhi\",\"isPartOf\":{\"@id\":\"https:\/\/coffeelounge.delonghi.com\/de-at\/#website\"},\"primaryImageOfPage\":{\"@id\":\"https:\/\/coffeelounge.delonghi.com\/de-at\/product\/jamila-smoky-mountain\/#primaryimage\"},\"image\":{\"@id\":\"https:\/\/coffeelounge.delonghi.com\/de-at\/product\/jamila-smoky-mountain\/#primaryimage\"},\"thumbnailUrl\":\"https:\/\/coffeelounge.delonghi.com\/wp-content\/uploads\/2022\/09\/smoky-mountain.png\",\"datePublished\":\"2022-09-29T12:34:09+00:00\",\"dateModified\":\"2024-03-04T07:31:31+00:00\",\"description\":\"Der Smoky Mountain eignet sich mit seinem leicht s\u00fc\u00dflichen Geschmack und seiner intensiven Crema ideal f\u00fcr den Hausgebrauch. Ob Caf\u00e9 Latte, Cappuccino oder Espresso - ein volles und weiches Geschmackserlebnis.\",\"breadcrumb\":{\"@id\":\"https:\/\/coffeelounge.delonghi.com\/de-at\/product\/jamila-smoky-mountain\/#breadcrumb\"},\"inLanguage\":\"de-at\",\"potentialAction\":[{\"@type\":\"ReadAction\",\"target\":[\"https:\/\/coffeelounge.delonghi.com\/de-at\/product\/jamila-smoky-mountain\/\"]}]},{\"@type\":\"ImageObject\",\"inLanguage\":\"de-at\",\"@id\":\"https:\/\/coffeelounge.delonghi.com\/de-at\/product\/jamila-smoky-mountain\/#primaryimage\",\"url\":\"https:\/\/coffeelounge.delonghi.com\/wp-content\/uploads\/2022\/09\/smoky-mountain.png\",\"contentUrl\":\"https:\/\/coffeelounge.delonghi.com\/wp-content\/uploads\/2022\/09\/smoky-mountain.png\",\"width\":600,\"height\":600},{\"@type\":\"BreadcrumbList\",\"@id\":\"https:\/\/coffeelounge.delonghi.com\/de-at\/product\/jamila-smoky-mountain\/#breadcrumb\",\"itemListElement\":[{\"@type\":\"ListItem\",\"position\":1,\"name\":\"Home\",\"item\":\"https:\/\/coffeelounge.delonghi.com\/de-at\/\"},{\"@type\":\"ListItem\",\"position\":2,\"name\":\"Boutique\",\"item\":\"https:\/\/coffeelounge.delonghi.com\/fr\/?page_id=36\"},{\"@type\":\"ListItem\",\"position\":3,\"name\":\"Smoky Mountain\"}]},{\"@type\":\"WebSite\",\"@id\":\"https:\/\/coffeelounge.delonghi.com\/de-at\/#website\",\"url\":\"https:\/\/coffeelounge.delonghi.com\/de-at\/\",\"name\":\"De&#039;Longhi\",\"description\":\"Coffee Lounge\",\"publisher\":{\"@id\":\"https:\/\/coffeelounge.delonghi.com\/de-at\/#organization\"},\"potentialAction\":[{\"@type\":\"SearchAction\",\"target\":{\"@type\":\"EntryPoint\",\"urlTemplate\":\"https:\/\/coffeelounge.delonghi.com\/de-at\/?s={search_term_string}\"},\"query-input\":{\"@type\":\"PropertyValueSpecification\",\"valueRequired\":true,\"valueName\":\"search_term_string\"}}],\"inLanguage\":\"de-at\"},{\"@type\":\"Organization\",\"@id\":\"https:\/\/coffeelounge.delonghi.com\/de-at\/#organization\",\"name\":\"De'Longhi Coffee Lounge\",\"url\":\"https:\/\/coffeelounge.delonghi.com\/de-at\/\",\"logo\":{\"@type\":\"ImageObject\",\"inLanguage\":\"de-at\",\"@id\":\"https:\/\/coffeelounge.delonghi.com\/de-at\/#\/schema\/logo\/image\/\",\"url\":\"https:\/\/coffeelounge.delonghi.com\/wp-content\/uploads\/2020\/05\/delonghi-coffee-lounge-logo-nederland.png\",\"contentUrl\":\"https:\/\/coffeelounge.delonghi.com\/wp-content\/uploads\/2020\/05\/delonghi-coffee-lounge-logo-nederland.png\",\"width\":2337,\"height\":724,\"caption\":\"De'Longhi Coffee Lounge\"},\"image\":{\"@id\":\"https:\/\/coffeelounge.delonghi.com\/de-at\/#\/schema\/logo\/image\/\"}}]}<\/script>\n<!-- \/ Yoast SEO Premium plugin. -->","yoast_head_json":{"title":"Smoky Mountain | Coffee Lounge De&#039;Longhi","description":"Der Smoky Mountain eignet sich mit seinem leicht s\u00fc\u00dflichen Geschmack und seiner intensiven Crema ideal f\u00fcr den Hausgebrauch. Ob Caf\u00e9 Latte, Cappuccino oder Espresso - ein volles und weiches Geschmackserlebnis.","robots":{"index":"index","follow":"follow","max-snippet":"max-snippet:-1","max-image-preview":"max-image-preview:large","max-video-preview":"max-video-preview:-1"},"twitter_card":"summary_large_image","twitter_title":"Smoky Mountain | Coffee Lounge De&#039;Longhi","twitter_description":"Der Smoky Mountain eignet sich mit seinem leicht s\u00fc\u00dflichen Geschmack und seiner intensiven Crema ideal f\u00fcr den Hausgebrauch. Ob Caf\u00e9 Latte, Cappuccino oder Espresso - ein volles und weiches Geschmackserlebnis.","twitter_image":"https:\/\/coffeelounge.delonghi.com\/wp-content\/uploads\/2022\/09\/smoky-mountain.png","schema":{"@context":"https:\/\/schema.org","@graph":[{"@type":"WebPage","@id":"https:\/\/coffeelounge.delonghi.com\/de-at\/product\/jamila-smoky-mountain\/","url":"https:\/\/coffeelounge.delonghi.com\/de-at\/product\/jamila-smoky-mountain\/","name":"Smoky Mountain | Coffee Lounge De&#039;Longhi","isPartOf":{"@id":"https:\/\/coffeelounge.delonghi.com\/de-at\/#website"},"primaryImageOfPage":{"@id":"https:\/\/coffeelounge.delonghi.com\/de-at\/product\/jamila-smoky-mountain\/#primaryimage"},"image":{"@id":"https:\/\/coffeelounge.delonghi.com\/de-at\/product\/jamila-smoky-mountain\/#primaryimage"},"thumbnailUrl":"https:\/\/coffeelounge.delonghi.com\/wp-content\/uploads\/2022\/09\/smoky-mountain.png","datePublished":"2022-09-29T12:34:09+00:00","dateModified":"2024-03-04T07:31:31+00:00","description":"Der Smoky Mountain eignet sich mit seinem leicht s\u00fc\u00dflichen Geschmack und seiner intensiven Crema ideal f\u00fcr den Hausgebrauch. Ob Caf\u00e9 Latte, Cappuccino oder Espresso - ein volles und weiches Geschmackserlebnis.","breadcrumb":{"@id":"https:\/\/coffeelounge.delonghi.com\/de-at\/product\/jamila-smoky-mountain\/#breadcrumb"},"inLanguage":"de-at","potentialAction":[{"@type":"ReadAction","target":["https:\/\/coffeelounge.delonghi.com\/de-at\/product\/jamila-smoky-mountain\/"]}]},{"@type":"ImageObject","inLanguage":"de-at","@id":"https:\/\/coffeelounge.delonghi.com\/de-at\/product\/jamila-smoky-mountain\/#primaryimage","url":"https:\/\/coffeelounge.delonghi.com\/wp-content\/uploads\/2022\/09\/smoky-mountain.png","contentUrl":"https:\/\/coffeelounge.delonghi.com\/wp-content\/uploads\/2022\/09\/smoky-mountain.png","width":600,"height":600},{"@type":"BreadcrumbList","@id":"https:\/\/coffeelounge.delonghi.com\/de-at\/product\/jamila-smoky-mountain\/#breadcrumb","itemListElement":[{"@type":"ListItem","position":1,"name":"Home","item":"https:\/\/coffeelounge.delonghi.com\/de-at\/"},{"@type":"ListItem","position":2,"name":"Boutique","item":"https:\/\/coffeelounge.delonghi.com\/fr\/?page_id=36"},{"@type":"ListItem","position":3,"name":"Smoky Mountain"}]},{"@type":"WebSite","@id":"https:\/\/coffeelounge.delonghi.com\/de-at\/#website","url":"https:\/\/coffeelounge.delonghi.com\/de-at\/","name":"De&#039;Longhi","description":"Coffee Lounge","publisher":{"@id":"https:\/\/coffeelounge.delonghi.com\/de-at\/#organization"},"potentialAction":[{"@type":"SearchAction","target":{"@type":"EntryPoint","urlTemplate":"https:\/\/coffeelounge.delonghi.com\/de-at\/?s={search_term_string}"},"query-input":{"@type":"PropertyValueSpecification","valueRequired":true,"valueName":"search_term_string"}}],"inLanguage":"de-at"},{"@type":"Organization","@id":"https:\/\/coffeelounge.delonghi.com\/de-at\/#organization","name":"De'Longhi Coffee Lounge","url":"https:\/\/coffeelounge.delonghi.com\/de-at\/","logo":{"@type":"ImageObject","inLanguage":"de-at","@id":"https:\/\/coffeelounge.delonghi.com\/de-at\/#\/schema\/logo\/image\/","url":"https:\/\/coffeelounge.delonghi.com\/wp-content\/uploads\/2020\/05\/delonghi-coffee-lounge-logo-nederland.png","contentUrl":"https:\/\/coffeelounge.delonghi.com\/wp-content\/uploads\/2020\/05\/delonghi-coffee-lounge-logo-nederland.png","width":2337,"height":724,"caption":"De'Longhi Coffee Lounge"},"image":{"@id":"https:\/\/coffeelounge.delonghi.com\/de-at\/#\/schema\/logo\/image\/"}}]}},"_links":{"self":[{"href":"https:\/\/coffeelounge.delonghi.com\/de-at\/wp-json\/wp\/v2\/product\/265597","targetHints":{"allow":["GET"]}}],"collection":[{"href":"https:\/\/coffeelounge.delonghi.com\/de-at\/wp-json\/wp\/v2\/product"}],"about":[{"href":"https:\/\/coffeelounge.delonghi.com\/de-at\/wp-json\/wp\/v2\/types\/product"}],"replies":[{"embeddable":true,"href":"https:\/\/coffeelounge.delonghi.com\/de-at\/wp-json\/wp\/v2\/comments?post=265597"}],"version-history":[{"count":2,"href":"https:\/\/coffeelounge.delonghi.com\/de-at\/wp-json\/wp\/v2\/product\/265597\/revisions"}],"predecessor-version":[{"id":421847,"href":"https:\/\/coffeelounge.delonghi.com\/de-at\/wp-json\/wp\/v2\/product\/265597\/revisions\/421847"}],"wp:featuredmedia":[{"embeddable":true,"href":"https:\/\/coffeelounge.delonghi.com\/de-at\/wp-json\/wp\/v2\/media\/265611"}],"wp:attachment":[{"href":"https:\/\/coffeelounge.delonghi.com\/de-at\/wp-json\/wp\/v2\/media?parent=265597"}],"wp:term":[{"taxonomy":"product_cat","embeddable":true,"href":"https:\/\/coffeelounge.delonghi.com\/de-at\/wp-json\/wp\/v2\/product_cat?post=265597"},{"taxonomy":"product_tag","embeddable":true,"href":"https:\/\/coffeelounge.delonghi.com\/de-at\/wp-json\/wp\/v2\/product_tag?post=265597"}],"curies":[{"name":"wp","href":"https:\/\/api.w.org\/{rel}","templated":true}]}}