{"id":224355,"date":"2022-08-22T17:22:56","date_gmt":"2022-08-22T17:22:56","guid":{"rendered":"https:\/\/coffeelounge.delonghi.com\/?post_type=product&#038;p=224355"},"modified":"2024-03-04T07:31:55","modified_gmt":"2024-03-04T07:31:55","slug":"jamila-brazilian-gold","status":"publish","type":"product","link":"https:\/\/coffeelounge.delonghi.com\/de-at\/product\/jamila-brazilian-gold\/","title":{"rendered":"Brazilian Gold"},"content":{"rendered":"<p>Unsere Empfehlung f\u00fcr Cappuccino, Latte Macchiato und s\u00fc\u00dfe Kreationen wie zum Beispiel Eiskaffee. Der Brazilian Gold gl\u00e4nzt durch ein ausgezeichnetes, ausgewogenes Volumen mit sehr wenig S\u00e4ure. Sein Aroma wird als fein, cremig und schokoladig gekennzeichnet.<br \/>\nDerzeit ist er eine Mischung aus zwei Sorten, einer Arabica und einer Robusta. Dies sind die zwei Gattungen der Kaffeepflanze, die weltweit am h\u00e4ufigsten angebaut werden. Das Land, das am meisten Kaffee produziert und exportiert ist Brasilien, gefolgt von Vietnam und Kolumbien.<\/p>\n","protected":false},"excerpt":{"rendered":"<p>Unsere Empfehlung f\u00fcr Cappuccino, Latte Macchiato und s\u00fc\u00dfe Kreationen wie zum Beispiel Eiskaffee. Der Brazilian Gold gl\u00e4nzt durch ein ausgezeichnetes, ausgewogenes Volumen mit sehr wenig S\u00e4ure. Sein Aroma wird als fein, cremig und schokoladig gekennzeichnet. Derzeit ist er eine Mischung aus zwei Sorten, einer Arabica und einer Robusta. Dies sind die zwei Gattungen der Kaffeepflanze, [&hellip;]<\/p>\n","protected":false},"featured_media":224366,"comment_status":"closed","ping_status":"closed","template":"","meta":{"_acf_changed":false},"product_cat":[653,655],"product_tag":[],"class_list":{"0":"post-224355","1":"product","2":"type-product","3":"status-publish","4":"has-post-thumbnail","6":"product_cat-alle-kaffees-de-at","7":"product_cat-blend-de-at","9":"first","10":"instock","11":"taxable","12":"shipping-taxable","13":"purchasable","14":"product-type-variable"},"acf":[],"yoast_head":"<!-- This site is optimized with the Yoast SEO Premium plugin v24.5 (Yoast SEO v24.5) - https:\/\/yoast.com\/wordpress\/plugins\/seo\/ -->\n<title>Brazilian Gold | Coffee Lounge De&#039;Longhi<\/title>\n<meta name=\"description\" content=\"Der Brazilian Gold gl\u00e4nzt durch ein ausgezeichnetes ausgewogenes Volumen mit sehr wenig S\u00e4ure, sein Aroma wird als fein, cremig und schokoladig gekennzeichnet. Mehr erfahren in der Coffee Lounge.\" \/>\n<meta name=\"robots\" content=\"index, follow, max-snippet:-1, max-image-preview:large, max-video-preview:-1\" \/>\n<meta name=\"twitter:card\" content=\"summary_large_image\" \/>\n<meta name=\"twitter:title\" content=\"Brazilian Gold | Coffee Lounge De&#039;Longhi\" \/>\n<meta name=\"twitter:description\" content=\"Der Brazilian Gold gl\u00e4nzt durch ein ausgezeichnetes ausgewogenes Volumen mit sehr wenig S\u00e4ure, sein Aroma wird als fein, cremig und schokoladig gekennzeichnet. Mehr erfahren in der Coffee Lounge.\" \/>\n<meta name=\"twitter:image\" content=\"https:\/\/coffeelounge.delonghi.com\/wp-content\/uploads\/2022\/08\/brazilian-gold.png\" \/>\n<script type=\"application\/ld+json\" class=\"yoast-schema-graph\">{\"@context\":\"https:\/\/schema.org\",\"@graph\":[{\"@type\":\"WebPage\",\"@id\":\"https:\/\/coffeelounge.delonghi.com\/de-at\/product\/jamila-brazilian-gold\/\",\"url\":\"https:\/\/coffeelounge.delonghi.com\/de-at\/product\/jamila-brazilian-gold\/\",\"name\":\"Brazilian Gold | Coffee Lounge De&#039;Longhi\",\"isPartOf\":{\"@id\":\"https:\/\/coffeelounge.delonghi.com\/de-at\/#website\"},\"primaryImageOfPage\":{\"@id\":\"https:\/\/coffeelounge.delonghi.com\/de-at\/product\/jamila-brazilian-gold\/#primaryimage\"},\"image\":{\"@id\":\"https:\/\/coffeelounge.delonghi.com\/de-at\/product\/jamila-brazilian-gold\/#primaryimage\"},\"thumbnailUrl\":\"https:\/\/coffeelounge.delonghi.com\/wp-content\/uploads\/2022\/08\/brazilian-gold.png\",\"datePublished\":\"2022-08-22T17:22:56+00:00\",\"dateModified\":\"2024-03-04T07:31:55+00:00\",\"description\":\"Der Brazilian Gold gl\u00e4nzt durch ein ausgezeichnetes ausgewogenes Volumen mit sehr wenig S\u00e4ure, sein Aroma wird als fein, cremig und schokoladig gekennzeichnet. Mehr erfahren in der Coffee Lounge.\",\"breadcrumb\":{\"@id\":\"https:\/\/coffeelounge.delonghi.com\/de-at\/product\/jamila-brazilian-gold\/#breadcrumb\"},\"inLanguage\":\"de-at\",\"potentialAction\":[{\"@type\":\"ReadAction\",\"target\":[\"https:\/\/coffeelounge.delonghi.com\/de-at\/product\/jamila-brazilian-gold\/\"]}]},{\"@type\":\"ImageObject\",\"inLanguage\":\"de-at\",\"@id\":\"https:\/\/coffeelounge.delonghi.com\/de-at\/product\/jamila-brazilian-gold\/#primaryimage\",\"url\":\"https:\/\/coffeelounge.delonghi.com\/wp-content\/uploads\/2022\/08\/brazilian-gold.png\",\"contentUrl\":\"https:\/\/coffeelounge.delonghi.com\/wp-content\/uploads\/2022\/08\/brazilian-gold.png\",\"width\":600,\"height\":600},{\"@type\":\"BreadcrumbList\",\"@id\":\"https:\/\/coffeelounge.delonghi.com\/de-at\/product\/jamila-brazilian-gold\/#breadcrumb\",\"itemListElement\":[{\"@type\":\"ListItem\",\"position\":1,\"name\":\"Home\",\"item\":\"https:\/\/coffeelounge.delonghi.com\/de-at\/\"},{\"@type\":\"ListItem\",\"position\":2,\"name\":\"Boutique\",\"item\":\"https:\/\/coffeelounge.delonghi.com\/fr\/?page_id=36\"},{\"@type\":\"ListItem\",\"position\":3,\"name\":\"Brazilian Gold\"}]},{\"@type\":\"WebSite\",\"@id\":\"https:\/\/coffeelounge.delonghi.com\/de-at\/#website\",\"url\":\"https:\/\/coffeelounge.delonghi.com\/de-at\/\",\"name\":\"De&#039;Longhi\",\"description\":\"Coffee Lounge\",\"publisher\":{\"@id\":\"https:\/\/coffeelounge.delonghi.com\/de-at\/#organization\"},\"potentialAction\":[{\"@type\":\"SearchAction\",\"target\":{\"@type\":\"EntryPoint\",\"urlTemplate\":\"https:\/\/coffeelounge.delonghi.com\/de-at\/?s={search_term_string}\"},\"query-input\":{\"@type\":\"PropertyValueSpecification\",\"valueRequired\":true,\"valueName\":\"search_term_string\"}}],\"inLanguage\":\"de-at\"},{\"@type\":\"Organization\",\"@id\":\"https:\/\/coffeelounge.delonghi.com\/de-at\/#organization\",\"name\":\"De'Longhi Coffee Lounge\",\"url\":\"https:\/\/coffeelounge.delonghi.com\/de-at\/\",\"logo\":{\"@type\":\"ImageObject\",\"inLanguage\":\"de-at\",\"@id\":\"https:\/\/coffeelounge.delonghi.com\/de-at\/#\/schema\/logo\/image\/\",\"url\":\"https:\/\/coffeelounge.delonghi.com\/wp-content\/uploads\/2020\/05\/delonghi-coffee-lounge-logo-nederland.png\",\"contentUrl\":\"https:\/\/coffeelounge.delonghi.com\/wp-content\/uploads\/2020\/05\/delonghi-coffee-lounge-logo-nederland.png\",\"width\":2337,\"height\":724,\"caption\":\"De'Longhi Coffee Lounge\"},\"image\":{\"@id\":\"https:\/\/coffeelounge.delonghi.com\/de-at\/#\/schema\/logo\/image\/\"}}]}<\/script>\n<!-- \/ Yoast SEO Premium plugin. -->","yoast_head_json":{"title":"Brazilian Gold | Coffee Lounge De&#039;Longhi","description":"Der Brazilian Gold gl\u00e4nzt durch ein ausgezeichnetes ausgewogenes Volumen mit sehr wenig S\u00e4ure, sein Aroma wird als fein, cremig und schokoladig gekennzeichnet. Mehr erfahren in der Coffee Lounge.","robots":{"index":"index","follow":"follow","max-snippet":"max-snippet:-1","max-image-preview":"max-image-preview:large","max-video-preview":"max-video-preview:-1"},"twitter_card":"summary_large_image","twitter_title":"Brazilian Gold | Coffee Lounge De&#039;Longhi","twitter_description":"Der Brazilian Gold gl\u00e4nzt durch ein ausgezeichnetes ausgewogenes Volumen mit sehr wenig S\u00e4ure, sein Aroma wird als fein, cremig und schokoladig gekennzeichnet. Mehr erfahren in der Coffee Lounge.","twitter_image":"https:\/\/coffeelounge.delonghi.com\/wp-content\/uploads\/2022\/08\/brazilian-gold.png","schema":{"@context":"https:\/\/schema.org","@graph":[{"@type":"WebPage","@id":"https:\/\/coffeelounge.delonghi.com\/de-at\/product\/jamila-brazilian-gold\/","url":"https:\/\/coffeelounge.delonghi.com\/de-at\/product\/jamila-brazilian-gold\/","name":"Brazilian Gold | Coffee Lounge De&#039;Longhi","isPartOf":{"@id":"https:\/\/coffeelounge.delonghi.com\/de-at\/#website"},"primaryImageOfPage":{"@id":"https:\/\/coffeelounge.delonghi.com\/de-at\/product\/jamila-brazilian-gold\/#primaryimage"},"image":{"@id":"https:\/\/coffeelounge.delonghi.com\/de-at\/product\/jamila-brazilian-gold\/#primaryimage"},"thumbnailUrl":"https:\/\/coffeelounge.delonghi.com\/wp-content\/uploads\/2022\/08\/brazilian-gold.png","datePublished":"2022-08-22T17:22:56+00:00","dateModified":"2024-03-04T07:31:55+00:00","description":"Der Brazilian Gold gl\u00e4nzt durch ein ausgezeichnetes ausgewogenes Volumen mit sehr wenig S\u00e4ure, sein Aroma wird als fein, cremig und schokoladig gekennzeichnet. Mehr erfahren in der Coffee Lounge.","breadcrumb":{"@id":"https:\/\/coffeelounge.delonghi.com\/de-at\/product\/jamila-brazilian-gold\/#breadcrumb"},"inLanguage":"de-at","potentialAction":[{"@type":"ReadAction","target":["https:\/\/coffeelounge.delonghi.com\/de-at\/product\/jamila-brazilian-gold\/"]}]},{"@type":"ImageObject","inLanguage":"de-at","@id":"https:\/\/coffeelounge.delonghi.com\/de-at\/product\/jamila-brazilian-gold\/#primaryimage","url":"https:\/\/coffeelounge.delonghi.com\/wp-content\/uploads\/2022\/08\/brazilian-gold.png","contentUrl":"https:\/\/coffeelounge.delonghi.com\/wp-content\/uploads\/2022\/08\/brazilian-gold.png","width":600,"height":600},{"@type":"BreadcrumbList","@id":"https:\/\/coffeelounge.delonghi.com\/de-at\/product\/jamila-brazilian-gold\/#breadcrumb","itemListElement":[{"@type":"ListItem","position":1,"name":"Home","item":"https:\/\/coffeelounge.delonghi.com\/de-at\/"},{"@type":"ListItem","position":2,"name":"Boutique","item":"https:\/\/coffeelounge.delonghi.com\/fr\/?page_id=36"},{"@type":"ListItem","position":3,"name":"Brazilian Gold"}]},{"@type":"WebSite","@id":"https:\/\/coffeelounge.delonghi.com\/de-at\/#website","url":"https:\/\/coffeelounge.delonghi.com\/de-at\/","name":"De&#039;Longhi","description":"Coffee Lounge","publisher":{"@id":"https:\/\/coffeelounge.delonghi.com\/de-at\/#organization"},"potentialAction":[{"@type":"SearchAction","target":{"@type":"EntryPoint","urlTemplate":"https:\/\/coffeelounge.delonghi.com\/de-at\/?s={search_term_string}"},"query-input":{"@type":"PropertyValueSpecification","valueRequired":true,"valueName":"search_term_string"}}],"inLanguage":"de-at"},{"@type":"Organization","@id":"https:\/\/coffeelounge.delonghi.com\/de-at\/#organization","name":"De'Longhi Coffee Lounge","url":"https:\/\/coffeelounge.delonghi.com\/de-at\/","logo":{"@type":"ImageObject","inLanguage":"de-at","@id":"https:\/\/coffeelounge.delonghi.com\/de-at\/#\/schema\/logo\/image\/","url":"https:\/\/coffeelounge.delonghi.com\/wp-content\/uploads\/2020\/05\/delonghi-coffee-lounge-logo-nederland.png","contentUrl":"https:\/\/coffeelounge.delonghi.com\/wp-content\/uploads\/2020\/05\/delonghi-coffee-lounge-logo-nederland.png","width":2337,"height":724,"caption":"De'Longhi Coffee Lounge"},"image":{"@id":"https:\/\/coffeelounge.delonghi.com\/de-at\/#\/schema\/logo\/image\/"}}]}},"_links":{"self":[{"href":"https:\/\/coffeelounge.delonghi.com\/de-at\/wp-json\/wp\/v2\/product\/224355","targetHints":{"allow":["GET"]}}],"collection":[{"href":"https:\/\/coffeelounge.delonghi.com\/de-at\/wp-json\/wp\/v2\/product"}],"about":[{"href":"https:\/\/coffeelounge.delonghi.com\/de-at\/wp-json\/wp\/v2\/types\/product"}],"replies":[{"embeddable":true,"href":"https:\/\/coffeelounge.delonghi.com\/de-at\/wp-json\/wp\/v2\/comments?post=224355"}],"version-history":[{"count":4,"href":"https:\/\/coffeelounge.delonghi.com\/de-at\/wp-json\/wp\/v2\/product\/224355\/revisions"}],"predecessor-version":[{"id":421848,"href":"https:\/\/coffeelounge.delonghi.com\/de-at\/wp-json\/wp\/v2\/product\/224355\/revisions\/421848"}],"wp:featuredmedia":[{"embeddable":true,"href":"https:\/\/coffeelounge.delonghi.com\/de-at\/wp-json\/wp\/v2\/media\/224366"}],"wp:attachment":[{"href":"https:\/\/coffeelounge.delonghi.com\/de-at\/wp-json\/wp\/v2\/media?parent=224355"}],"wp:term":[{"taxonomy":"product_cat","embeddable":true,"href":"https:\/\/coffeelounge.delonghi.com\/de-at\/wp-json\/wp\/v2\/product_cat?post=224355"},{"taxonomy":"product_tag","embeddable":true,"href":"https:\/\/coffeelounge.delonghi.com\/de-at\/wp-json\/wp\/v2\/product_tag?post=224355"}],"curies":[{"name":"wp","href":"https:\/\/api.w.org\/{rel}","templated":true}]}}