{"id":223612,"date":"2022-08-19T13:14:50","date_gmt":"2022-08-19T13:14:50","guid":{"rendered":"https:\/\/coffeelounge.delonghi.com\/?post_type=product&#038;p=223612"},"modified":"2024-03-04T07:32:03","modified_gmt":"2024-03-04T07:32:03","slug":"jamila-cafe-roma","status":"publish","type":"product","link":"https:\/\/coffeelounge.delonghi.com\/de-at\/product\/jamila-cafe-roma\/","title":{"rendered":"Caf\u00e9 Roma"},"content":{"rendered":"<p>Der Roma ist der klassische Espresso und unsere Empfehlung wenn Sie Kaffee am liebsten schwarz trinken. Er ist zum heutigen Zeitpunkt eine Mischung aus sieben verschiedenen Sorten, sechs Arabica und einer Robusta. Das Zusammenspiel der Aromen aus den einzelnen Sorten verleiht ihm den vollmundigen, blumigen Geschmack, w\u00e4hrend eine sch\u00f6ne Crema jeder Tasse Kaffee eine Krone aufsetzt. Das Blending, also das Mischen der Sorten, um neue Geschm\u00e4cker zu kreieren, gilt unter R\u00f6stern als K\u00f6nigsdisziplin bei der Herstellung von Kaffee. Ein Unterscheidungsmerkmal von unseren Mischungen zu denen vieler anderer Hersteller ist, dass wir die Bohnen nicht erst nach der R\u00f6stung vermischen, sondern schon vorher im rohen Zustand. Beim R\u00f6sten laufen verschiedene chemische Reaktionen ab, die den Geschmack entfalten. Durch die gleichzeitige R\u00f6stung der Sorten kann sich durch die gesamte Mischung hindurch ein Geschmack bilden, der bei einer nachtr\u00e4glichen Vermischung niemals erreicht werden kann.<\/p>\n","protected":false},"excerpt":{"rendered":"<p>Der Roma ist der klassische Espresso und unsere Empfehlung wenn Sie Kaffee am liebsten schwarz trinken. Er ist zum heutigen Zeitpunkt eine Mischung aus sieben verschiedenen Sorten, sechs Arabica und einer Robusta. Das Zusammenspiel der Aromen aus den einzelnen Sorten verleiht ihm den vollmundigen, blumigen Geschmack, w\u00e4hrend eine sch\u00f6ne Crema jeder Tasse Kaffee eine Krone [&hellip;]<\/p>\n","protected":false},"featured_media":223613,"comment_status":"closed","ping_status":"closed","template":"","meta":{"_acf_changed":false},"product_cat":[653,655],"product_tag":[],"class_list":{"0":"post-223612","1":"product","2":"type-product","3":"status-publish","4":"has-post-thumbnail","6":"product_cat-alle-kaffees-de-at","7":"product_cat-blend-de-at","9":"first","10":"instock","11":"taxable","12":"shipping-taxable","13":"purchasable","14":"product-type-variable"},"acf":[],"yoast_head":"<!-- This site is optimized with the Yoast SEO Premium plugin v24.5 (Yoast SEO v24.5) - https:\/\/yoast.com\/wordpress\/plugins\/seo\/ -->\n<title>Caf\u00e9 Roma | Coffee Lounge De&#039;Longhi<\/title>\n<meta name=\"description\" content=\"Der Roma ist der klassische Espresso und unsere Empfehlung wenn Sie Kaffee am liebsten schwarz trinken. Mehr erfahren in der Coffee Lounge.\" \/>\n<meta name=\"robots\" content=\"index, follow, max-snippet:-1, max-image-preview:large, max-video-preview:-1\" \/>\n<meta name=\"twitter:card\" content=\"summary_large_image\" \/>\n<meta name=\"twitter:title\" content=\"Caf\u00e9 Roma | Coffee Lounge De&#039;Longhi\" \/>\n<meta name=\"twitter:description\" content=\"Der Roma ist der klassische Espresso und unsere Empfehlung wenn Sie Kaffee am liebsten schwarz trinken. Mehr erfahren in der Coffee Lounge.\" \/>\n<meta name=\"twitter:image\" content=\"https:\/\/coffeelounge.delonghi.com\/wp-content\/uploads\/2022\/08\/cafe-roma.png\" \/>\n<script type=\"application\/ld+json\" class=\"yoast-schema-graph\">{\"@context\":\"https:\/\/schema.org\",\"@graph\":[{\"@type\":\"WebPage\",\"@id\":\"https:\/\/coffeelounge.delonghi.com\/de-at\/product\/jamila-cafe-roma\/\",\"url\":\"https:\/\/coffeelounge.delonghi.com\/de-at\/product\/jamila-cafe-roma\/\",\"name\":\"Caf\u00e9 Roma | Coffee Lounge De&#039;Longhi\",\"isPartOf\":{\"@id\":\"https:\/\/coffeelounge.delonghi.com\/de-at\/#website\"},\"primaryImageOfPage\":{\"@id\":\"https:\/\/coffeelounge.delonghi.com\/de-at\/product\/jamila-cafe-roma\/#primaryimage\"},\"image\":{\"@id\":\"https:\/\/coffeelounge.delonghi.com\/de-at\/product\/jamila-cafe-roma\/#primaryimage\"},\"thumbnailUrl\":\"https:\/\/coffeelounge.delonghi.com\/wp-content\/uploads\/2022\/08\/cafe-roma.png\",\"datePublished\":\"2022-08-19T13:14:50+00:00\",\"dateModified\":\"2024-03-04T07:32:03+00:00\",\"description\":\"Der Roma ist der klassische Espresso und unsere Empfehlung wenn Sie Kaffee am liebsten schwarz trinken. Mehr erfahren in der Coffee Lounge.\",\"breadcrumb\":{\"@id\":\"https:\/\/coffeelounge.delonghi.com\/de-at\/product\/jamila-cafe-roma\/#breadcrumb\"},\"inLanguage\":\"de-at\",\"potentialAction\":[{\"@type\":\"ReadAction\",\"target\":[\"https:\/\/coffeelounge.delonghi.com\/de-at\/product\/jamila-cafe-roma\/\"]}]},{\"@type\":\"ImageObject\",\"inLanguage\":\"de-at\",\"@id\":\"https:\/\/coffeelounge.delonghi.com\/de-at\/product\/jamila-cafe-roma\/#primaryimage\",\"url\":\"https:\/\/coffeelounge.delonghi.com\/wp-content\/uploads\/2022\/08\/cafe-roma.png\",\"contentUrl\":\"https:\/\/coffeelounge.delonghi.com\/wp-content\/uploads\/2022\/08\/cafe-roma.png\",\"width\":600,\"height\":600},{\"@type\":\"BreadcrumbList\",\"@id\":\"https:\/\/coffeelounge.delonghi.com\/de-at\/product\/jamila-cafe-roma\/#breadcrumb\",\"itemListElement\":[{\"@type\":\"ListItem\",\"position\":1,\"name\":\"Home\",\"item\":\"https:\/\/coffeelounge.delonghi.com\/de-at\/\"},{\"@type\":\"ListItem\",\"position\":2,\"name\":\"Boutique\",\"item\":\"https:\/\/coffeelounge.delonghi.com\/fr\/?page_id=36\"},{\"@type\":\"ListItem\",\"position\":3,\"name\":\"Caf\u00e9 Roma\"}]},{\"@type\":\"WebSite\",\"@id\":\"https:\/\/coffeelounge.delonghi.com\/de-at\/#website\",\"url\":\"https:\/\/coffeelounge.delonghi.com\/de-at\/\",\"name\":\"De&#039;Longhi\",\"description\":\"Coffee Lounge\",\"publisher\":{\"@id\":\"https:\/\/coffeelounge.delonghi.com\/de-at\/#organization\"},\"potentialAction\":[{\"@type\":\"SearchAction\",\"target\":{\"@type\":\"EntryPoint\",\"urlTemplate\":\"https:\/\/coffeelounge.delonghi.com\/de-at\/?s={search_term_string}\"},\"query-input\":{\"@type\":\"PropertyValueSpecification\",\"valueRequired\":true,\"valueName\":\"search_term_string\"}}],\"inLanguage\":\"de-at\"},{\"@type\":\"Organization\",\"@id\":\"https:\/\/coffeelounge.delonghi.com\/de-at\/#organization\",\"name\":\"De'Longhi Coffee Lounge\",\"url\":\"https:\/\/coffeelounge.delonghi.com\/de-at\/\",\"logo\":{\"@type\":\"ImageObject\",\"inLanguage\":\"de-at\",\"@id\":\"https:\/\/coffeelounge.delonghi.com\/de-at\/#\/schema\/logo\/image\/\",\"url\":\"https:\/\/coffeelounge.delonghi.com\/wp-content\/uploads\/2020\/05\/delonghi-coffee-lounge-logo-nederland.png\",\"contentUrl\":\"https:\/\/coffeelounge.delonghi.com\/wp-content\/uploads\/2020\/05\/delonghi-coffee-lounge-logo-nederland.png\",\"width\":2337,\"height\":724,\"caption\":\"De'Longhi Coffee Lounge\"},\"image\":{\"@id\":\"https:\/\/coffeelounge.delonghi.com\/de-at\/#\/schema\/logo\/image\/\"}}]}<\/script>\n<!-- \/ Yoast SEO Premium plugin. -->","yoast_head_json":{"title":"Caf\u00e9 Roma | Coffee Lounge De&#039;Longhi","description":"Der Roma ist der klassische Espresso und unsere Empfehlung wenn Sie Kaffee am liebsten schwarz trinken. Mehr erfahren in der Coffee Lounge.","robots":{"index":"index","follow":"follow","max-snippet":"max-snippet:-1","max-image-preview":"max-image-preview:large","max-video-preview":"max-video-preview:-1"},"twitter_card":"summary_large_image","twitter_title":"Caf\u00e9 Roma | Coffee Lounge De&#039;Longhi","twitter_description":"Der Roma ist der klassische Espresso und unsere Empfehlung wenn Sie Kaffee am liebsten schwarz trinken. Mehr erfahren in der Coffee Lounge.","twitter_image":"https:\/\/coffeelounge.delonghi.com\/wp-content\/uploads\/2022\/08\/cafe-roma.png","schema":{"@context":"https:\/\/schema.org","@graph":[{"@type":"WebPage","@id":"https:\/\/coffeelounge.delonghi.com\/de-at\/product\/jamila-cafe-roma\/","url":"https:\/\/coffeelounge.delonghi.com\/de-at\/product\/jamila-cafe-roma\/","name":"Caf\u00e9 Roma | Coffee Lounge De&#039;Longhi","isPartOf":{"@id":"https:\/\/coffeelounge.delonghi.com\/de-at\/#website"},"primaryImageOfPage":{"@id":"https:\/\/coffeelounge.delonghi.com\/de-at\/product\/jamila-cafe-roma\/#primaryimage"},"image":{"@id":"https:\/\/coffeelounge.delonghi.com\/de-at\/product\/jamila-cafe-roma\/#primaryimage"},"thumbnailUrl":"https:\/\/coffeelounge.delonghi.com\/wp-content\/uploads\/2022\/08\/cafe-roma.png","datePublished":"2022-08-19T13:14:50+00:00","dateModified":"2024-03-04T07:32:03+00:00","description":"Der Roma ist der klassische Espresso und unsere Empfehlung wenn Sie Kaffee am liebsten schwarz trinken. Mehr erfahren in der Coffee Lounge.","breadcrumb":{"@id":"https:\/\/coffeelounge.delonghi.com\/de-at\/product\/jamila-cafe-roma\/#breadcrumb"},"inLanguage":"de-at","potentialAction":[{"@type":"ReadAction","target":["https:\/\/coffeelounge.delonghi.com\/de-at\/product\/jamila-cafe-roma\/"]}]},{"@type":"ImageObject","inLanguage":"de-at","@id":"https:\/\/coffeelounge.delonghi.com\/de-at\/product\/jamila-cafe-roma\/#primaryimage","url":"https:\/\/coffeelounge.delonghi.com\/wp-content\/uploads\/2022\/08\/cafe-roma.png","contentUrl":"https:\/\/coffeelounge.delonghi.com\/wp-content\/uploads\/2022\/08\/cafe-roma.png","width":600,"height":600},{"@type":"BreadcrumbList","@id":"https:\/\/coffeelounge.delonghi.com\/de-at\/product\/jamila-cafe-roma\/#breadcrumb","itemListElement":[{"@type":"ListItem","position":1,"name":"Home","item":"https:\/\/coffeelounge.delonghi.com\/de-at\/"},{"@type":"ListItem","position":2,"name":"Boutique","item":"https:\/\/coffeelounge.delonghi.com\/fr\/?page_id=36"},{"@type":"ListItem","position":3,"name":"Caf\u00e9 Roma"}]},{"@type":"WebSite","@id":"https:\/\/coffeelounge.delonghi.com\/de-at\/#website","url":"https:\/\/coffeelounge.delonghi.com\/de-at\/","name":"De&#039;Longhi","description":"Coffee Lounge","publisher":{"@id":"https:\/\/coffeelounge.delonghi.com\/de-at\/#organization"},"potentialAction":[{"@type":"SearchAction","target":{"@type":"EntryPoint","urlTemplate":"https:\/\/coffeelounge.delonghi.com\/de-at\/?s={search_term_string}"},"query-input":{"@type":"PropertyValueSpecification","valueRequired":true,"valueName":"search_term_string"}}],"inLanguage":"de-at"},{"@type":"Organization","@id":"https:\/\/coffeelounge.delonghi.com\/de-at\/#organization","name":"De'Longhi Coffee Lounge","url":"https:\/\/coffeelounge.delonghi.com\/de-at\/","logo":{"@type":"ImageObject","inLanguage":"de-at","@id":"https:\/\/coffeelounge.delonghi.com\/de-at\/#\/schema\/logo\/image\/","url":"https:\/\/coffeelounge.delonghi.com\/wp-content\/uploads\/2020\/05\/delonghi-coffee-lounge-logo-nederland.png","contentUrl":"https:\/\/coffeelounge.delonghi.com\/wp-content\/uploads\/2020\/05\/delonghi-coffee-lounge-logo-nederland.png","width":2337,"height":724,"caption":"De'Longhi Coffee Lounge"},"image":{"@id":"https:\/\/coffeelounge.delonghi.com\/de-at\/#\/schema\/logo\/image\/"}}]}},"_links":{"self":[{"href":"https:\/\/coffeelounge.delonghi.com\/de-at\/wp-json\/wp\/v2\/product\/223612","targetHints":{"allow":["GET"]}}],"collection":[{"href":"https:\/\/coffeelounge.delonghi.com\/de-at\/wp-json\/wp\/v2\/product"}],"about":[{"href":"https:\/\/coffeelounge.delonghi.com\/de-at\/wp-json\/wp\/v2\/types\/product"}],"replies":[{"embeddable":true,"href":"https:\/\/coffeelounge.delonghi.com\/de-at\/wp-json\/wp\/v2\/comments?post=223612"}],"version-history":[{"count":3,"href":"https:\/\/coffeelounge.delonghi.com\/de-at\/wp-json\/wp\/v2\/product\/223612\/revisions"}],"predecessor-version":[{"id":421849,"href":"https:\/\/coffeelounge.delonghi.com\/de-at\/wp-json\/wp\/v2\/product\/223612\/revisions\/421849"}],"wp:featuredmedia":[{"embeddable":true,"href":"https:\/\/coffeelounge.delonghi.com\/de-at\/wp-json\/wp\/v2\/media\/223613"}],"wp:attachment":[{"href":"https:\/\/coffeelounge.delonghi.com\/de-at\/wp-json\/wp\/v2\/media?parent=223612"}],"wp:term":[{"taxonomy":"product_cat","embeddable":true,"href":"https:\/\/coffeelounge.delonghi.com\/de-at\/wp-json\/wp\/v2\/product_cat?post=223612"},{"taxonomy":"product_tag","embeddable":true,"href":"https:\/\/coffeelounge.delonghi.com\/de-at\/wp-json\/wp\/v2\/product_tag?post=223612"}],"curies":[{"name":"wp","href":"https:\/\/api.w.org\/{rel}","templated":true}]}}