{"id":124185,"date":"2020-09-30T10:14:46","date_gmt":"2020-09-30T10:14:46","guid":{"rendered":"https:\/\/coffeelounge.delonghi.com\/inscrivez-vous-merci\/"},"modified":"2022-04-27T14:11:52","modified_gmt":"2022-04-27T14:11:52","slug":"inscrivez-vous-merci","status":"publish","type":"page","link":"https:\/\/coffeelounge.delonghi.com\/de-at\/inscrivez-vous-merci\/","title":{"rendered":"Inscrivez-vous &#8211; Merci"},"content":{"rendered":"\t\t<div data-elementor-type=\"wp-page\" data-elementor-id=\"124185\" class=\"elementor elementor-124185 elementor-9758\" data-elementor-post-type=\"page\">\n\t\t\t\t<!-- dce invisible element 60c3812c -->\t\t<section data-dce-background-color=\"#C37455\" data-dce-background-image-url=\"https:\/\/coffeelounge.delonghi.com\/wp-content\/uploads\/2020\/10\/Application_cropped-1-1.png\" class=\"elementor-section elementor-top-section elementor-element elementor-element-d6b0494 elementor-section-full_width elementor-section-height-min-height elementor-section-items-stretch elementor-section-content-top static_header_container elementor-section-height-default\" data-id=\"d6b0494\" data-element_type=\"section\" data-settings=\"{&quot;background_background&quot;:&quot;classic&quot;}\">\n\t\t\t\t\t\t<div class=\"elementor-container elementor-column-gap-no\">\n\t\t\t\t\t<div class=\"elementor-column elementor-col-100 elementor-top-column elementor-element elementor-element-1259f72\" data-id=\"1259f72\" data-element_type=\"column\" data-settings=\"{&quot;background_background&quot;:&quot;classic&quot;}\">\n\t\t\t<div class=\"elementor-widget-wrap elementor-element-populated\">\n\t\t\t\t\t\t<section class=\"elementor-section elementor-inner-section elementor-element elementor-element-9f47780 elementor-section-boxed elementor-section-height-default elementor-section-height-default\" data-id=\"9f47780\" data-element_type=\"section\" data-settings=\"{&quot;background_background&quot;:&quot;classic&quot;}\">\n\t\t\t\t\t\t<div class=\"elementor-container elementor-column-gap-default\">\n\t\t\t\t\t<div class=\"elementor-column elementor-col-100 elementor-inner-column elementor-element elementor-element-65ffe97\" data-id=\"65ffe97\" data-element_type=\"column\" data-settings=\"{&quot;background_background&quot;:&quot;classic&quot;}\">\n\t\t\t<div class=\"elementor-widget-wrap elementor-element-populated\">\n\t\t\t\t\t\t<div class=\"elementor-element elementor-element-1114eb9 static_header_title elementor-widget elementor-widget-heading\" data-id=\"1114eb9\" data-element_type=\"widget\" data-widget_type=\"heading.default\">\n\t\t\t\t<div class=\"elementor-widget-container\">\n\t\t\t\t\t<h1 class=\"elementor-heading-title elementor-size-default\">Werden Sie jetzt Mitglied in der De'Longhi Coffee Lounge<\/h1>\t\t\t\t<\/div>\n\t\t\t\t<\/div>\n\t\t<!-- dce invisible element d61771b -->\t\t\t<\/div>\n\t\t<\/div>\n\t\t\t\t\t<\/div>\n\t\t<\/section>\n\t\t\t\t\t<\/div>\n\t\t<\/div>\n\t\t\t\t\t<\/div>\n\t\t<\/section>\n\t\t<!-- dce invisible element 21755a6b --><!-- dce invisible element 9331627 -->\t\t<section class=\"elementor-section elementor-top-section elementor-element elementor-element-ad17cdb elementor-section-full_width benefits_grid_container elementor-section-height-default elementor-section-height-default\" data-id=\"ad17cdb\" data-element_type=\"section\">\n\t\t\t\t\t\t<div class=\"elementor-container elementor-column-gap-no\">\n\t\t\t\t\t<div class=\"elementor-column elementor-col-100 elementor-top-column elementor-element elementor-element-2d16bc7\" data-id=\"2d16bc7\" data-element_type=\"column\">\n\t\t\t<div class=\"elementor-widget-wrap elementor-element-populated\">\n\t\t\t\t\t\t<div class=\"elementor-element elementor-element-1a64358 elementor-widget elementor-widget-heading\" data-id=\"1a64358\" data-element_type=\"widget\" data-widget_type=\"heading.default\">\n\t\t\t\t<div class=\"elementor-widget-container\">\n\t\t\t\t\t<div class=\"elementor-heading-title elementor-size-default\">Was wir ihnen bieten:<\/div>\t\t\t\t<\/div>\n\t\t\t\t<\/div>\n\t\t\t\t<section class=\"elementor-section elementor-inner-section elementor-element elementor-element-1ebb2b3 elementor-section-full_width elementor-section-content-top elementor-section-height-default elementor-section-height-default\" data-id=\"1ebb2b3\" data-element_type=\"section\">\n\t\t\t\t\t\t<div class=\"elementor-container elementor-column-gap-no\">\n\t\t\t\t\t<div class=\"elementor-column elementor-col-50 elementor-inner-column elementor-element elementor-element-980eed9\" data-id=\"980eed9\" data-element_type=\"column\">\n\t\t\t<div class=\"elementor-widget-wrap elementor-element-populated\">\n\t\t\t\t\t\t<div class=\"elementor-element elementor-element-e743454 elementor-widget elementor-widget-eael-feature-list\" data-id=\"e743454\" data-element_type=\"widget\" data-widget_type=\"eael-feature-list.default\">\n\t\t\t\t<div class=\"elementor-widget-container\">\n\t\t\t\t\t\t\t<div class=\"-icon-position-left -tablet-icon-position-left -mobile-icon-position-left\">\n\t\t\t<ul id=\"eael-feature-list-e743454\" class=\"eael-feature-list-items circle stacked  eael-feature-list-vertical\">\n\t\t\t                <li class=\"eael-feature-list-item elementor-repeater-item-b699234\">\n                    \n\t\t\t\t\t\t<div class=\"eael-feature-list-icon-box\">\n\t\t\t\t\t\t\t<div class=\"eael-feature-list-icon-inner\">\n\n\t\t\t\t\t\t\t\t<span class=\"eael-feature-list-icon fl-icon-0\">\n\n\t\t<svg xmlns=\"http:\/\/www.w3.org\/2000\/svg\" width=\"24\" height=\"24\" viewBox=\"0 0 24 24\"><path fill=\"none\" d=\"M0 0H24V24H0z\"><\/path><path fill=\"#052644\" d=\"M20.181 8.283h-.858a.26.26 0 0 1-.258-.26v-4.2a.261.261 0 0 1 .259-.26h.857a.476.476 0 1 0 0-.952h-.858a1.2 1.2 0 0 0-1.162.975h-.419a6.538 6.538 0 0 1-1.883-.744c-3.976-1.833-5.724-.12-5.785-.057a11.691 11.691 0 0 0-1.9 2.318.473.473 0 0 0 .395.725 3.222 3.222 0 0 0-1.91 2.936v.375H5.108a.476.476 0 0 0-.472.414l-1.27 9.594a2.511 2.511 0 0 0 2.144 2.829 2.321 2.321 0 0 0 .336.024h8.086a2.511 2.511 0 0 0 2.5-2.514 2.287 2.287 0 0 0-.024-.335l-1.28-9.6a.476.476 0 0 0-.472-.414H13.1v-.53a4.787 4.787 0 0 1 .5.124 4.928 4.928 0 0 0 1.411.215c.128.012.254.018.381.018a4.027 4.027 0 0 0 2.261-.706h.5a1.183 1.183 0 0 0 .307.621 1.209 1.209 0 0 0 .858.356h.857a.476.476 0 1 0 0-.952zm-5.94 1.811l1.226 9.188a1.384 1.384 0 0 1 .015.2 1.559 1.559 0 0 1-1.551 1.561H5.848a1.627 1.627 0 0 1-.207-.015 1.557 1.557 0 0 1-1.331-1.752l1.216-9.182h1.137v1.292a.732.732 0 0 0-.264.556.742.742 0 0 0 1.483 0 .733.733 0 0 0-.266-.558v-1.29h4.534v1.294a.733.733 0 0 0-.261.554.742.742 0 0 0 1.484 0 .731.731 0 0 0-.27-.56v-1.288zm-6.625-.953v-.375A2.273 2.273 0 0 1 9.886 6.5a.476.476 0 0 0 .156-.031 1.4 1.4 0 0 0-.176.668 1.414 1.414 0 0 0 1.413 1.412h.871v.6zm7.442-1.146a3.6 3.6 0 0 1-1.19-.179 4.821 4.821 0 0 0-1.526-.223h-1.063a.461.461 0 0 1 0-.921h2.214a1.752 1.752 0 0 0 1.314-.394.476.476 0 0 0 .415.25h.043a.476.476 0 0 0 .433-.516 2.078 2.078 0 0 0-1.534-1.822.476.476 0 0 0-.244.921 1.1 1.1 0 0 1 .46.265.865.865 0 0 1-.828.349h-2.273a1.4 1.4 0 0 0-.928.356.5.5 0 0 0 .011-.056.476.476 0 0 0-.476-.476 3.183 3.183 0 0 0-1.023.182.463.463 0 0 0 .124-.118 10.718 10.718 0 0 1 1.749-2.136c.055-.054 1.406-1.292 4.684.216a7.365 7.365 0 0 0 2.17.842.5.5 0 0 0 .1.011h.422v2.76h-.58a.221.221 0 0 0-.025 0 .444.444 0 0 0-.148.03l-.028.013a.463.463 0 0 0-.09.043 3.13 3.13 0 0 1-2.183.603z\" transform=\"translate(-.342)\"><\/path><\/svg>\t\t\t\t\t\t\t\t<\/span>\n\t\t\t\t\t\t\t<\/div>\n\t\t\t\t\t\t<\/div>\n\t\t\t\t\t\t<div class=\"eael-feature-list-content-box\">\n                            <div class=\"eael-feature-list-title\">Verkaufen Sie mehr Kaffeebohnen<\/div>\t\t\t\t\t\t<p class=\"eael-feature-list-content\">Erreichen Sie viele Liebhaber mit Ihren einzigartigen Kaffeebohnen \u00fcber unsere einzigartige Plattform. Profitieren Sie dabei von der Partnerschaft mit De'Longhi, der Nr. 1 unter den Espressomaschinenherstellern.<\/p>\n\t\t\t\t\t\t<\/div>\n\n\t\t\t\t\t<\/li>\n\t\t\t\t                <li class=\"eael-feature-list-item elementor-repeater-item-690197a\">\n                    \n\t\t\t\t\t\t<div class=\"eael-feature-list-icon-box\">\n\t\t\t\t\t\t\t<div class=\"eael-feature-list-icon-inner\">\n\n\t\t\t\t\t\t\t\t<span class=\"eael-feature-list-icon fl-icon-1\">\n\n\t\t<svg xmlns=\"http:\/\/www.w3.org\/2000\/svg\" width=\"24\" height=\"24\" viewBox=\"0 0 24 24\"><path fill=\"none\" d=\"M0 0H24V24H0z\"><\/path><path fill=\"#052644\" d=\"M19.713 7.143h-3.9v-.6a2.289 2.289 0 0 0-2.287-2.286h-9.24A2.289 2.289 0 0 0 2 6.54v5.508a2.289 2.289 0 0 0 2.286 2.287h.188v2.045a.476.476 0 0 0 .8.344l2.5-2.389h.413v.6a2.29 2.29 0 0 0 2.287 2.287h5.746l2.5 2.389a.476.476 0 0 0 .805-.344v-2.042h.188A2.29 2.29 0 0 0 22 14.938V9.43a2.29 2.29 0 0 0-2.287-2.287zm-12.124 6.24a.479.479 0 0 0-.33.132l-1.833 1.751v-1.407a.476.476 0 0 0-.476-.476h-.664a1.336 1.336 0 0 1-1.334-1.335V6.54a1.336 1.336 0 0 1 1.334-1.334h9.235a1.336 1.336 0 0 1 1.334 1.334v.6h-4.376a2.29 2.29 0 0 0-2.287 2.29v3.953zm13.459 1.555a1.336 1.336 0 0 1-1.335 1.334h-.664a.476.476 0 0 0-.476.477v1.407l-1.833-1.751a.48.48 0 0 0-.33-.133h-5.931a1.336 1.336 0 0 1-1.334-1.334V9.43a1.336 1.336 0 0 1 1.334-1.33h9.234a1.336 1.336 0 0 1 1.335 1.33z\" transform=\"translate(0 -.254)\"><\/path><\/svg>\t\t\t\t\t\t\t\t<\/span>\n\t\t\t\t\t\t\t<\/div>\n\t\t\t\t\t\t<\/div>\n\t\t\t\t\t\t<div class=\"eael-feature-list-content-box\">\n                            <div class=\"eael-feature-list-title\">Kreieren Sie Ihre eigenen Kaffee Events<\/div>\t\t\t\t\t\t<p class=\"eael-feature-list-content\">Inszenieren Sie ein unvergessliches Event mit unseren Kaffeemaschinen. Unser Team bespricht und gestaltet Ihr Projekt gerne mit Ihnen.<\/p>\n\t\t\t\t\t\t<\/div>\n\n\t\t\t\t\t<\/li>\n\t\t\t\t\t\t\t<\/ul>\n\t\t<\/div>\n\t\t\t\t\t\t<\/div>\n\t\t\t\t<\/div>\n\t\t\t\t\t<\/div>\n\t\t<\/div>\n\t\t\t\t<div class=\"elementor-column elementor-col-50 elementor-inner-column elementor-element elementor-element-3129762\" data-id=\"3129762\" data-element_type=\"column\">\n\t\t\t<div class=\"elementor-widget-wrap elementor-element-populated\">\n\t\t\t\t\t\t<div class=\"elementor-element elementor-element-efa2108 elementor-widget elementor-widget-eael-feature-list\" data-id=\"efa2108\" data-element_type=\"widget\" data-widget_type=\"eael-feature-list.default\">\n\t\t\t\t<div class=\"elementor-widget-container\">\n\t\t\t\t\t\t\t<div class=\"-icon-position-left -tablet-icon-position-left -mobile-icon-position-left\">\n\t\t\t<ul id=\"eael-feature-list-efa2108\" class=\"eael-feature-list-items circle stacked  eael-feature-list-vertical\">\n\t\t\t                <li class=\"eael-feature-list-item elementor-repeater-item-b699234\">\n                    \n\t\t\t\t\t\t<div class=\"eael-feature-list-icon-box\">\n\t\t\t\t\t\t\t<div class=\"eael-feature-list-icon-inner\">\n\n\t\t\t\t\t\t\t\t<span class=\"eael-feature-list-icon fl-icon-0\">\n\n\t\t<img decoding=\"async\" src=\"https:\/\/coffeelounge.delonghi.com\/wp-content\/uploads\/2020\/10\/Ico_Interview.svg\" class=\"eael-feature-list-img\" alt=\"\">\t\t\t\t\t\t\t\t<\/span>\n\t\t\t\t\t\t\t<\/div>\n\t\t\t\t\t\t<\/div>\n\t\t\t\t\t\t<div class=\"eael-feature-list-content-box\">\n                            <div class=\"eael-feature-list-title\">Nutzen Sie unseren Service<\/div>\t\t\t\t\t\t<p class=\"eael-feature-list-content\">Erz\u00e4hlen Sie Ihre Geschichte, teilen Sie Ihre Rezepte und Ihr R\u00f6st-Know-how. Ob Social-Media-Aktivit\u00e4ten, Reportagen, Interviews oder andere redaktionelle Formate wie Event-News, wir werden Ihre Beitr\u00e4ge in der Coffee Lounge ver\u00f6ffentlichen. So bleiben Sie in der gro\u00dfen Welt der Kaffeeliebhaber im Gespr\u00e4ch.<\/p>\n\t\t\t\t\t\t<\/div>\n\n\t\t\t\t\t<\/li>\n\t\t\t\t                <li class=\"eael-feature-list-item elementor-repeater-item-690197a\">\n                    \n\t\t\t\t\t\t<div class=\"eael-feature-list-icon-box\">\n\t\t\t\t\t\t\t<div class=\"eael-feature-list-icon-inner\">\n\n\t\t\t\t\t\t\t\t<span class=\"eael-feature-list-icon fl-icon-1\">\n\n\t\t<img decoding=\"async\" src=\"https:\/\/coffeelounge.delonghi.com\/wp-content\/uploads\/2020\/10\/Ico_Info.svg\" class=\"eael-feature-list-img\" alt=\"\">\t\t\t\t\t\t\t\t<\/span>\n\t\t\t\t\t\t\t<\/div>\n\t\t\t\t\t\t<\/div>\n\t\t\t\t\t\t<div class=\"eael-feature-list-content-box\">\n                            <div class=\"eael-feature-list-title\">Robustes Toolset<\/div>\t\t\t\t\t\t<p class=\"eael-feature-list-content\">Wir stellen Ihnen alle Instrumente zur Verf\u00fcgung und helfen Ihnen bei Optimierung und Organisation Ihres Bohnensortiments. Damit Sie in der Coffee Lounge erfolgreich sind.<\/p>\n\t\t\t\t\t\t<\/div>\n\n\t\t\t\t\t<\/li>\n\t\t\t\t\t\t\t<\/ul>\n\t\t<\/div>\n\t\t\t\t\t\t<\/div>\n\t\t\t\t<\/div>\n\t\t\t\t\t<\/div>\n\t\t<\/div>\n\t\t\t\t\t<\/div>\n\t\t<\/section>\n\t\t\t\t\t<\/div>\n\t\t<\/div>\n\t\t\t\t\t<\/div>\n\t\t<\/section>\n\t\t<!-- dce invisible element 307e382f -->\t\t<section class=\"elementor-section elementor-top-section elementor-element elementor-element-35bb2ef elementor-section-full_width coffe_lounge_application_form_container opened elementor-section-height-default elementor-section-height-default\" data-id=\"35bb2ef\" data-element_type=\"section\">\n\t\t\t\t\t\t<div class=\"elementor-container elementor-column-gap-no\">\n\t\t\t\t\t<div class=\"elementor-column elementor-col-100 elementor-top-column elementor-element elementor-element-bc40509\" data-id=\"bc40509\" data-element_type=\"column\">\n\t\t\t<div class=\"elementor-widget-wrap elementor-element-populated\">\n\t\t\t\t\t\t<div class=\"elementor-element elementor-element-6016ffa2 elementor-widget elementor-widget-heading\" data-id=\"6016ffa2\" data-element_type=\"widget\" id=\"coffeclubApplicationRoaster\" data-widget_type=\"heading.default\">\n\t\t\t\t<div class=\"elementor-widget-container\">\n\t\t\t\t\t<div class=\"elementor-heading-title elementor-size-default\">Danke, dass Sie uns kontaktieren. \n<\/div>\t\t\t\t<\/div>\n\t\t\t\t<\/div>\n\t\t\t\t<section class=\"elementor-section elementor-inner-section elementor-element elementor-element-7a02958 elementor-section-full_width elementor-section-content-top elementor-section-height-default elementor-section-height-default\" data-id=\"7a02958\" data-element_type=\"section\">\n\t\t\t\t\t\t<div class=\"elementor-container elementor-column-gap-no\">\n\t\t\t\t\t<div class=\"elementor-column elementor-col-100 elementor-inner-column elementor-element elementor-element-fac8a0b\" data-id=\"fac8a0b\" data-element_type=\"column\">\n\t\t\t<div class=\"elementor-widget-wrap elementor-element-populated\">\n\t\t\t\t\t\t\t<\/div>\n\t\t<\/div>\n\t\t\t\t\t<\/div>\n\t\t<\/section>\n\t\t\t\t\t<\/div>\n\t\t<\/div>\n\t\t\t\t\t<\/div>\n\t\t<\/section>\n\t\t\t\t<section class=\"elementor-section elementor-top-section elementor-element elementor-element-0457617 elementor-section-full_width apply_now_container elementor-section-height-default elementor-section-height-default\" data-id=\"0457617\" data-element_type=\"section\">\n\t\t\t\t\t\t<div class=\"elementor-container elementor-column-gap-no\">\n\t\t\t\t\t<div class=\"elementor-column elementor-col-100 elementor-top-column elementor-element elementor-element-17220a4\" data-id=\"17220a4\" data-element_type=\"column\">\n\t\t\t<div class=\"elementor-widget-wrap elementor-element-populated\">\n\t\t\t\t\t\t<div class=\"elementor-element elementor-element-3ea1e85 elementor-widget elementor-widget-eael-creative-button\" data-id=\"3ea1e85\" data-element_type=\"widget\" data-widget_type=\"eael-creative-button.default\">\n\t\t\t\t<div class=\"elementor-widget-container\">\n\t\t\t\t\t        <div class=\"eael-creative-button-wrapper\">\n\n            <a class=\"eael-creative-button eael-creative-button--default\" href=\"https:\/\/coffeelounge.delonghi.com\/de-at\/jetzt-bewerben\/\" data-text=\"\">\n\n\t    \n                <div class=\"creative-button-inner\">\n\n                    \n                    <span class=\"cretive-button-text\">Jetzt registrieren<\/span>\n\n                                    <\/div>\n\t                        <\/a>\n        <\/div>\n\t\t\t\t<\/div>\n\t\t\t\t<\/div>\n\t\t\t\t\t<\/div>\n\t\t<\/div>\n\t\t\t\t\t<\/div>\n\t\t<\/section>\n\t\t\t\t<\/div>\n\t\t","protected":false},"excerpt":{"rendered":"<p>Coffee Lounge application More about the Coffee Lounge Mitglied werden Jetzt bewerben Werden Sie jetzt Mitglied in der De&#8217;Longhi Coffee Lounge Why are beans roasted? Die De\u2019Longhi Coffee Lounge ist der Ort, an dem Leidenschaft f\u00fcr Kaffee gelebt wird. Die Lounge bringt Kaffeeliebhaber und Experten aus der ganzen Welt des Kaffees zusammen: von R\u00f6stern bis [&hellip;]<\/p>\n","protected":false},"author":1,"featured_media":183023,"parent":0,"menu_order":0,"comment_status":"closed","ping_status":"closed","template":"elementor_header_footer","meta":{"_acf_changed":false,"footnotes":""},"class_list":["post-124185","page","type-page","status-publish","has-post-thumbnail","hentry"],"acf":[],"yoast_head":"<!-- This site is optimized with the Yoast SEO Premium plugin v24.5 (Yoast SEO v24.5) - https:\/\/yoast.com\/wordpress\/plugins\/seo\/ -->\n<title>Inscrivez-vous - Merci | De&#039;Longhi<\/title>\n<meta name=\"robots\" content=\"index, follow, max-snippet:-1, max-image-preview:large, max-video-preview:-1\" \/>\n<meta name=\"twitter:card\" content=\"summary_large_image\" \/>\n<meta name=\"twitter:title\" content=\"Inscrivez-vous - Merci | De&#039;Longhi\" \/>\n<meta name=\"twitter:description\" content=\"Coffee Lounge application More about the Coffee Lounge Mitglied werden Jetzt bewerben Werden Sie jetzt Mitglied in der De&#8217;Longhi Coffee Lounge Why are beans roasted? Die De\u2019Longhi Coffee Lounge ist der Ort, an dem Leidenschaft f\u00fcr Kaffee gelebt wird. Die Lounge bringt Kaffeeliebhaber und Experten aus der ganzen Welt des Kaffees zusammen: von R\u00f6stern bis [&hellip;]\" \/>\n<meta name=\"twitter:image\" content=\"https:\/\/coffeelounge.delonghi.com\/wp-content\/uploads\/2020\/10\/Application_cropped-1-1.png\" \/>\n<script type=\"application\/ld+json\" class=\"yoast-schema-graph\">{\"@context\":\"https:\/\/schema.org\",\"@graph\":[{\"@type\":\"WebPage\",\"@id\":\"https:\/\/coffeelounge.delonghi.com\/de-at\/inscrivez-vous-merci\/\",\"url\":\"https:\/\/coffeelounge.delonghi.com\/de-at\/inscrivez-vous-merci\/\",\"name\":\"Inscrivez-vous - Merci | De&#039;Longhi\",\"isPartOf\":{\"@id\":\"https:\/\/coffeelounge.delonghi.com\/de-at\/#website\"},\"primaryImageOfPage\":{\"@id\":\"https:\/\/coffeelounge.delonghi.com\/de-at\/inscrivez-vous-merci\/#primaryimage\"},\"image\":{\"@id\":\"https:\/\/coffeelounge.delonghi.com\/de-at\/inscrivez-vous-merci\/#primaryimage\"},\"thumbnailUrl\":\"https:\/\/coffeelounge.delonghi.com\/wp-content\/uploads\/2020\/10\/Application_cropped-1-1.png\",\"datePublished\":\"2020-09-30T10:14:46+00:00\",\"dateModified\":\"2022-04-27T14:11:52+00:00\",\"breadcrumb\":{\"@id\":\"https:\/\/coffeelounge.delonghi.com\/de-at\/inscrivez-vous-merci\/#breadcrumb\"},\"inLanguage\":\"de-at\",\"potentialAction\":[{\"@type\":\"ReadAction\",\"target\":[\"https:\/\/coffeelounge.delonghi.com\/de-at\/inscrivez-vous-merci\/\"]}]},{\"@type\":\"ImageObject\",\"inLanguage\":\"de-at\",\"@id\":\"https:\/\/coffeelounge.delonghi.com\/de-at\/inscrivez-vous-merci\/#primaryimage\",\"url\":\"https:\/\/coffeelounge.delonghi.com\/wp-content\/uploads\/2020\/10\/Application_cropped-1-1.png\",\"contentUrl\":\"https:\/\/coffeelounge.delonghi.com\/wp-content\/uploads\/2020\/10\/Application_cropped-1-1.png\",\"width\":1440,\"height\":756},{\"@type\":\"BreadcrumbList\",\"@id\":\"https:\/\/coffeelounge.delonghi.com\/de-at\/inscrivez-vous-merci\/#breadcrumb\",\"itemListElement\":[{\"@type\":\"ListItem\",\"position\":1,\"name\":\"Home\",\"item\":\"https:\/\/coffeelounge.delonghi.com\/de-at\/\"},{\"@type\":\"ListItem\",\"position\":2,\"name\":\"Inscrivez-vous &#8211; Merci\"}]},{\"@type\":\"WebSite\",\"@id\":\"https:\/\/coffeelounge.delonghi.com\/de-at\/#website\",\"url\":\"https:\/\/coffeelounge.delonghi.com\/de-at\/\",\"name\":\"De&#039;Longhi\",\"description\":\"Coffee Lounge\",\"publisher\":{\"@id\":\"https:\/\/coffeelounge.delonghi.com\/de-at\/#organization\"},\"potentialAction\":[{\"@type\":\"SearchAction\",\"target\":{\"@type\":\"EntryPoint\",\"urlTemplate\":\"https:\/\/coffeelounge.delonghi.com\/de-at\/?s={search_term_string}\"},\"query-input\":{\"@type\":\"PropertyValueSpecification\",\"valueRequired\":true,\"valueName\":\"search_term_string\"}}],\"inLanguage\":\"de-at\"},{\"@type\":\"Organization\",\"@id\":\"https:\/\/coffeelounge.delonghi.com\/de-at\/#organization\",\"name\":\"De'Longhi Coffee Lounge\",\"url\":\"https:\/\/coffeelounge.delonghi.com\/de-at\/\",\"logo\":{\"@type\":\"ImageObject\",\"inLanguage\":\"de-at\",\"@id\":\"https:\/\/coffeelounge.delonghi.com\/de-at\/#\/schema\/logo\/image\/\",\"url\":\"https:\/\/coffeelounge.delonghi.com\/wp-content\/uploads\/2020\/05\/delonghi-coffee-lounge-logo-nederland.png\",\"contentUrl\":\"https:\/\/coffeelounge.delonghi.com\/wp-content\/uploads\/2020\/05\/delonghi-coffee-lounge-logo-nederland.png\",\"width\":2337,\"height\":724,\"caption\":\"De'Longhi Coffee Lounge\"},\"image\":{\"@id\":\"https:\/\/coffeelounge.delonghi.com\/de-at\/#\/schema\/logo\/image\/\"}}]}<\/script>\n<!-- \/ Yoast SEO Premium plugin. -->","yoast_head_json":{"title":"Inscrivez-vous - Merci | De&#039;Longhi","robots":{"index":"index","follow":"follow","max-snippet":"max-snippet:-1","max-image-preview":"max-image-preview:large","max-video-preview":"max-video-preview:-1"},"twitter_card":"summary_large_image","twitter_title":"Inscrivez-vous - Merci | De&#039;Longhi","twitter_description":"Coffee Lounge application More about the Coffee Lounge Mitglied werden Jetzt bewerben Werden Sie jetzt Mitglied in der De&#8217;Longhi Coffee Lounge Why are beans roasted? Die De\u2019Longhi Coffee Lounge ist der Ort, an dem Leidenschaft f\u00fcr Kaffee gelebt wird. Die Lounge bringt Kaffeeliebhaber und Experten aus der ganzen Welt des Kaffees zusammen: von R\u00f6stern bis [&hellip;]","twitter_image":"https:\/\/coffeelounge.delonghi.com\/wp-content\/uploads\/2020\/10\/Application_cropped-1-1.png","schema":{"@context":"https:\/\/schema.org","@graph":[{"@type":"WebPage","@id":"https:\/\/coffeelounge.delonghi.com\/de-at\/inscrivez-vous-merci\/","url":"https:\/\/coffeelounge.delonghi.com\/de-at\/inscrivez-vous-merci\/","name":"Inscrivez-vous - Merci | De&#039;Longhi","isPartOf":{"@id":"https:\/\/coffeelounge.delonghi.com\/de-at\/#website"},"primaryImageOfPage":{"@id":"https:\/\/coffeelounge.delonghi.com\/de-at\/inscrivez-vous-merci\/#primaryimage"},"image":{"@id":"https:\/\/coffeelounge.delonghi.com\/de-at\/inscrivez-vous-merci\/#primaryimage"},"thumbnailUrl":"https:\/\/coffeelounge.delonghi.com\/wp-content\/uploads\/2020\/10\/Application_cropped-1-1.png","datePublished":"2020-09-30T10:14:46+00:00","dateModified":"2022-04-27T14:11:52+00:00","breadcrumb":{"@id":"https:\/\/coffeelounge.delonghi.com\/de-at\/inscrivez-vous-merci\/#breadcrumb"},"inLanguage":"de-at","potentialAction":[{"@type":"ReadAction","target":["https:\/\/coffeelounge.delonghi.com\/de-at\/inscrivez-vous-merci\/"]}]},{"@type":"ImageObject","inLanguage":"de-at","@id":"https:\/\/coffeelounge.delonghi.com\/de-at\/inscrivez-vous-merci\/#primaryimage","url":"https:\/\/coffeelounge.delonghi.com\/wp-content\/uploads\/2020\/10\/Application_cropped-1-1.png","contentUrl":"https:\/\/coffeelounge.delonghi.com\/wp-content\/uploads\/2020\/10\/Application_cropped-1-1.png","width":1440,"height":756},{"@type":"BreadcrumbList","@id":"https:\/\/coffeelounge.delonghi.com\/de-at\/inscrivez-vous-merci\/#breadcrumb","itemListElement":[{"@type":"ListItem","position":1,"name":"Home","item":"https:\/\/coffeelounge.delonghi.com\/de-at\/"},{"@type":"ListItem","position":2,"name":"Inscrivez-vous &#8211; Merci"}]},{"@type":"WebSite","@id":"https:\/\/coffeelounge.delonghi.com\/de-at\/#website","url":"https:\/\/coffeelounge.delonghi.com\/de-at\/","name":"De&#039;Longhi","description":"Coffee Lounge","publisher":{"@id":"https:\/\/coffeelounge.delonghi.com\/de-at\/#organization"},"potentialAction":[{"@type":"SearchAction","target":{"@type":"EntryPoint","urlTemplate":"https:\/\/coffeelounge.delonghi.com\/de-at\/?s={search_term_string}"},"query-input":{"@type":"PropertyValueSpecification","valueRequired":true,"valueName":"search_term_string"}}],"inLanguage":"de-at"},{"@type":"Organization","@id":"https:\/\/coffeelounge.delonghi.com\/de-at\/#organization","name":"De'Longhi Coffee Lounge","url":"https:\/\/coffeelounge.delonghi.com\/de-at\/","logo":{"@type":"ImageObject","inLanguage":"de-at","@id":"https:\/\/coffeelounge.delonghi.com\/de-at\/#\/schema\/logo\/image\/","url":"https:\/\/coffeelounge.delonghi.com\/wp-content\/uploads\/2020\/05\/delonghi-coffee-lounge-logo-nederland.png","contentUrl":"https:\/\/coffeelounge.delonghi.com\/wp-content\/uploads\/2020\/05\/delonghi-coffee-lounge-logo-nederland.png","width":2337,"height":724,"caption":"De'Longhi Coffee Lounge"},"image":{"@id":"https:\/\/coffeelounge.delonghi.com\/de-at\/#\/schema\/logo\/image\/"}}]}},"_links":{"self":[{"href":"https:\/\/coffeelounge.delonghi.com\/de-at\/wp-json\/wp\/v2\/pages\/124185","targetHints":{"allow":["GET"]}}],"collection":[{"href":"https:\/\/coffeelounge.delonghi.com\/de-at\/wp-json\/wp\/v2\/pages"}],"about":[{"href":"https:\/\/coffeelounge.delonghi.com\/de-at\/wp-json\/wp\/v2\/types\/page"}],"author":[{"embeddable":true,"href":"https:\/\/coffeelounge.delonghi.com\/de-at\/wp-json\/wp\/v2\/users\/1"}],"replies":[{"embeddable":true,"href":"https:\/\/coffeelounge.delonghi.com\/de-at\/wp-json\/wp\/v2\/comments?post=124185"}],"version-history":[{"count":0,"href":"https:\/\/coffeelounge.delonghi.com\/de-at\/wp-json\/wp\/v2\/pages\/124185\/revisions"}],"wp:featuredmedia":[{"embeddable":true,"href":"https:\/\/coffeelounge.delonghi.com\/de-at\/wp-json\/wp\/v2\/media\/183023"}],"wp:attachment":[{"href":"https:\/\/coffeelounge.delonghi.com\/de-at\/wp-json\/wp\/v2\/media?parent=124185"}],"curies":[{"name":"wp","href":"https:\/\/api.w.org\/{rel}","templated":true}]}}