{"id":124151,"date":"2020-11-09T20:16:08","date_gmt":"2020-11-09T20:16:08","guid":{"rendered":"https:\/\/coffeelounge.delonghi.com\/cookie-richtlinien\/"},"modified":"2022-03-23T09:41:17","modified_gmt":"2022-03-23T09:41:17","slug":"cookie-richtlinien","status":"publish","type":"page","link":"https:\/\/coffeelounge.delonghi.com\/de-at\/cookie-richtlinien\/","title":{"rendered":"Richtlinien zur Nutzung von Cookies"},"content":{"rendered":"\t\t<div data-elementor-type=\"wp-page\" data-elementor-id=\"124151\" class=\"elementor elementor-124151 elementor-15687\" data-elementor-post-type=\"page\">\n\t\t\t\t\t\t<section class=\"elementor-section elementor-top-section elementor-element elementor-element-128411c2 elementor-section-boxed elementor-section-height-default elementor-section-height-default\" data-id=\"128411c2\" data-element_type=\"section\">\n\t\t\t\t\t\t<div class=\"elementor-container elementor-column-gap-default\">\n\t\t\t\t\t<div class=\"elementor-column elementor-col-100 elementor-top-column elementor-element elementor-element-3902c048\" data-id=\"3902c048\" data-element_type=\"column\">\n\t\t\t<div class=\"elementor-widget-wrap elementor-element-populated\">\n\t\t\t\t\t\t<div class=\"elementor-element elementor-element-a882da4 elementor-widget elementor-widget-ucaddon_learn_intro_title\" data-id=\"a882da4\" data-element_type=\"widget\" data-widget_type=\"ucaddon_learn_intro_title.default\">\n\t\t\t\t<div class=\"elementor-widget-container\">\n\t\t\t\t\t\n<!-- start Learn Intro Title -->\n<style>\/* widget: Learn Intro Title *\/\n\n.learn_intro{\n  color:black;\n  font-family: \"Futura PT Book\", Sans-serif;\n  padding:0px;\n  margin-top: 0px;\n  margin-left: 164px;    \n  text-align: left;\n  position: relative;\n}\n\n.learn_intro_title{\n  font-size: 48px;\n  font-weight: normal;\n  font-stretch: normal;\n  font-style: normal;\n  line-height: 1.13;\n  letter-spacing: normal;\n  color: #131518;\n}\n\n.learn_intro_intro{\n  font-size: 18px;\n  font-weight: normal;\n  font-stretch: normal;\n  font-style: normal;\n  line-height: 1.33;\n  letter-spacing: normal;\n  color: #131518;\n  max-width:546px;\n}\n.learn_intro_title::before {\n  display: block;\n  content: ' ';\n  position: absolute;\n  width: 88px;\n  height: 2px;\n  background-color: #d07544;\n  top: 41px;\n  \/*top: 80px;*\/\n  left: 69px;\n  left: -96px;\n}\n.centered {\n  text-align: center !important;\n  margin-left:0;\n}\n\n.centered .learn_intro_title{\n  \n}\n.centered .learn_intro_title::before {\n  display: none;\n}\n\n.centered .learn_intro_intro{\n  max-width: 700px;\n  margin:auto;\n  margin-top: 16px;\n}\n\n@media  screen and (max-width: 1280px) {\n  .learn_intro{\n    margin-left: 20%;\n  }\n  .centered {\n    margin-left:0 !important;\n  }\n}\n\n@media only screen and (max-device-width: 480px) {\n  .learn_intro{\n    margin-left: 10%;\n  }\n  .centered {\n    margin-left:0 !important;\n  }  \n  .titolo_login .learn_intro_title {\n    margin-left: 0px;\n  }\n  .learn_intro_title {  \n    font-size: 32px;\n  }\n}\n\n<\/style>\n\n  <div class=\"learn_intro\">\n\n    <h2 class=\"learn_intro_title\">       Richtlinien zur Nutzung von Cookies\n    <\/h2>\n      \n    \n  <\/div>\n\n\n<!-- end Learn Intro Title -->\t\t\t\t<\/div>\n\t\t\t\t<\/div>\n\t\t\t\t<div class=\"elementor-element elementor-element-26a394b1 testo_privacy elementor-widget elementor-widget-text-editor\" data-id=\"26a394b1\" data-element_type=\"widget\" data-widget_type=\"text-editor.default\">\n\t\t\t\t<div class=\"elementor-widget-container\">\n\t\t\t\t\t\t\t\t\t<p>Die De\u2019Longhi Website benutzt Cookies, um Ihnen einen pers\u00f6nlichen Zugang zur Website bereitzustellen und um die Serviceleistung w\u00e4hrend Ihres Aufenthaltes auf der Seite zu verbessern. Durch den Besuch der De&#8217;Longhi-Website und die Zustimmung zu diesen Richtlinien, erkl\u00e4ren Sie sich mit unserer Verwendung von Cookies in \u00dcbereinstimmung mit den Bedingungen dieser Richtlinien einverstanden.<\/p><p>\u00a0<\/p><p><strong>Was sind Cookies?<\/strong><\/p><p><br \/>Cookies sind kurze Textinformationen, die ein Webserver im Browser speichert und sp\u00e4ter wieder abrufen kann.\u00a0<br \/>Webanbieter nutzen Cookies f\u00fcr vielerlei Funktionen, von spezifischen Einstellungen f\u00fcr Webseiten bis hin zum Verfolgen Ihres Surfverhaltens. Cookies werden von Webservern vor allem dazu verwendet werden, um die Nutzer zu identifizieren und ausfindig zu machen, w\u00e4hrend sie sich auf verschiedenen Websites befinden und wenn sie erneut auf eine Website zur\u00fcckkehren. Cookies erleichtern demnach Ihre eigene Navigation und bieten Ihnen eine sichere Verbindung. Sie warden f\u00fcr verschiedene Zwecke genutzt und sind unterschiedlich aufgebaut. Au\u00dferdem k\u00f6nnen Sie sowohl vom Eigent\u00fcmer dieser Website (De\u2019Longhi Deutschland) als auch Dritten genutzt werden.<br \/>Man unterscheidet zwischen \u201cpermanenten\u201d Cookies und \u201eSitzungs\u201c-Cookies. Unter permanenten Cookies versteht man Textdaten, die \u00fcber einen bestimmten, vom Webserver festgelegten Zeitraum, gespeichert werden. Diese werden vor allem f\u00fcr den Datenabruf zwischen den einzelnen Sitzungen verwendet.\u00a0<br \/>Sitzungscookies hingegen speichern Information w\u00e4hrend des Aufenthaltes auf einer Seite und werden wieder gel\u00f6scht, sobald der Nutzer die Sitzung beendet.<\/p><p>Cookies auf dieser Website<\/p><p>Cookies enthalten keine pers\u00f6nlichen Daten von Ihnen, jedoch werden Informationen, die wir \u00fcber Sie speichern mit den gesammelten Informationen der Cookies verkn\u00fcpft. \u00a0<br \/>\u00a0<\/p><p><strong>Technische Cookies<\/strong><\/p><p>Diese speziellen Cookies beziehen sich auf Aktivit\u00e4ten, die unbedingt notwendig f\u00fcr den Betrieb der Website sind und sicherstellen, dass alle Services funktionieren und ausgef\u00fchrt werden k\u00f6nnen. Die folgenden technischen Cookies werden verwendet oder k\u00f6nnten verwendet werden.<\/p><p>\u00a0<\/p><table border=\"1\" width=\"552\" cellspacing=\"0\" cellpadding=\"0\"><tbody><tr><td valign=\"top\" width=\"130\"><p><strong>Cookie\u00a0<\/strong><\/p><\/td><td valign=\"top\" width=\"318\"><p><strong>Description<\/strong><\/p><\/td><td valign=\"top\" width=\"104\"><p><strong>\u00a0Expiration<\/strong><\/p><\/td><\/tr><tr><td valign=\"top\" width=\"130\"><p><strong>.ASPXANONYMOUS<\/strong><\/p><\/td><td valign=\"top\" width=\"318\"><p>Erlaubt die anonyme Indentifizierung des Nutzers<\/p><\/td><td valign=\"top\" width=\"104\"><p>\u00a045 days<\/p><\/td><\/tr><tr><td valign=\"top\" width=\"130\"><p><strong>ASP.NET_SessionId<\/strong><\/p><\/td><td valign=\"top\" width=\"318\"><p>Erlaubt das Feststellen von Anfragen des Nutzers w\u00e4hrend des Besuchs der Website<\/p><\/td><td valign=\"top\" width=\"104\"><p>\u00a0Session<\/p><\/td><\/tr><tr><td valign=\"top\" width=\"130\"><p><strong>AWSELB<\/strong><\/p><\/td><td valign=\"top\" width=\"318\"><p>Erlaubt die Bew\u00e4ltigung der Arbeiten an Servern<\/p><\/td><td valign=\"top\" width=\"104\"><p>\u00a01 day<\/p><\/td><\/tr><tr><td valign=\"top\" width=\"130\"><p><strong>cookielaw<\/strong><\/p><\/td><td valign=\"top\" width=\"318\"><p>Erlaubt das Speichern der Zustimmung des Nutzers zur Cookie Richtlinie<\/p><\/td><td valign=\"top\" width=\"104\"><p>\u00a06 months<\/p><\/td><\/tr><tr><td valign=\"top\" width=\"130\"><p><strong>lastPageId<\/strong><\/p><\/td><td valign=\"top\" width=\"318\"><p>Erlaubt die Speicherung der letzten besuchten Seite des Nutzers<\/p><\/td><td valign=\"top\" width=\"104\"><p>\u00a0Session<\/p><\/td><\/tr><\/tbody><\/table><p>\u00a0<\/p><p>Diese Cookies erfordern keine Zustimmung des Nutzers, sie werden trotzdem automatisch installiert, sobald der Nutzer die Website besucht.<\/p><p>\u00a0<\/p><p><strong>Nicht technische Cookies<\/strong><\/p><p>Cookies, die im Gegensatz zu den oben genannten, nur nach Zustimmung des Nutzers installiert und aktiviert werden. Der User kann seine Zustimmung auf zwei verschiedene Arten geben: indem er der Aufforderung auf dem Banner der Website gibt (auf \u201cakzeptieren\u201d klicken) oder wahlweise nach den Anweisungen unten.<\/p><p>Wenn der User keine Angaben macht und den Banner schlie\u00dft oder auf andere Seiten der Website klickt, gibt er seine vollst\u00e4ndige Zustimmung f\u00fcr alle Cookies.<br \/>Die Zustimmung wird durch die darauffolgenden Seitenbesuche des Nutzers weiterverfolgt.<\/p><p>Der Nutzer hat immer die M\u00f6glichkeit, seine Zustimmung zur\u00fcckzuziehen, indem er die Anweisungen im Bereich \u201cCookies verwalten\u201d befolgt.<\/p><p>\u00a0<\/p><p><strong>Drittanbieter-Cookies<\/strong><br \/>Wenn Sie die De\u2019Longhi Website besuchen, k\u00f6nnen Ihnen ebenfalls Cookies von Drittanbietern \u00fcbermittelt werden.<br \/>Au\u00dferdem macht De\u2019Longhi Gebrauch von Google Analytics um den Nutzen der Website zu analysieren. Google Analytics generiert statische und weitere Informationen\u00a0 \u00fcber die Nutzung der Website. Diese Informationen werden ebenfalls \u00fcber die auf Ihrem Computer gespeicherten Cookies bezogen.<br \/>Die Informationen, die in Bezug auf die De\u2019Longhi Website generiert werden, werden f\u00fcr die Berichterstellung zur Nutzung der Website verwendet. Google speichert diese Informationen. Die Datenschutzrichtlinien von Google finden Sie unter:\u00a0\u00a0<a href=\"http:\/\/www.google.com\/privacypolicy.html\">http:\/\/www.google.com\/privacypolicy.html<\/a>.<\/p><p>\u00a0<\/p><p>Cookies f\u00fcr Werbezwecke\u00a0<\/p><p>Sie werden dazu genutzt, gezielte Werbung auszuspielen, die sich nach den Interessen richtet, die ein Nutzer w\u00e4hrend seiner Besuche im Internet zeigt.<\/p><ul><li><a href=\"http:\/\/www.google.com\/intl\/it_ALL\/analytics\/learn\/privacy.html\">Google Analytics<\/a><\/li><\/ul><p>\u00a0<\/p><p>Retargeting<\/p><p>Sie werden genutzt, um Nutzern Werbung auszuspielen, die diese Website bereits besucht haben.<\/p><ul><li><a href=\"http:\/\/www.google.com\/intl\/it_ALL\/analytics\/learn\/privacy.html\">Google Analytics<\/a><br \/>\u00a0<\/li><\/ul><p>Soziale Netzwerke<\/p><p>Diese Cookies werden dazu genutzt, Inhalte auf sozialen Medien zu teilen.<\/p><p>De\u2019Longhi hat keine Kontrolle \u00fcber diese Daten und deren Nutzung. Unten finden Sie die Namen der Drittanbieter, die diese verwalten und \u2013 f\u00fcr jeden Anbieter \u2013 den jeweiligen Link mit Informationen hierzu.<br \/>\u00a0<\/p><ul><li><a href=\"https:\/\/it-it.facebook.com\/about\/privacy\" target=\"_blank\" rel=\"noopener\">Facebook<\/a><\/li><li><a href=\"http:\/\/www.google.com\/intl\/it\/policies\/privacy\/\" target=\"_blank\" rel=\"noopener\">YouTube<\/a><\/li><li><a href=\"http:\/\/about.pinterest.com\/it\/privacy-policy\" target=\"_blank\" rel=\"noopener\">Pinterest<\/a><\/li><li><a href=\"http:\/\/www.google.com\/intl\/it\/policies\/privacy\/\" target=\"_blank\" rel=\"noopener\">Google+<\/a><\/li><li><a href=\"http:\/\/twitter.com\/privacy\" target=\"_blank\" rel=\"noopener\">Twitter<\/a><\/li><li><a href=\"http:\/\/instagram.com\/legal\/privacy\/\" target=\"_blank\" rel=\"noopener\">Instagram<\/a><\/li><li><a href=\"https:\/\/vine.co\/terms\" target=\"_blank\" rel=\"noopener\">Vine<\/a><\/li><\/ul><p><br \/>Statistiken<\/p><p>Sie werden von Drittanbietern zur Auswertung genutzt.<\/p><p>De&#8217;Longhi Deutschland nutzt:<\/p><p>\u2022 Google Analytics, ein Web-Analyse Tool von Google Inc., um das Verhalten von Nutzern auf einer Website zu beobachten.<\/p><p>Der Nutzer kann die Cookies deaktivieren. Allerdings kann dies negative Auswirkungen auf die gesamte Funktionalit\u00e4t der Website haben.<\/p><p>Google Analytics Datenschutzerkl\u00e4rung: http:\/\/www.google.com\/intl\/it_ALL\/analytics\/learn\/privacy.html<\/p><p>\u2022 Optimizely, ein System, das die Aktivit\u00e4t der Nutzer misst und das Nutzungsverhalten analysiert, um die Struktur der Website zu verbessern und sie interessanter zu gestalten.<\/p><p>Die Datenschutzerkl\u00e4rung von Optimizely:<\/p><p>https:\/\/www.optimizely.com\/privacy\/<\/p><p>\u00a0<\/p><p><strong>Verwaltung der Cookies<\/strong><\/p><p>Der Nutzer kann die Cookies in den Einstellungen des Browsers verwalten.<\/p><p>\u00a0<\/p><p><strong>Cookies blockieren<\/strong><br \/>Bei den meisten Browsern k\u00f6nne Sie w\u00e4hlen, ob Sie Cookies akzeptieren oder ablehnen m\u00f6chten. Ein Beispiel:<br \/>(1) Cookies im Internet Explorer blockieren:\u00a0<br \/>Klicken Sie unter \u201cExtras\u201c auf \u201eInternetoptionen\u201c und gehen Sie auf den Reiter \u201eDatenschutz\u201c. Dort k\u00f6nnen Sie die Einstellungen f\u00fcr die Cookies w\u00e4hlen, indem Sie den Regler verschieben.<br \/>(2) Cookies im Firefox blockieren:<br \/>Klicken Sie unter \u201cExtras\u201d auf \u201cEinstellungen\u201d und gehen Sie auf den Reiter \u201cDatenschutz\u201d. Dort k\u00f6nnen Sie alle Cookies entsprechend blockieren.\u00a0<br \/>Das Blocken aller Cookies hat allerdings auch einen negativen Einfluss hinsichtlich der Benutzerfreundlichkeit der besuchten Websites.\u00a0 Wenn Sie Cookies blockieren, k\u00f6nnen Sie oftmals nicht alle Funktionen einer Website vollst\u00e4ndig nutzen.<\/p><p><br \/>\u00a0<\/p><p><strong>Cookies l\u00f6schen<\/strong><br \/>Sie k\u00f6nnen Cookies, die auf Ihrem Computer gespeichert wurden auch vollst\u00e4ndig l\u00f6schen:<br \/>(1) im Internet Explorer m\u00fcssen Sie die Cookie Dateien manuell l\u00f6schen (genauere Informationen dazu finden Sie unter http:\/\/support.microsoft.com\/kb\/278835);<br \/>(2) im Firefox k\u00f6nnen Sie die Cookie Dateien sofort l\u00f6schen. Vergewissern Sie sich zuerst, dass die Cookies generell gel\u00f6scht werden k\u00f6nnen (diese Einstellung finden Sie unter \u201cExtras\u201d, \u201cEinstellungen\u201d, \u201cDatenschutz\u201d). Danach klicken Sie einfach auf \u201eNeuste Chronik l\u00f6schen\u201c unter dem Men\u00fcpunkt \u201eExtras\u201c. Damit l\u00f6schen Sie dann gleichzeitig auch die Cookies.<br \/>Bitte beachten Sie, dass manche Websites nicht normal genutzt werden k\u00f6nnen, wenn Sie Cookies l\u00f6schen.<\/p><p>\u00a0<\/p><p>Bitte bedenken Sie dabei, dass das L\u00f6schen von Cookies negative Auswirkungen auf die Leistung und Funktionen der Website haben kann.<\/p>\t\t\t\t\t\t\t\t<\/div>\n\t\t\t\t<\/div>\n\t\t\t\t\t<\/div>\n\t\t<\/div>\n\t\t\t\t\t<\/div>\n\t\t<\/section>\n\t\t\t\t<\/div>\n\t\t","protected":false},"excerpt":{"rendered":"<p>Richtlinien zur Nutzung von Cookies Die De\u2019Longhi Website benutzt Cookies, um Ihnen einen pers\u00f6nlichen Zugang zur Website bereitzustellen und um die Serviceleistung w\u00e4hrend Ihres Aufenthaltes auf der Seite zu verbessern. Durch den Besuch der De&#8217;Longhi-Website und die Zustimmung zu diesen Richtlinien, erkl\u00e4ren Sie sich mit unserer Verwendung von Cookies in \u00dcbereinstimmung mit den Bedingungen dieser [&hellip;]<\/p>\n","protected":false},"author":76,"featured_media":0,"parent":0,"menu_order":0,"comment_status":"closed","ping_status":"closed","template":"","meta":{"_acf_changed":false,"footnotes":""},"class_list":["post-124151","page","type-page","status-publish","hentry"],"acf":[],"yoast_head":"<!-- This site is optimized with the Yoast SEO Premium plugin v24.5 (Yoast SEO v24.5) - https:\/\/yoast.com\/wordpress\/plugins\/seo\/ -->\n<title>Richtlinien zur Nutzung von Cookies | Coffee Lounge De&#039;Longhi<\/title>\n<meta name=\"description\" content=\"Die Website &quot;Coffee Lounge&quot; der De&#039;Longhi-Gruppe verwendet Cookies, um dem Benutzer einen personalisierten Zugang zu erm\u00f6glichen und seine Navigation zu verbessern.\" \/>\n<meta name=\"robots\" content=\"index, follow, max-snippet:-1, max-image-preview:large, max-video-preview:-1\" \/>\n<meta name=\"twitter:card\" content=\"summary_large_image\" \/>\n<meta name=\"twitter:title\" content=\"Richtlinien zur Nutzung von Cookies | Coffee Lounge De&#039;Longhi\" \/>\n<meta name=\"twitter:description\" content=\"Die Website &quot;Coffee Lounge&quot; der De&#039;Longhi-Gruppe verwendet Cookies, um dem Benutzer einen personalisierten Zugang zu erm\u00f6glichen und seine Navigation zu verbessern.\" \/>\n<script type=\"application\/ld+json\" class=\"yoast-schema-graph\">{\"@context\":\"https:\/\/schema.org\",\"@graph\":[{\"@type\":\"WebPage\",\"@id\":\"https:\/\/coffeelounge.delonghi.com\/de-at\/cookie-richtlinien\/\",\"url\":\"https:\/\/coffeelounge.delonghi.com\/de-at\/cookie-richtlinien\/\",\"name\":\"Richtlinien zur Nutzung von Cookies | Coffee Lounge De&#039;Longhi\",\"isPartOf\":{\"@id\":\"https:\/\/coffeelounge.delonghi.com\/de-at\/#website\"},\"datePublished\":\"2020-11-09T20:16:08+00:00\",\"dateModified\":\"2022-03-23T09:41:17+00:00\",\"description\":\"Die Website \\\"Coffee Lounge\\\" der De'Longhi-Gruppe verwendet Cookies, um dem Benutzer einen personalisierten Zugang zu erm\u00f6glichen und seine Navigation zu verbessern.\",\"breadcrumb\":{\"@id\":\"https:\/\/coffeelounge.delonghi.com\/de-at\/cookie-richtlinien\/#breadcrumb\"},\"inLanguage\":\"de-at\",\"potentialAction\":[{\"@type\":\"ReadAction\",\"target\":[\"https:\/\/coffeelounge.delonghi.com\/de-at\/cookie-richtlinien\/\"]}]},{\"@type\":\"BreadcrumbList\",\"@id\":\"https:\/\/coffeelounge.delonghi.com\/de-at\/cookie-richtlinien\/#breadcrumb\",\"itemListElement\":[{\"@type\":\"ListItem\",\"position\":1,\"name\":\"Home\",\"item\":\"https:\/\/coffeelounge.delonghi.com\/de-at\/\"},{\"@type\":\"ListItem\",\"position\":2,\"name\":\"Richtlinien zur Nutzung von Cookies\"}]},{\"@type\":\"WebSite\",\"@id\":\"https:\/\/coffeelounge.delonghi.com\/de-at\/#website\",\"url\":\"https:\/\/coffeelounge.delonghi.com\/de-at\/\",\"name\":\"De&#039;Longhi\",\"description\":\"Coffee Lounge\",\"publisher\":{\"@id\":\"https:\/\/coffeelounge.delonghi.com\/de-at\/#organization\"},\"potentialAction\":[{\"@type\":\"SearchAction\",\"target\":{\"@type\":\"EntryPoint\",\"urlTemplate\":\"https:\/\/coffeelounge.delonghi.com\/de-at\/?s={search_term_string}\"},\"query-input\":{\"@type\":\"PropertyValueSpecification\",\"valueRequired\":true,\"valueName\":\"search_term_string\"}}],\"inLanguage\":\"de-at\"},{\"@type\":\"Organization\",\"@id\":\"https:\/\/coffeelounge.delonghi.com\/de-at\/#organization\",\"name\":\"De'Longhi Coffee Lounge\",\"url\":\"https:\/\/coffeelounge.delonghi.com\/de-at\/\",\"logo\":{\"@type\":\"ImageObject\",\"inLanguage\":\"de-at\",\"@id\":\"https:\/\/coffeelounge.delonghi.com\/de-at\/#\/schema\/logo\/image\/\",\"url\":\"https:\/\/coffeelounge.delonghi.com\/wp-content\/uploads\/2020\/05\/delonghi-coffee-lounge-logo-nederland.png\",\"contentUrl\":\"https:\/\/coffeelounge.delonghi.com\/wp-content\/uploads\/2020\/05\/delonghi-coffee-lounge-logo-nederland.png\",\"width\":2337,\"height\":724,\"caption\":\"De'Longhi Coffee Lounge\"},\"image\":{\"@id\":\"https:\/\/coffeelounge.delonghi.com\/de-at\/#\/schema\/logo\/image\/\"}}]}<\/script>\n<!-- \/ Yoast SEO Premium plugin. -->","yoast_head_json":{"title":"Richtlinien zur Nutzung von Cookies | Coffee Lounge De&#039;Longhi","description":"Die Website \"Coffee Lounge\" der De'Longhi-Gruppe verwendet Cookies, um dem Benutzer einen personalisierten Zugang zu erm\u00f6glichen und seine Navigation zu verbessern.","robots":{"index":"index","follow":"follow","max-snippet":"max-snippet:-1","max-image-preview":"max-image-preview:large","max-video-preview":"max-video-preview:-1"},"twitter_card":"summary_large_image","twitter_title":"Richtlinien zur Nutzung von Cookies | Coffee Lounge De&#039;Longhi","twitter_description":"Die Website \"Coffee Lounge\" der De'Longhi-Gruppe verwendet Cookies, um dem Benutzer einen personalisierten Zugang zu erm\u00f6glichen und seine Navigation zu verbessern.","schema":{"@context":"https:\/\/schema.org","@graph":[{"@type":"WebPage","@id":"https:\/\/coffeelounge.delonghi.com\/de-at\/cookie-richtlinien\/","url":"https:\/\/coffeelounge.delonghi.com\/de-at\/cookie-richtlinien\/","name":"Richtlinien zur Nutzung von Cookies | Coffee Lounge De&#039;Longhi","isPartOf":{"@id":"https:\/\/coffeelounge.delonghi.com\/de-at\/#website"},"datePublished":"2020-11-09T20:16:08+00:00","dateModified":"2022-03-23T09:41:17+00:00","description":"Die Website \"Coffee Lounge\" der De'Longhi-Gruppe verwendet Cookies, um dem Benutzer einen personalisierten Zugang zu erm\u00f6glichen und seine Navigation zu verbessern.","breadcrumb":{"@id":"https:\/\/coffeelounge.delonghi.com\/de-at\/cookie-richtlinien\/#breadcrumb"},"inLanguage":"de-at","potentialAction":[{"@type":"ReadAction","target":["https:\/\/coffeelounge.delonghi.com\/de-at\/cookie-richtlinien\/"]}]},{"@type":"BreadcrumbList","@id":"https:\/\/coffeelounge.delonghi.com\/de-at\/cookie-richtlinien\/#breadcrumb","itemListElement":[{"@type":"ListItem","position":1,"name":"Home","item":"https:\/\/coffeelounge.delonghi.com\/de-at\/"},{"@type":"ListItem","position":2,"name":"Richtlinien zur Nutzung von Cookies"}]},{"@type":"WebSite","@id":"https:\/\/coffeelounge.delonghi.com\/de-at\/#website","url":"https:\/\/coffeelounge.delonghi.com\/de-at\/","name":"De&#039;Longhi","description":"Coffee Lounge","publisher":{"@id":"https:\/\/coffeelounge.delonghi.com\/de-at\/#organization"},"potentialAction":[{"@type":"SearchAction","target":{"@type":"EntryPoint","urlTemplate":"https:\/\/coffeelounge.delonghi.com\/de-at\/?s={search_term_string}"},"query-input":{"@type":"PropertyValueSpecification","valueRequired":true,"valueName":"search_term_string"}}],"inLanguage":"de-at"},{"@type":"Organization","@id":"https:\/\/coffeelounge.delonghi.com\/de-at\/#organization","name":"De'Longhi Coffee Lounge","url":"https:\/\/coffeelounge.delonghi.com\/de-at\/","logo":{"@type":"ImageObject","inLanguage":"de-at","@id":"https:\/\/coffeelounge.delonghi.com\/de-at\/#\/schema\/logo\/image\/","url":"https:\/\/coffeelounge.delonghi.com\/wp-content\/uploads\/2020\/05\/delonghi-coffee-lounge-logo-nederland.png","contentUrl":"https:\/\/coffeelounge.delonghi.com\/wp-content\/uploads\/2020\/05\/delonghi-coffee-lounge-logo-nederland.png","width":2337,"height":724,"caption":"De'Longhi Coffee Lounge"},"image":{"@id":"https:\/\/coffeelounge.delonghi.com\/de-at\/#\/schema\/logo\/image\/"}}]}},"_links":{"self":[{"href":"https:\/\/coffeelounge.delonghi.com\/de-at\/wp-json\/wp\/v2\/pages\/124151","targetHints":{"allow":["GET"]}}],"collection":[{"href":"https:\/\/coffeelounge.delonghi.com\/de-at\/wp-json\/wp\/v2\/pages"}],"about":[{"href":"https:\/\/coffeelounge.delonghi.com\/de-at\/wp-json\/wp\/v2\/types\/page"}],"author":[{"embeddable":true,"href":"https:\/\/coffeelounge.delonghi.com\/de-at\/wp-json\/wp\/v2\/users\/76"}],"replies":[{"embeddable":true,"href":"https:\/\/coffeelounge.delonghi.com\/de-at\/wp-json\/wp\/v2\/comments?post=124151"}],"version-history":[{"count":0,"href":"https:\/\/coffeelounge.delonghi.com\/de-at\/wp-json\/wp\/v2\/pages\/124151\/revisions"}],"wp:attachment":[{"href":"https:\/\/coffeelounge.delonghi.com\/de-at\/wp-json\/wp\/v2\/media?parent=124151"}],"curies":[{"name":"wp","href":"https:\/\/api.w.org\/{rel}","templated":true}]}}