{"id":124125,"date":"2021-05-31T06:26:05","date_gmt":"2021-05-31T06:26:05","guid":{"rendered":"https:\/\/coffeelounge.delonghi.com\/impressum\/"},"modified":"2022-03-23T09:39:20","modified_gmt":"2022-03-23T09:39:20","slug":"impressum","status":"publish","type":"page","link":"https:\/\/coffeelounge.delonghi.com\/de-at\/impressum\/","title":{"rendered":"Impressum"},"content":{"rendered":"\t\t<div data-elementor-type=\"wp-page\" data-elementor-id=\"124125\" class=\"elementor elementor-124125 elementor-35733\" data-elementor-post-type=\"page\">\n\t\t\t\t\t\t<section class=\"elementor-section elementor-top-section elementor-element elementor-element-128411c2 elementor-section-boxed elementor-section-height-default elementor-section-height-default\" data-id=\"128411c2\" data-element_type=\"section\">\n\t\t\t\t\t\t<div class=\"elementor-container elementor-column-gap-default\">\n\t\t\t\t\t<div class=\"elementor-column elementor-col-100 elementor-top-column elementor-element elementor-element-3902c048\" data-id=\"3902c048\" data-element_type=\"column\">\n\t\t\t<div class=\"elementor-widget-wrap elementor-element-populated\">\n\t\t\t\t\t\t<div class=\"elementor-element elementor-element-a882da4 elementor-widget elementor-widget-ucaddon_learn_intro_title\" data-id=\"a882da4\" data-element_type=\"widget\" data-widget_type=\"ucaddon_learn_intro_title.default\">\n\t\t\t\t<div class=\"elementor-widget-container\">\n\t\t\t\t\t\n<!-- start Learn Intro Title -->\n<style>\/* widget: Learn Intro Title *\/\n\n.learn_intro{\n  color:black;\n  font-family: \"Futura PT Book\", Sans-serif;\n  padding:0px;\n  margin-top: 0px;\n  margin-left: 164px;    \n  text-align: left;\n  position: relative;\n}\n\n.learn_intro_title{\n  font-size: 48px;\n  font-weight: normal;\n  font-stretch: normal;\n  font-style: normal;\n  line-height: 1.13;\n  letter-spacing: normal;\n  color: #131518;\n}\n\n.learn_intro_intro{\n  font-size: 18px;\n  font-weight: normal;\n  font-stretch: normal;\n  font-style: normal;\n  line-height: 1.33;\n  letter-spacing: normal;\n  color: #131518;\n  max-width:546px;\n}\n.learn_intro_title::before {\n  display: block;\n  content: ' ';\n  position: absolute;\n  width: 88px;\n  height: 2px;\n  background-color: #d07544;\n  top: 41px;\n  \/*top: 80px;*\/\n  left: 69px;\n  left: -96px;\n}\n.centered {\n  text-align: center !important;\n  margin-left:0;\n}\n\n.centered .learn_intro_title{\n  \n}\n.centered .learn_intro_title::before {\n  display: none;\n}\n\n.centered .learn_intro_intro{\n  max-width: 700px;\n  margin:auto;\n  margin-top: 16px;\n}\n\n@media  screen and (max-width: 1280px) {\n  .learn_intro{\n    margin-left: 20%;\n  }\n  .centered {\n    margin-left:0 !important;\n  }\n}\n\n@media only screen and (max-device-width: 480px) {\n  .learn_intro{\n    margin-left: 10%;\n  }\n  .centered {\n    margin-left:0 !important;\n  }  \n  .titolo_login .learn_intro_title {\n    margin-left: 0px;\n  }\n  .learn_intro_title {  \n    font-size: 32px;\n  }\n}\n\n<\/style>\n\n  <div class=\"learn_intro\">\n\n    <h2 class=\"learn_intro_title\">Impressum\n    <\/h2>\n      \n    \n  <\/div>\n\n\n<!-- end Learn Intro Title -->\t\t\t\t<\/div>\n\t\t\t\t<\/div>\n\t\t\t\t<div class=\"elementor-element elementor-element-26a394b1 testo_privacy elementor-widget elementor-widget-text-editor\" data-id=\"26a394b1\" data-element_type=\"widget\" data-widget_type=\"text-editor.default\">\n\t\t\t\t<div class=\"elementor-widget-container\">\n\t\t\t\t\t\t\t\t\t<p><strong>Diensteanbieter, Medieninhaber:<\/strong><\/p><p>DE\u2019LONGHI-KENWOOD GmbH<br \/>IZ N\u00d6-S\u00fcd, Stra\u00dfe 2A<br \/>A-2355 Wr. Neudorf<br \/><strong>Kontakt:<\/strong><br \/>Email: <a href=\"mailto:shop@delonghi.at\">shop@delonghi.at<\/a><\/p><div><hr \/><\/div><div><span style=\"color: #808080;\"><strong>Keine Reparaturannahme oder Verkauf von Ersatzteilen in dieser Niederlassung.<\/strong><\/span><br \/><span style=\"color: #808080;\">Ersatzteile k\u00f6nnen Sie \u00fcber eine unserer autorisierten Kundendienst-Servicestellen in ganz \u00d6sterreich beziehen.<\/span><br \/><a href=\"https:\/\/www.delonghi.com\/de-at\/authorised-service-centre\">\u00bb\u00a0Jetzt De&#8217;Longhi Kundendienst-Servicestellen finden<\/a><\/div><div><hr \/><\/div><p><br \/>Firmenbuchnummer: FN125693v<br \/>Firmenbuchgericht: Wr. Neustadt<br \/>UID-Nr.: ATU19448505<br \/>Aufsichtsbeh\u00f6rde BH M\u00f6dling (Gewerberegisternummer 12-G-89579)<br \/>Mitglied der Wirtschaftskammer Nieder\u00f6sterreich<\/p><p>Unternehmensgegenstand: Erzeugung, der Verkauf und Ankauf von elektrischen Zubeh\u00f6r und Maschinen jeder Art, im besonderen Haushalts- und K\u00fcchenger\u00e4te unter den Marken De\u2019Longhi, Kenwood sowie Braun Haushalt.<br \/><br \/><\/p><div><hr \/><strong><span style=\"color: #808080;\">Sie haben ein Problem mit einem defekten Produkt &#8211; bitte schreiben Sie uns<\/span><\/strong><p><span style=\"color: #808080;\">Nutzen Sie unser<\/span> <a href=\"https:\/\/www.delonghi.com\/de-at\/contact-us\" target=\"_blank\" rel=\"noopener\">Kontaktformular<\/a><span style=\"color: #808080;\">\u00a0und schreiben Sie uns, wenn Sie Probleme mit einem defekten Produkt haben.<br \/><\/span><\/p><hr \/><p>\u00a0<\/p><\/div>\t\t\t\t\t\t\t\t<\/div>\n\t\t\t\t<\/div>\n\t\t\t\t\t<\/div>\n\t\t<\/div>\n\t\t\t\t\t<\/div>\n\t\t<\/section>\n\t\t\t\t<\/div>\n\t\t","protected":false},"excerpt":{"rendered":"<p>Impressum Diensteanbieter, Medieninhaber: DE\u2019LONGHI-KENWOOD GmbHIZ N\u00d6-S\u00fcd, Stra\u00dfe 2AA-2355 Wr. NeudorfKontakt:Email: shop@delonghi.at Keine Reparaturannahme oder Verkauf von Ersatzteilen in dieser Niederlassung.Ersatzteile k\u00f6nnen Sie \u00fcber eine unserer autorisierten Kundendienst-Servicestellen in ganz \u00d6sterreich beziehen.\u00bb\u00a0Jetzt De&#8217;Longhi Kundendienst-Servicestellen finden Firmenbuchnummer: FN125693vFirmenbuchgericht: Wr. NeustadtUID-Nr.: ATU19448505Aufsichtsbeh\u00f6rde BH M\u00f6dling (Gewerberegisternummer 12-G-89579)Mitglied der Wirtschaftskammer Nieder\u00f6sterreich Unternehmensgegenstand: Erzeugung, der Verkauf und Ankauf von elektrischen Zubeh\u00f6r [&hellip;]<\/p>\n","protected":false},"author":1085,"featured_media":0,"parent":0,"menu_order":0,"comment_status":"closed","ping_status":"closed","template":"","meta":{"_acf_changed":false,"footnotes":""},"class_list":["post-124125","page","type-page","status-publish","hentry"],"acf":[],"yoast_head":"<!-- This site is optimized with the Yoast SEO Premium plugin v24.5 (Yoast SEO v24.5) - https:\/\/yoast.com\/wordpress\/plugins\/seo\/ -->\n<title>Impressum | Coffee Lounge De&#039;Longhi<\/title>\n<meta name=\"description\" content=\"Diese Informationen geben Ihnen einen \u00dcberblick \u00fcber die Verarbeitung Ihrer personenbezogenen Daten bei der Nutzung De&#039;Longhi Coffee Lounge.\" \/>\n<meta name=\"robots\" content=\"index, follow, max-snippet:-1, max-image-preview:large, max-video-preview:-1\" \/>\n<meta name=\"twitter:card\" content=\"summary_large_image\" \/>\n<meta name=\"twitter:title\" content=\"Impressum | Coffee Lounge De&#039;Longhi\" \/>\n<meta name=\"twitter:description\" content=\"Diese Informationen geben Ihnen einen \u00dcberblick \u00fcber die Verarbeitung Ihrer personenbezogenen Daten bei der Nutzung De&#039;Longhi Coffee Lounge.\" \/>\n<script type=\"application\/ld+json\" class=\"yoast-schema-graph\">{\"@context\":\"https:\/\/schema.org\",\"@graph\":[{\"@type\":\"WebPage\",\"@id\":\"https:\/\/coffeelounge.delonghi.com\/de-at\/impressum\/\",\"url\":\"https:\/\/coffeelounge.delonghi.com\/de-at\/impressum\/\",\"name\":\"Impressum | Coffee Lounge De&#039;Longhi\",\"isPartOf\":{\"@id\":\"https:\/\/coffeelounge.delonghi.com\/de-at\/#website\"},\"datePublished\":\"2021-05-31T06:26:05+00:00\",\"dateModified\":\"2022-03-23T09:39:20+00:00\",\"description\":\"Diese Informationen geben Ihnen einen \u00dcberblick \u00fcber die Verarbeitung Ihrer personenbezogenen Daten bei der Nutzung De'Longhi Coffee Lounge.\",\"breadcrumb\":{\"@id\":\"https:\/\/coffeelounge.delonghi.com\/de-at\/impressum\/#breadcrumb\"},\"inLanguage\":\"de-at\",\"potentialAction\":[{\"@type\":\"ReadAction\",\"target\":[\"https:\/\/coffeelounge.delonghi.com\/de-at\/impressum\/\"]}]},{\"@type\":\"BreadcrumbList\",\"@id\":\"https:\/\/coffeelounge.delonghi.com\/de-at\/impressum\/#breadcrumb\",\"itemListElement\":[{\"@type\":\"ListItem\",\"position\":1,\"name\":\"Home\",\"item\":\"https:\/\/coffeelounge.delonghi.com\/de-at\/\"},{\"@type\":\"ListItem\",\"position\":2,\"name\":\"Impressum\"}]},{\"@type\":\"WebSite\",\"@id\":\"https:\/\/coffeelounge.delonghi.com\/de-at\/#website\",\"url\":\"https:\/\/coffeelounge.delonghi.com\/de-at\/\",\"name\":\"De&#039;Longhi\",\"description\":\"Coffee Lounge\",\"publisher\":{\"@id\":\"https:\/\/coffeelounge.delonghi.com\/de-at\/#organization\"},\"potentialAction\":[{\"@type\":\"SearchAction\",\"target\":{\"@type\":\"EntryPoint\",\"urlTemplate\":\"https:\/\/coffeelounge.delonghi.com\/de-at\/?s={search_term_string}\"},\"query-input\":{\"@type\":\"PropertyValueSpecification\",\"valueRequired\":true,\"valueName\":\"search_term_string\"}}],\"inLanguage\":\"de-at\"},{\"@type\":\"Organization\",\"@id\":\"https:\/\/coffeelounge.delonghi.com\/de-at\/#organization\",\"name\":\"De'Longhi Coffee Lounge\",\"url\":\"https:\/\/coffeelounge.delonghi.com\/de-at\/\",\"logo\":{\"@type\":\"ImageObject\",\"inLanguage\":\"de-at\",\"@id\":\"https:\/\/coffeelounge.delonghi.com\/de-at\/#\/schema\/logo\/image\/\",\"url\":\"https:\/\/coffeelounge.delonghi.com\/wp-content\/uploads\/2020\/05\/delonghi-coffee-lounge-logo-nederland.png\",\"contentUrl\":\"https:\/\/coffeelounge.delonghi.com\/wp-content\/uploads\/2020\/05\/delonghi-coffee-lounge-logo-nederland.png\",\"width\":2337,\"height\":724,\"caption\":\"De'Longhi Coffee Lounge\"},\"image\":{\"@id\":\"https:\/\/coffeelounge.delonghi.com\/de-at\/#\/schema\/logo\/image\/\"}}]}<\/script>\n<!-- \/ Yoast SEO Premium plugin. -->","yoast_head_json":{"title":"Impressum | Coffee Lounge De&#039;Longhi","description":"Diese Informationen geben Ihnen einen \u00dcberblick \u00fcber die Verarbeitung Ihrer personenbezogenen Daten bei der Nutzung De'Longhi Coffee Lounge.","robots":{"index":"index","follow":"follow","max-snippet":"max-snippet:-1","max-image-preview":"max-image-preview:large","max-video-preview":"max-video-preview:-1"},"twitter_card":"summary_large_image","twitter_title":"Impressum | Coffee Lounge De&#039;Longhi","twitter_description":"Diese Informationen geben Ihnen einen \u00dcberblick \u00fcber die Verarbeitung Ihrer personenbezogenen Daten bei der Nutzung De'Longhi Coffee Lounge.","schema":{"@context":"https:\/\/schema.org","@graph":[{"@type":"WebPage","@id":"https:\/\/coffeelounge.delonghi.com\/de-at\/impressum\/","url":"https:\/\/coffeelounge.delonghi.com\/de-at\/impressum\/","name":"Impressum | Coffee Lounge De&#039;Longhi","isPartOf":{"@id":"https:\/\/coffeelounge.delonghi.com\/de-at\/#website"},"datePublished":"2021-05-31T06:26:05+00:00","dateModified":"2022-03-23T09:39:20+00:00","description":"Diese Informationen geben Ihnen einen \u00dcberblick \u00fcber die Verarbeitung Ihrer personenbezogenen Daten bei der Nutzung De'Longhi Coffee Lounge.","breadcrumb":{"@id":"https:\/\/coffeelounge.delonghi.com\/de-at\/impressum\/#breadcrumb"},"inLanguage":"de-at","potentialAction":[{"@type":"ReadAction","target":["https:\/\/coffeelounge.delonghi.com\/de-at\/impressum\/"]}]},{"@type":"BreadcrumbList","@id":"https:\/\/coffeelounge.delonghi.com\/de-at\/impressum\/#breadcrumb","itemListElement":[{"@type":"ListItem","position":1,"name":"Home","item":"https:\/\/coffeelounge.delonghi.com\/de-at\/"},{"@type":"ListItem","position":2,"name":"Impressum"}]},{"@type":"WebSite","@id":"https:\/\/coffeelounge.delonghi.com\/de-at\/#website","url":"https:\/\/coffeelounge.delonghi.com\/de-at\/","name":"De&#039;Longhi","description":"Coffee Lounge","publisher":{"@id":"https:\/\/coffeelounge.delonghi.com\/de-at\/#organization"},"potentialAction":[{"@type":"SearchAction","target":{"@type":"EntryPoint","urlTemplate":"https:\/\/coffeelounge.delonghi.com\/de-at\/?s={search_term_string}"},"query-input":{"@type":"PropertyValueSpecification","valueRequired":true,"valueName":"search_term_string"}}],"inLanguage":"de-at"},{"@type":"Organization","@id":"https:\/\/coffeelounge.delonghi.com\/de-at\/#organization","name":"De'Longhi Coffee Lounge","url":"https:\/\/coffeelounge.delonghi.com\/de-at\/","logo":{"@type":"ImageObject","inLanguage":"de-at","@id":"https:\/\/coffeelounge.delonghi.com\/de-at\/#\/schema\/logo\/image\/","url":"https:\/\/coffeelounge.delonghi.com\/wp-content\/uploads\/2020\/05\/delonghi-coffee-lounge-logo-nederland.png","contentUrl":"https:\/\/coffeelounge.delonghi.com\/wp-content\/uploads\/2020\/05\/delonghi-coffee-lounge-logo-nederland.png","width":2337,"height":724,"caption":"De'Longhi Coffee Lounge"},"image":{"@id":"https:\/\/coffeelounge.delonghi.com\/de-at\/#\/schema\/logo\/image\/"}}]}},"_links":{"self":[{"href":"https:\/\/coffeelounge.delonghi.com\/de-at\/wp-json\/wp\/v2\/pages\/124125","targetHints":{"allow":["GET"]}}],"collection":[{"href":"https:\/\/coffeelounge.delonghi.com\/de-at\/wp-json\/wp\/v2\/pages"}],"about":[{"href":"https:\/\/coffeelounge.delonghi.com\/de-at\/wp-json\/wp\/v2\/types\/page"}],"author":[{"embeddable":true,"href":"https:\/\/coffeelounge.delonghi.com\/de-at\/wp-json\/wp\/v2\/users\/1085"}],"replies":[{"embeddable":true,"href":"https:\/\/coffeelounge.delonghi.com\/de-at\/wp-json\/wp\/v2\/comments?post=124125"}],"version-history":[{"count":0,"href":"https:\/\/coffeelounge.delonghi.com\/de-at\/wp-json\/wp\/v2\/pages\/124125\/revisions"}],"wp:attachment":[{"href":"https:\/\/coffeelounge.delonghi.com\/de-at\/wp-json\/wp\/v2\/media?parent=124125"}],"curies":[{"name":"wp","href":"https:\/\/api.w.org\/{rel}","templated":true}]}}