{"id":124124,"date":"2021-05-31T06:27:52","date_gmt":"2021-05-31T06:27:52","guid":{"rendered":"https:\/\/coffeelounge.delonghi.com\/nutzungsbedingungen\/"},"modified":"2022-03-23T09:30:47","modified_gmt":"2022-03-23T09:30:47","slug":"nutzungsbedingungen","status":"publish","type":"page","link":"https:\/\/coffeelounge.delonghi.com\/de-at\/nutzungsbedingungen\/","title":{"rendered":"Nutzungsbedingungen"},"content":{"rendered":"\t\t<div data-elementor-type=\"wp-page\" data-elementor-id=\"124124\" class=\"elementor elementor-124124 elementor-35735\" data-elementor-post-type=\"page\">\n\t\t\t\t\t\t<section class=\"elementor-section elementor-top-section elementor-element elementor-element-128411c2 elementor-section-boxed elementor-section-height-default elementor-section-height-default\" data-id=\"128411c2\" data-element_type=\"section\">\n\t\t\t\t\t\t<div class=\"elementor-container elementor-column-gap-default\">\n\t\t\t\t\t<div class=\"elementor-column elementor-col-100 elementor-top-column elementor-element elementor-element-3902c048\" data-id=\"3902c048\" data-element_type=\"column\">\n\t\t\t<div class=\"elementor-widget-wrap elementor-element-populated\">\n\t\t\t\t\t\t<div class=\"elementor-element elementor-element-a882da4 elementor-widget elementor-widget-ucaddon_learn_intro_title\" data-id=\"a882da4\" data-element_type=\"widget\" data-widget_type=\"ucaddon_learn_intro_title.default\">\n\t\t\t\t<div class=\"elementor-widget-container\">\n\t\t\t\t\t\n<!-- start Learn Intro Title -->\n<style>\/* widget: Learn Intro Title *\/\n\n.learn_intro{\n  color:black;\n  font-family: \"Futura PT Book\", Sans-serif;\n  padding:0px;\n  margin-top: 0px;\n  margin-left: 164px;    \n  text-align: left;\n  position: relative;\n}\n\n.learn_intro_title{\n  font-size: 48px;\n  font-weight: normal;\n  font-stretch: normal;\n  font-style: normal;\n  line-height: 1.13;\n  letter-spacing: normal;\n  color: #131518;\n}\n\n.learn_intro_intro{\n  font-size: 18px;\n  font-weight: normal;\n  font-stretch: normal;\n  font-style: normal;\n  line-height: 1.33;\n  letter-spacing: normal;\n  color: #131518;\n  max-width:546px;\n}\n.learn_intro_title::before {\n  display: block;\n  content: ' ';\n  position: absolute;\n  width: 88px;\n  height: 2px;\n  background-color: #d07544;\n  top: 41px;\n  \/*top: 80px;*\/\n  left: 69px;\n  left: -96px;\n}\n.centered {\n  text-align: center !important;\n  margin-left:0;\n}\n\n.centered .learn_intro_title{\n  \n}\n.centered .learn_intro_title::before {\n  display: none;\n}\n\n.centered .learn_intro_intro{\n  max-width: 700px;\n  margin:auto;\n  margin-top: 16px;\n}\n\n@media  screen and (max-width: 1280px) {\n  .learn_intro{\n    margin-left: 20%;\n  }\n  .centered {\n    margin-left:0 !important;\n  }\n}\n\n@media only screen and (max-device-width: 480px) {\n  .learn_intro{\n    margin-left: 10%;\n  }\n  .centered {\n    margin-left:0 !important;\n  }  \n  .titolo_login .learn_intro_title {\n    margin-left: 0px;\n  }\n  .learn_intro_title {  \n    font-size: 32px;\n  }\n}\n\n<\/style>\n\n  <div class=\"learn_intro\">\n\n    <h2 class=\"learn_intro_title\">Nutzungsbedingungen\n    <\/h2>\n      \n    \n  <\/div>\n\n\n<!-- end Learn Intro Title -->\t\t\t\t<\/div>\n\t\t\t\t<\/div>\n\t\t\t\t<div class=\"elementor-element elementor-element-26a394b1 testo_privacy elementor-widget elementor-widget-text-editor\" data-id=\"26a394b1\" data-element_type=\"widget\" data-widget_type=\"text-editor.default\">\n\t\t\t\t<div class=\"elementor-widget-container\">\n\t\t\t\t\t\t\t\t\t<p>Die De\u2019Longhi Group Website (nachfolgend als \u201cWebsite&#8221; bezeichnet) steht im Eigentum der De\u2019Longhi Appliances S.r.l. (Via L. Seitz 47, 31100 Treviso, Italien &#8211; Cap. Soc. Euro 200.000.000,00 i.v. \u2013\u2013 P. IVA IT 00698370962) und wird f\u00fcr \u00d6sterreich von der DE\u2019LONGHI-KENWOOD GMBH betrieben.<\/p><p>Die nachstehenden Benutzungsbedingungen gelten f\u00fcr alle Benutzer dieser Website. Bitte lesen Sie diese sorgf\u00e4ltig durch, bevor Sie die Website benutzen. Mit der Benutzung dieser Website zeigen Sie sich mit den Benutzungsbedingungen einverstanden, andernfalls verlassen Sie bitte diese Website und benutzen diese nicht.<\/p><p>Zus\u00e4tzlich zu diesen rechtlichen Hinweisen, sind au\u00dferdem die speziellen Nutzungsbedingungen auf dieser Website zu ber\u00fccksichtigen.<\/p><p><strong>Informationen<\/strong><br \/><br \/>Die De\u2019Longhi Group ist stets bem\u00fcht sicherzustellen, dass der Inhalt der Website frei von Fehlern ist und die Informationen auf dem aktuellen Stand sind.<\/p><p>Alle Angaben auf der Website sind unverbindlich und erfolgen ohne Gew\u00e4hr, die De\u2019Longhi Group beh\u00e4lt sich das Recht vor, den Inhalt der Website jederzeit, ohne vorherige Ank\u00fcndigung, zu \u00e4ndern und\/oder zu l\u00f6schen und\/oder zu aktualisieren. Es liegt in Ihrer Verantwortung, den Inhalt regelm\u00e4\u00dfig erneut durchzusehen. Abweichungen von auf der Website dargestellten Produkten zu den aktuellsten Modellen sind m\u00f6glich.<\/p><p>Die auf dieser Website dargestellten und beschriebenen Produkte sind m\u00f6glicherweise in einem bestimmten Land nicht jederzeit verf\u00fcgbar. Der lokale Gesch\u00e4ftskontakt der De\u2019Longhi Group kann Ihnen die erforderlichen Informationen zur Verf\u00fcgung stellen.<\/p><p>Die Nutzung der Daten und\/oder Informationen, die auf dieser Website zur Verf\u00fcgung gestellt werden, erfolgt auf eigene Gefahr und eigene Verantwortung des Benutzers.<\/p><p>Falls der missbr\u00e4uchliche bzw. unsachgem\u00e4\u00dfe Gebrauch dieser Website oder die Nichteinhaltung dieser Nutzungsbedingungen durch Sie Sch\u00e4den, Reklamationen, Beschwerden, Kosten und Anspr\u00fcche Dritter jeglicher Art gegen\u00fcber der De\u2019Longhi Group oder deren F\u00fchrungskr\u00e4ften oder Mitarbeitern verursacht, haben Sie die in Anspruch Genommenen schad- und klaglos zu halten.<\/p><p><strong>Haftungsbeschr\u00e4nkung<\/strong><\/p><p>Eine Haftung der De\u2019Longhi Group und deren F\u00fchrungskr\u00e4fte und Mitarbeiter f\u00fcr Anspr\u00fcche, die aufgrund der direkten oder indirekten Nutzung dieser Website oder deren Inhalte erfolgt sind, ist ausgeschlossen.<\/p><p><strong>User Beitr\u00e4ge<\/strong><\/p><p>Auch wenn die De\u2019Longhi Group bem\u00fcht ist, jegliche Anforderungen der System- und Programmsicherheit zu erf\u00fcllen, \u00fcbernimmt die De\u2019Longhi Group keinerlei Gew\u00e4hr daf\u00fcr, dass der Inhalt dieser Website frei von Viren oder anderen Komponenten ist, die Ihrem Computersystem Sch\u00e4den zuf\u00fcgen k\u00f6nnten, wenn Sie darauf zugreifen. Zwar werden die Materialien auf dieser Website immer wieder \u00fcberpr\u00fcft, dennoch empfiehlt die De\u2019Longhi Group die Benutzung der Website mit einer am neuesten Stand befindlichen Anti-Virus Software.<\/p><p>Ihr Beitrag zu dieser Website, sei es Inhalte darauf zu \u00fcbertragen oder von der Website downzuloaden, muss geeignet, passend und angemessen sein, Relevanz f\u00fcr den Umfang der Website besitzen und darf keine Sch\u00e4den, jeglicher Art verursachen. Die Ver\u00f6ffentlichung von Inhalten, die als verleumderisch, diskriminierend, beleidigend, oder sonst ungesetzlich sind, die Privatsph\u00e4re verletzend, rechts- oder gesetzmissbr\u00e4uchlich oder in anderer Weise sch\u00e4dlich sind, ist verboten. Die De\u2019Longhi Group kann derartige Inhalte jederzeit und ohne vorherige Ank\u00fcndigung l\u00f6schen.<\/p><p>Von Ihnen hochgeladene Inhalte gelten als nicht vertraulich oder sonst durch Schutzrechte gesch\u00fctzt und k\u00f6nnen von der De\u2019Longhi Group und von ihr beauftragten Dritten r\u00e4umlich und zeitlich unbegrenzt, f\u00fcr jegliche Nutzungsart, zur G\u00e4nze oder in Teilen, bearbeitet oder unbearbeitet verwendet werden.<\/p><p>Sofern nicht anders vereinbart wurde, ist diese Website ausschlie\u00dflich f\u00fcr den privaten Gebrauch bestimmt.<\/p><p><strong>\u00a0<\/strong><\/p><p><strong>Geistiges Eigentum<\/strong><\/p><p>S\u00e4mtliche Texte, Grafiken, audiovisuelle Inhalte, Bilder, Animationen, Videos, Werbebotschaften (Slogans), Logos, Zeichen und sonstigen Informationen, die auf der Website angezeigt werden, sind gewerbliche Schutzrechte der De\u2019Longhi Group oder der von dieser beauftragten Unternehmen und gesetzlich gesch\u00fctzt. Die Vervielf\u00e4ltigung, Verbreitung, Wieder- und Weitergabe und sonstige Nutzung ohne vorherige, ausdr\u00fcckliche und schriftliche Zustimmung der De\u2019Longhi Group ist nicht gestattet.<\/p><p>Nichts auf dieser Website darf als Gew\u00e4hrung einer Lizenz oder eines Rechts an einem gewerblichen Schutzrecht, das im Eigentum der De\u2019Longhi Group oder eines von ihr beauftragten Unternehmens steht, oder an dem sie ein Nutzungsrecht hat, ausgelegt werden.<\/p><p><br \/><strong>Links zu anderen Websites<\/strong><\/p><p>Diese Website kann Links oder Verweise zu Websites Dritter enthalten, die nicht der De\u2019Longhi Group angeh\u00f6ren. Diese Links oder Verweise zu anderen Websites dienen haupts\u00e4chlich zur Erh\u00f6hung der Benutzerfreundlichkeit dieser Website. Die De\u2019Longhi Group lehnt ausdr\u00fccklich jegliche Haftung f\u00fcr diese Websites und\/oder deren Inhalte ab.<\/p><p>Eine Haftung der De\u2019Longhi Group deren F\u00fchrungskr\u00e4fte und Mitarbeiter f\u00fcr Anspr\u00fcche, die aufgrund der direkten oder indirekten Nutzung von derart verlinkten oder sonst verwiesenen Websites Dritter oder deren Inhalte erfolgt sind, ist ausgeschlossen.<\/p><p><strong>Datenschutzerkl\u00e4rung<\/strong><\/p><p>Die De\u2019Longhi Group befolgt die jeweils anwendbaren Bestimmungen zum Datenschutz. Die vollst\u00e4ndige Datenschutzerkl\u00e4rung kann auf der Website unter der \u00dcberschrift \u201c<a href=\"https:\/\/www.delonghi.com\/de-at\/datenschutzerklarung\">Datenschutzerkl\u00e4rung<\/a>\u201d abgerufen werden.<\/p><p><strong>Anwendbares Recht<\/strong><\/p><p>F\u00fcr die Nutzung dieser Website in \u00d6sterreich gilt \u00f6sterreichisches Recht.<\/p><p>Gerichtsstand ist das f\u00fcr den ersten Wiener Gemeindebezirk sachlich zust\u00e4ndige Gericht.<\/p>\t\t\t\t\t\t\t\t<\/div>\n\t\t\t\t<\/div>\n\t\t\t\t\t<\/div>\n\t\t<\/div>\n\t\t\t\t\t<\/div>\n\t\t<\/section>\n\t\t\t\t<\/div>\n\t\t","protected":false},"excerpt":{"rendered":"<p>Nutzungsbedingungen Die De\u2019Longhi Group Website (nachfolgend als \u201cWebsite&#8221; bezeichnet) steht im Eigentum der De\u2019Longhi Appliances S.r.l. (Via L. Seitz 47, 31100 Treviso, Italien &#8211; Cap. Soc. Euro 200.000.000,00 i.v. \u2013\u2013 P. IVA IT 00698370962) und wird f\u00fcr \u00d6sterreich von der DE\u2019LONGHI-KENWOOD GMBH betrieben. Die nachstehenden Benutzungsbedingungen gelten f\u00fcr alle Benutzer dieser Website. Bitte lesen Sie [&hellip;]<\/p>\n","protected":false},"author":1085,"featured_media":0,"parent":0,"menu_order":0,"comment_status":"closed","ping_status":"closed","template":"","meta":{"_acf_changed":false,"footnotes":""},"class_list":["post-124124","page","type-page","status-publish","hentry"],"acf":[],"yoast_head":"<!-- This site is optimized with the Yoast SEO Premium plugin v24.5 (Yoast SEO v24.5) - https:\/\/yoast.com\/wordpress\/plugins\/seo\/ -->\n<title>Nutzungsbedingungen | Coffee Lounge De&#039;Longhi<\/title>\n<meta name=\"description\" content=\"Diese Informationen geben Ihnen einen \u00dcberblick \u00fcber die Verarbeitung Ihrer personenbezogenen Daten bei der Nutzung De&#039;Longhi Coffee Lounge.\" \/>\n<meta name=\"robots\" content=\"index, follow, max-snippet:-1, max-image-preview:large, max-video-preview:-1\" \/>\n<meta name=\"twitter:card\" content=\"summary_large_image\" \/>\n<meta name=\"twitter:title\" content=\"Nutzungsbedingungen | Coffee Lounge De&#039;Longhi\" \/>\n<meta name=\"twitter:description\" content=\"Diese Informationen geben Ihnen einen \u00dcberblick \u00fcber die Verarbeitung Ihrer personenbezogenen Daten bei der Nutzung De&#039;Longhi Coffee Lounge.\" \/>\n<script type=\"application\/ld+json\" class=\"yoast-schema-graph\">{\"@context\":\"https:\/\/schema.org\",\"@graph\":[{\"@type\":\"WebPage\",\"@id\":\"https:\/\/coffeelounge.delonghi.com\/de-at\/nutzungsbedingungen\/\",\"url\":\"https:\/\/coffeelounge.delonghi.com\/de-at\/nutzungsbedingungen\/\",\"name\":\"Nutzungsbedingungen | Coffee Lounge De&#039;Longhi\",\"isPartOf\":{\"@id\":\"https:\/\/coffeelounge.delonghi.com\/de-at\/#website\"},\"datePublished\":\"2021-05-31T06:27:52+00:00\",\"dateModified\":\"2022-03-23T09:30:47+00:00\",\"description\":\"Diese Informationen geben Ihnen einen \u00dcberblick \u00fcber die Verarbeitung Ihrer personenbezogenen Daten bei der Nutzung De'Longhi Coffee Lounge.\",\"breadcrumb\":{\"@id\":\"https:\/\/coffeelounge.delonghi.com\/de-at\/nutzungsbedingungen\/#breadcrumb\"},\"inLanguage\":\"de-at\",\"potentialAction\":[{\"@type\":\"ReadAction\",\"target\":[\"https:\/\/coffeelounge.delonghi.com\/de-at\/nutzungsbedingungen\/\"]}]},{\"@type\":\"BreadcrumbList\",\"@id\":\"https:\/\/coffeelounge.delonghi.com\/de-at\/nutzungsbedingungen\/#breadcrumb\",\"itemListElement\":[{\"@type\":\"ListItem\",\"position\":1,\"name\":\"Home\",\"item\":\"https:\/\/coffeelounge.delonghi.com\/de-at\/\"},{\"@type\":\"ListItem\",\"position\":2,\"name\":\"Nutzungsbedingungen\"}]},{\"@type\":\"WebSite\",\"@id\":\"https:\/\/coffeelounge.delonghi.com\/de-at\/#website\",\"url\":\"https:\/\/coffeelounge.delonghi.com\/de-at\/\",\"name\":\"De&#039;Longhi\",\"description\":\"Coffee Lounge\",\"publisher\":{\"@id\":\"https:\/\/coffeelounge.delonghi.com\/de-at\/#organization\"},\"potentialAction\":[{\"@type\":\"SearchAction\",\"target\":{\"@type\":\"EntryPoint\",\"urlTemplate\":\"https:\/\/coffeelounge.delonghi.com\/de-at\/?s={search_term_string}\"},\"query-input\":{\"@type\":\"PropertyValueSpecification\",\"valueRequired\":true,\"valueName\":\"search_term_string\"}}],\"inLanguage\":\"de-at\"},{\"@type\":\"Organization\",\"@id\":\"https:\/\/coffeelounge.delonghi.com\/de-at\/#organization\",\"name\":\"De'Longhi Coffee Lounge\",\"url\":\"https:\/\/coffeelounge.delonghi.com\/de-at\/\",\"logo\":{\"@type\":\"ImageObject\",\"inLanguage\":\"de-at\",\"@id\":\"https:\/\/coffeelounge.delonghi.com\/de-at\/#\/schema\/logo\/image\/\",\"url\":\"https:\/\/coffeelounge.delonghi.com\/wp-content\/uploads\/2020\/05\/delonghi-coffee-lounge-logo-nederland.png\",\"contentUrl\":\"https:\/\/coffeelounge.delonghi.com\/wp-content\/uploads\/2020\/05\/delonghi-coffee-lounge-logo-nederland.png\",\"width\":2337,\"height\":724,\"caption\":\"De'Longhi Coffee Lounge\"},\"image\":{\"@id\":\"https:\/\/coffeelounge.delonghi.com\/de-at\/#\/schema\/logo\/image\/\"}}]}<\/script>\n<!-- \/ Yoast SEO Premium plugin. -->","yoast_head_json":{"title":"Nutzungsbedingungen | Coffee Lounge De&#039;Longhi","description":"Diese Informationen geben Ihnen einen \u00dcberblick \u00fcber die Verarbeitung Ihrer personenbezogenen Daten bei der Nutzung De'Longhi Coffee Lounge.","robots":{"index":"index","follow":"follow","max-snippet":"max-snippet:-1","max-image-preview":"max-image-preview:large","max-video-preview":"max-video-preview:-1"},"twitter_card":"summary_large_image","twitter_title":"Nutzungsbedingungen | Coffee Lounge De&#039;Longhi","twitter_description":"Diese Informationen geben Ihnen einen \u00dcberblick \u00fcber die Verarbeitung Ihrer personenbezogenen Daten bei der Nutzung De'Longhi Coffee Lounge.","schema":{"@context":"https:\/\/schema.org","@graph":[{"@type":"WebPage","@id":"https:\/\/coffeelounge.delonghi.com\/de-at\/nutzungsbedingungen\/","url":"https:\/\/coffeelounge.delonghi.com\/de-at\/nutzungsbedingungen\/","name":"Nutzungsbedingungen | Coffee Lounge De&#039;Longhi","isPartOf":{"@id":"https:\/\/coffeelounge.delonghi.com\/de-at\/#website"},"datePublished":"2021-05-31T06:27:52+00:00","dateModified":"2022-03-23T09:30:47+00:00","description":"Diese Informationen geben Ihnen einen \u00dcberblick \u00fcber die Verarbeitung Ihrer personenbezogenen Daten bei der Nutzung De'Longhi Coffee Lounge.","breadcrumb":{"@id":"https:\/\/coffeelounge.delonghi.com\/de-at\/nutzungsbedingungen\/#breadcrumb"},"inLanguage":"de-at","potentialAction":[{"@type":"ReadAction","target":["https:\/\/coffeelounge.delonghi.com\/de-at\/nutzungsbedingungen\/"]}]},{"@type":"BreadcrumbList","@id":"https:\/\/coffeelounge.delonghi.com\/de-at\/nutzungsbedingungen\/#breadcrumb","itemListElement":[{"@type":"ListItem","position":1,"name":"Home","item":"https:\/\/coffeelounge.delonghi.com\/de-at\/"},{"@type":"ListItem","position":2,"name":"Nutzungsbedingungen"}]},{"@type":"WebSite","@id":"https:\/\/coffeelounge.delonghi.com\/de-at\/#website","url":"https:\/\/coffeelounge.delonghi.com\/de-at\/","name":"De&#039;Longhi","description":"Coffee Lounge","publisher":{"@id":"https:\/\/coffeelounge.delonghi.com\/de-at\/#organization"},"potentialAction":[{"@type":"SearchAction","target":{"@type":"EntryPoint","urlTemplate":"https:\/\/coffeelounge.delonghi.com\/de-at\/?s={search_term_string}"},"query-input":{"@type":"PropertyValueSpecification","valueRequired":true,"valueName":"search_term_string"}}],"inLanguage":"de-at"},{"@type":"Organization","@id":"https:\/\/coffeelounge.delonghi.com\/de-at\/#organization","name":"De'Longhi Coffee Lounge","url":"https:\/\/coffeelounge.delonghi.com\/de-at\/","logo":{"@type":"ImageObject","inLanguage":"de-at","@id":"https:\/\/coffeelounge.delonghi.com\/de-at\/#\/schema\/logo\/image\/","url":"https:\/\/coffeelounge.delonghi.com\/wp-content\/uploads\/2020\/05\/delonghi-coffee-lounge-logo-nederland.png","contentUrl":"https:\/\/coffeelounge.delonghi.com\/wp-content\/uploads\/2020\/05\/delonghi-coffee-lounge-logo-nederland.png","width":2337,"height":724,"caption":"De'Longhi Coffee Lounge"},"image":{"@id":"https:\/\/coffeelounge.delonghi.com\/de-at\/#\/schema\/logo\/image\/"}}]}},"_links":{"self":[{"href":"https:\/\/coffeelounge.delonghi.com\/de-at\/wp-json\/wp\/v2\/pages\/124124","targetHints":{"allow":["GET"]}}],"collection":[{"href":"https:\/\/coffeelounge.delonghi.com\/de-at\/wp-json\/wp\/v2\/pages"}],"about":[{"href":"https:\/\/coffeelounge.delonghi.com\/de-at\/wp-json\/wp\/v2\/types\/page"}],"author":[{"embeddable":true,"href":"https:\/\/coffeelounge.delonghi.com\/de-at\/wp-json\/wp\/v2\/users\/1085"}],"replies":[{"embeddable":true,"href":"https:\/\/coffeelounge.delonghi.com\/de-at\/wp-json\/wp\/v2\/comments?post=124124"}],"version-history":[{"count":0,"href":"https:\/\/coffeelounge.delonghi.com\/de-at\/wp-json\/wp\/v2\/pages\/124124\/revisions"}],"wp:attachment":[{"href":"https:\/\/coffeelounge.delonghi.com\/de-at\/wp-json\/wp\/v2\/media?parent=124124"}],"curies":[{"name":"wp","href":"https:\/\/api.w.org\/{rel}","templated":true}]}}